{"id":9667,"date":"2023-12-28T12:45:48","date_gmt":"2023-12-28T11:45:48","guid":{"rendered":"https:\/\/dev.brucjardi.com\/producto\/haie-artificielle-fougeres\/"},"modified":"2024-02-28T13:01:14","modified_gmt":"2024-02-28T12:01:14","slug":"haie-artificielle-fougeres","status":"publish","type":"product","link":"https:\/\/www.brucjardi.com\/fr\/producto\/haie-artificielle-fougeres\/","title":{"rendered":"Haie artificielle Foug\u00e8res"},"content":{"rendered":"<p>Le haie artificielle Foug\u00e8res est une option spectaculaire pour cr\u00e9er un magnifique jardin vertical avec une teinte verte claire et une apparence dense et touffue. Sa densit\u00e9 exceptionnelle offre une occultation de 100%, assurant ainsi l&rsquo;intimit\u00e9 dans les zones de votre jardin que vous souhaitez garder hors de vue. Cette haie est fabriqu\u00e9e en poly\u00e9thyl\u00e8ne de haute qualit\u00e9, garantissant durabilit\u00e9 et r\u00e9sistance, et son apparence naturelle est \u00e9tonnamment r\u00e9aliste.<\/p>\n<p>Cette belle haie d\u00e9corative n&rsquo;est pas seulement visuellement agr\u00e9able, mais aussi agr\u00e9able au toucher, offrant une exp\u00e9rience sensorielle compl\u00e8te. C&rsquo;est le choix parfait pour embellir votre jardin, vos espaces ext\u00e9rieurs ou toute autre zone de votre maison o\u00f9 vous recherchez une solution esth\u00e9tique et fonctionnelle.<\/p>\n<p>La haie Foug\u00e8res est con\u00e7ue pour \u00eatre une solution polyvalente et facile \u00e0 int\u00e9grer dans diff\u00e9rents environnements. Que ce soit pour embellir votre jardin, cr\u00e9er une barri\u00e8re visuelle sur votre terrasse ou am\u00e9liorer l&rsquo;apparence de zones sp\u00e9cifiques de votre maison, cette haie est un choix id\u00e9al. Sa qualit\u00e9 et sa durabilit\u00e9 garantissent qu&rsquo;elle conservera son attrait pendant longtemps, offrant une touche de nature sans les tracas de l&rsquo;entretien des plantes r\u00e9elles.<\/p>\n<p>En r\u00e9sum\u00e9, la haie artificielle Foug\u00e8res est une option attrayante et fonctionnelle pour ceux qui recherchent une solution de jardin vertical alliant intimit\u00e9, beaut\u00e9 naturelle et facilit\u00e9 d&rsquo;entretien. Avec cette haie, vous pouvez transformer vos espaces ext\u00e9rieurs et int\u00e9rieurs de mani\u00e8re \u00e9l\u00e9gante et sans tracas.<\/p>\n","protected":false},"excerpt":{"rendered":"<p>Jardin vertical spectaculaire d\u2019une belle couleur vert clair et d\u2019un aspect touffu. Sa densit\u00e9 est telle qu\u2019elle permet une dissimulation totale. Vous obtiendrez ainsi une certaine intimit\u00e9 dans les parties de votre jardin que vous ne souhaitez pas exposer. Il est fabriqu\u00e9 en poly\u00e9thyl\u00e8ne de haute qualit\u00e9 et pr\u00e9sente un incroyable aspect naturel. Agr\u00e9able \u00e0 l\u2019\u0153il et au toucher, cette belle haie d\u00e9corative est id\u00e9ale pour votre jardin, vos espaces ext\u00e9rieurs et tout espace de votre maison o\u00f9 vous en avez besoin.<\/p>\n<p><strong>Conditionnements disponibles:<\/strong><\/p>\n<p><img decoding=\"async\" class=\"alignnone size-full wp-image-3603 lazyload\" data-src=\"https:\/\/www.brucjardi.com\/wp-content\/uploads\/2023\/11\/unidad-55.png\" alt=\"\" width=\"55\" height=\"55\" src=\"data:image\/svg+xml;base64,PHN2ZyB3aWR0aD0iMSIgaGVpZ2h0PSIxIiB4bWxucz0iaHR0cDovL3d3dy53My5vcmcvMjAwMC9zdmciPjwvc3ZnPg==\" style=\"--smush-placeholder-width: 55px; --smush-placeholder-aspect-ratio: 55\/55;\" \/><\/p>\n<p>Unit\u00e9s<\/p>\n","protected":false},"featured_media":8012,"template":"","meta":{"_acf_changed":false},"product_brand":[],"product_cat":[315,314],"product_tag":[],"class_list":{"0":"post-9667","1":"product","2":"type-product","3":"status-publish","4":"has-post-thumbnail","6":"product_cat-cloture-plastique","7":"product_cat-haie-artificielle","9":"first","10":"instock","11":"shipping-taxable","12":"product-type-simple"},"acf":[],"yoast_head":"<!-- This site is optimized with the Yoast SEO plugin v27.6 - https:\/\/yoast.com\/product\/yoast-seo-wordpress\/ -->\n<title>Haie artificielle Foug\u00e8res - Bruc Jard\u00ed<\/title>\n<meta name=\"description\" content=\"La haie artificielle Foug\u00e8res de Bruc Jard\u00ed est un jardin vertical avec des tons verts clairs et une apparence dense. Avec une occultation de 100%.\" \/>\n<meta name=\"robots\" content=\"index, follow, max-snippet:-1, max-image-preview:large, max-video-preview:-1\" \/>\n<link rel=\"canonical\" href=\"https:\/\/www.brucjardi.com\/fr\/producto\/haie-artificielle-fougeres\/\" \/>\n<meta property=\"og:locale\" content=\"fr_FR\" \/>\n<meta property=\"og:type\" content=\"article\" \/>\n<meta property=\"og:title\" content=\"Haie artificielle Foug\u00e8res - Bruc Jard\u00ed\" \/>\n<meta property=\"og:description\" content=\"La haie artificielle Foug\u00e8res de Bruc Jard\u00ed est un jardin vertical avec des tons verts clairs et une apparence dense. Avec une occultation de 100%.\" \/>\n<meta property=\"og:url\" content=\"https:\/\/www.brucjardi.com\/fr\/producto\/haie-artificielle-fougeres\/\" \/>\n<meta property=\"og:site_name\" content=\"Bruc Jard\u00ed\" \/>\n<meta property=\"article:publisher\" content=\"https:\/\/www.facebook.com\/p\/Bruc-Jard-100064062129504\/?paipv=0&amp;eav=AfYBgNTLyCD_XE-2sHqF-2NhCAlhfUu6pU6jIP4Cig42OkIfyGuVIdQjWqlOtRoWBJs&amp;_rdr\" \/>\n<meta property=\"article:modified_time\" content=\"2024-02-28T12:01:14+00:00\" \/>\n<meta property=\"og:image\" content=\"https:\/\/www.brucjardi.com\/wp-content\/uploads\/2023\/12\/seto-decorativo-helecho-600x600-1.jpg\" \/>\n\t<meta property=\"og:image:width\" content=\"600\" \/>\n\t<meta property=\"og:image:height\" content=\"600\" \/>\n\t<meta property=\"og:image:type\" content=\"image\/jpeg\" \/>\n<meta name=\"twitter:card\" content=\"summary_large_image\" \/>\n<meta name=\"twitter:label1\" content=\"Dur\u00e9e de lecture estim\u00e9e\" \/>\n\t<meta name=\"twitter:data1\" content=\"2 minutes\" \/>\n<script type=\"application\/ld+json\" class=\"yoast-schema-graph\">{\"@context\":\"https:\\\/\\\/schema.org\",\"@graph\":[{\"@type\":\"WebPage\",\"@id\":\"https:\\\/\\\/www.brucjardi.com\\\/fr\\\/producto\\\/haie-artificielle-fougeres\\\/\",\"url\":\"https:\\\/\\\/www.brucjardi.com\\\/fr\\\/producto\\\/haie-artificielle-fougeres\\\/\",\"name\":\"Haie artificielle Foug\u00e8res - Bruc Jard\u00ed\",\"isPartOf\":{\"@id\":\"https:\\\/\\\/www.brucjardi.com\\\/fr\\\/#website\"},\"primaryImageOfPage\":{\"@id\":\"https:\\\/\\\/www.brucjardi.com\\\/fr\\\/producto\\\/haie-artificielle-fougeres\\\/#primaryimage\"},\"image\":{\"@id\":\"https:\\\/\\\/www.brucjardi.com\\\/fr\\\/producto\\\/haie-artificielle-fougeres\\\/#primaryimage\"},\"thumbnailUrl\":\"https:\\\/\\\/www.brucjardi.com\\\/wp-content\\\/uploads\\\/2023\\\/12\\\/seto-decorativo-helecho-600x600-1.jpg\",\"datePublished\":\"2023-12-28T11:45:48+00:00\",\"dateModified\":\"2024-02-28T12:01:14+00:00\",\"description\":\"La haie artificielle Foug\u00e8res de Bruc Jard\u00ed est un jardin vertical avec des tons verts clairs et une apparence dense. Avec une occultation de 100%.\",\"breadcrumb\":{\"@id\":\"https:\\\/\\\/www.brucjardi.com\\\/fr\\\/producto\\\/haie-artificielle-fougeres\\\/#breadcrumb\"},\"inLanguage\":\"fr-FR\",\"potentialAction\":[{\"@type\":\"ReadAction\",\"target\":[\"https:\\\/\\\/www.brucjardi.com\\\/fr\\\/producto\\\/haie-artificielle-fougeres\\\/\"]}]},{\"@type\":\"ImageObject\",\"inLanguage\":\"fr-FR\",\"@id\":\"https:\\\/\\\/www.brucjardi.com\\\/fr\\\/producto\\\/haie-artificielle-fougeres\\\/#primaryimage\",\"url\":\"https:\\\/\\\/www.brucjardi.com\\\/wp-content\\\/uploads\\\/2023\\\/12\\\/seto-decorativo-helecho-600x600-1.jpg\",\"contentUrl\":\"https:\\\/\\\/www.brucjardi.com\\\/wp-content\\\/uploads\\\/2023\\\/12\\\/seto-decorativo-helecho-600x600-1.jpg\",\"width\":600,\"height\":600,\"caption\":\"Haie artificielle Foug\u00e8res\"},{\"@type\":\"BreadcrumbList\",\"@id\":\"https:\\\/\\\/www.brucjardi.com\\\/fr\\\/producto\\\/haie-artificielle-fougeres\\\/#breadcrumb\",\"itemListElement\":[{\"@type\":\"ListItem\",\"position\":1,\"name\":\"Produits\",\"item\":\"https:\\\/\\\/www.brucjardi.com\\\/fr\\\/shop\\\/\"},{\"@type\":\"ListItem\",\"position\":2,\"name\":\"Haie artificielle Foug\u00e8res\"}]},{\"@type\":\"WebSite\",\"@id\":\"https:\\\/\\\/www.brucjardi.com\\\/fr\\\/#website\",\"url\":\"https:\\\/\\\/www.brucjardi.com\\\/fr\\\/\",\"name\":\"Bruc Jard\u00ed\",\"description\":\"\",\"publisher\":{\"@id\":\"https:\\\/\\\/www.brucjardi.com\\\/fr\\\/#organization\"},\"alternateName\":\"BJ\",\"potentialAction\":[{\"@type\":\"SearchAction\",\"target\":{\"@type\":\"EntryPoint\",\"urlTemplate\":\"https:\\\/\\\/www.brucjardi.com\\\/fr\\\/?s={search_term_string}\"},\"query-input\":{\"@type\":\"PropertyValueSpecification\",\"valueRequired\":true,\"valueName\":\"search_term_string\"}}],\"inLanguage\":\"fr-FR\"},{\"@type\":\"Organization\",\"@id\":\"https:\\\/\\\/www.brucjardi.com\\\/fr\\\/#organization\",\"name\":\"Bruc Jard\u00ed\",\"url\":\"https:\\\/\\\/www.brucjardi.com\\\/fr\\\/\",\"logo\":{\"@type\":\"ImageObject\",\"inLanguage\":\"fr-FR\",\"@id\":\"https:\\\/\\\/www.brucjardi.com\\\/fr\\\/#\\\/schema\\\/logo\\\/image\\\/\",\"url\":\"https:\\\/\\\/www.brucjardi.com\\\/wp-content\\\/uploads\\\/2023\\\/09\\\/logo-BJ.png\",\"contentUrl\":\"https:\\\/\\\/www.brucjardi.com\\\/wp-content\\\/uploads\\\/2023\\\/09\\\/logo-BJ.png\",\"width\":1713,\"height\":1548,\"caption\":\"Bruc Jard\u00ed\"},\"image\":{\"@id\":\"https:\\\/\\\/www.brucjardi.com\\\/fr\\\/#\\\/schema\\\/logo\\\/image\\\/\"},\"sameAs\":[\"https:\\\/\\\/www.facebook.com\\\/p\\\/Bruc-Jard-100064062129504\\\/?paipv=0&eav=AfYBgNTLyCD_XE-2sHqF-2NhCAlhfUu6pU6jIP4Cig42OkIfyGuVIdQjWqlOtRoWBJs&_rdr\",\"https:\\\/\\\/www.instagram.com\\\/brucjardi_oficial\\\/?hl=es\"]}]}<\/script>\n<!-- \/ Yoast SEO plugin. -->","yoast_head_json":{"title":"Haie artificielle Foug\u00e8res - Bruc Jard\u00ed","description":"La haie artificielle Foug\u00e8res de Bruc Jard\u00ed est un jardin vertical avec des tons verts clairs et une apparence dense. Avec une occultation de 100%.","robots":{"index":"index","follow":"follow","max-snippet":"max-snippet:-1","max-image-preview":"max-image-preview:large","max-video-preview":"max-video-preview:-1"},"canonical":"https:\/\/www.brucjardi.com\/fr\/producto\/haie-artificielle-fougeres\/","og_locale":"fr_FR","og_type":"article","og_title":"Haie artificielle Foug\u00e8res - Bruc Jard\u00ed","og_description":"La haie artificielle Foug\u00e8res de Bruc Jard\u00ed est un jardin vertical avec des tons verts clairs et une apparence dense. Avec une occultation de 100%.","og_url":"https:\/\/www.brucjardi.com\/fr\/producto\/haie-artificielle-fougeres\/","og_site_name":"Bruc Jard\u00ed","article_publisher":"https:\/\/www.facebook.com\/p\/Bruc-Jard-100064062129504\/?paipv=0&eav=AfYBgNTLyCD_XE-2sHqF-2NhCAlhfUu6pU6jIP4Cig42OkIfyGuVIdQjWqlOtRoWBJs&_rdr","article_modified_time":"2024-02-28T12:01:14+00:00","og_image":[{"width":600,"height":600,"url":"https:\/\/www.brucjardi.com\/wp-content\/uploads\/2023\/12\/seto-decorativo-helecho-600x600-1.jpg","type":"image\/jpeg"}],"twitter_card":"summary_large_image","twitter_misc":{"Dur\u00e9e de lecture estim\u00e9e":"2 minutes"},"schema":{"@context":"https:\/\/schema.org","@graph":[{"@type":"WebPage","@id":"https:\/\/www.brucjardi.com\/fr\/producto\/haie-artificielle-fougeres\/","url":"https:\/\/www.brucjardi.com\/fr\/producto\/haie-artificielle-fougeres\/","name":"Haie artificielle Foug\u00e8res - Bruc Jard\u00ed","isPartOf":{"@id":"https:\/\/www.brucjardi.com\/fr\/#website"},"primaryImageOfPage":{"@id":"https:\/\/www.brucjardi.com\/fr\/producto\/haie-artificielle-fougeres\/#primaryimage"},"image":{"@id":"https:\/\/www.brucjardi.com\/fr\/producto\/haie-artificielle-fougeres\/#primaryimage"},"thumbnailUrl":"https:\/\/www.brucjardi.com\/wp-content\/uploads\/2023\/12\/seto-decorativo-helecho-600x600-1.jpg","datePublished":"2023-12-28T11:45:48+00:00","dateModified":"2024-02-28T12:01:14+00:00","description":"La haie artificielle Foug\u00e8res de Bruc Jard\u00ed est un jardin vertical avec des tons verts clairs et une apparence dense. Avec une occultation de 100%.","breadcrumb":{"@id":"https:\/\/www.brucjardi.com\/fr\/producto\/haie-artificielle-fougeres\/#breadcrumb"},"inLanguage":"fr-FR","potentialAction":[{"@type":"ReadAction","target":["https:\/\/www.brucjardi.com\/fr\/producto\/haie-artificielle-fougeres\/"]}]},{"@type":"ImageObject","inLanguage":"fr-FR","@id":"https:\/\/www.brucjardi.com\/fr\/producto\/haie-artificielle-fougeres\/#primaryimage","url":"https:\/\/www.brucjardi.com\/wp-content\/uploads\/2023\/12\/seto-decorativo-helecho-600x600-1.jpg","contentUrl":"https:\/\/www.brucjardi.com\/wp-content\/uploads\/2023\/12\/seto-decorativo-helecho-600x600-1.jpg","width":600,"height":600,"caption":"Haie artificielle Foug\u00e8res"},{"@type":"BreadcrumbList","@id":"https:\/\/www.brucjardi.com\/fr\/producto\/haie-artificielle-fougeres\/#breadcrumb","itemListElement":[{"@type":"ListItem","position":1,"name":"Produits","item":"https:\/\/www.brucjardi.com\/fr\/shop\/"},{"@type":"ListItem","position":2,"name":"Haie artificielle Foug\u00e8res"}]},{"@type":"WebSite","@id":"https:\/\/www.brucjardi.com\/fr\/#website","url":"https:\/\/www.brucjardi.com\/fr\/","name":"Bruc Jard\u00ed","description":"","publisher":{"@id":"https:\/\/www.brucjardi.com\/fr\/#organization"},"alternateName":"BJ","potentialAction":[{"@type":"SearchAction","target":{"@type":"EntryPoint","urlTemplate":"https:\/\/www.brucjardi.com\/fr\/?s={search_term_string}"},"query-input":{"@type":"PropertyValueSpecification","valueRequired":true,"valueName":"search_term_string"}}],"inLanguage":"fr-FR"},{"@type":"Organization","@id":"https:\/\/www.brucjardi.com\/fr\/#organization","name":"Bruc Jard\u00ed","url":"https:\/\/www.brucjardi.com\/fr\/","logo":{"@type":"ImageObject","inLanguage":"fr-FR","@id":"https:\/\/www.brucjardi.com\/fr\/#\/schema\/logo\/image\/","url":"https:\/\/www.brucjardi.com\/wp-content\/uploads\/2023\/09\/logo-BJ.png","contentUrl":"https:\/\/www.brucjardi.com\/wp-content\/uploads\/2023\/09\/logo-BJ.png","width":1713,"height":1548,"caption":"Bruc Jard\u00ed"},"image":{"@id":"https:\/\/www.brucjardi.com\/fr\/#\/schema\/logo\/image\/"},"sameAs":["https:\/\/www.facebook.com\/p\/Bruc-Jard-100064062129504\/?paipv=0&eav=AfYBgNTLyCD_XE-2sHqF-2NhCAlhfUu6pU6jIP4Cig42OkIfyGuVIdQjWqlOtRoWBJs&_rdr","https:\/\/www.instagram.com\/brucjardi_oficial\/?hl=es"]}]}},"_links":{"self":[{"href":"https:\/\/www.brucjardi.com\/fr\/wp-json\/wp\/v2\/product\/9667","targetHints":{"allow":["GET"]}}],"collection":[{"href":"https:\/\/www.brucjardi.com\/fr\/wp-json\/wp\/v2\/product"}],"about":[{"href":"https:\/\/www.brucjardi.com\/fr\/wp-json\/wp\/v2\/types\/product"}],"wp:featuredmedia":[{"embeddable":true,"href":"https:\/\/www.brucjardi.com\/fr\/wp-json\/wp\/v2\/media\/8012"}],"wp:attachment":[{"href":"https:\/\/www.brucjardi.com\/fr\/wp-json\/wp\/v2\/media?parent=9667"}],"wp:term":[{"taxonomy":"product_brand","embeddable":true,"href":"https:\/\/www.brucjardi.com\/fr\/wp-json\/wp\/v2\/product_brand?post=9667"},{"taxonomy":"product_cat","embeddable":true,"href":"https:\/\/www.brucjardi.com\/fr\/wp-json\/wp\/v2\/product_cat?post=9667"},{"taxonomy":"product_tag","embeddable":true,"href":"https:\/\/www.brucjardi.com\/fr\/wp-json\/wp\/v2\/product_tag?post=9667"}],"curies":[{"name":"wp","href":"https:\/\/api.w.org\/{rel}","templated":true}]}}