{"id":9681,"date":"2023-12-27T13:53:52","date_gmt":"2023-12-27T12:53:52","guid":{"rendered":"https:\/\/dev.brucjardi.com\/producto\/ecorce-pin-decorative-extra\/"},"modified":"2025-05-20T15:25:45","modified_gmt":"2025-05-20T13:25:45","slug":"ecorce-pin-decorative-extra","status":"publish","type":"product","link":"https:\/\/www.brucjardi.com\/fr\/producto\/ecorce-pin-decorative-extra\/","title":{"rendered":"\u00c9corce pin d\u00e9corative extra"},"content":{"rendered":"<p>L&rsquo;\u00e9corce de pin d\u00e9corative extra offre une granulom\u00e9trie uniforme et une grande valeur d\u00e9corative, ce qui en fait un paillis efficace avec de multiples avantages pour le jardin. Son application contribue \u00e0 am\u00e9liorer l&rsquo;esth\u00e9tique des espaces ext\u00e9rieurs tout en offrant des avantages pratiques qui favorisent un environnement propice \u00e0 la croissance des plantes.<\/p>\n<p>L&rsquo;\u00e9corce pr\u00e9sente une granulom\u00e9trie uniforme, offrant une apparence esth\u00e9tique et ordonn\u00e9e dans le jardin.<\/p>\n<p>En plus de ses avantages pratiques, l&rsquo;\u00e9corce de pin ajoute une valeur d\u00e9corative \u00e0 l&rsquo;environnement, rehaussant la beaut\u00e9 visuelle des massifs de fleurs, des parterres et des zones am\u00e9nag\u00e9es.<\/p>\n<p>Agit comme un paillis efficace qui emp\u00eache la perte d&rsquo;eau en surface par \u00e9vaporation. Cela contribue \u00e0 conserver l&rsquo;humidit\u00e9 du sol, r\u00e9duisant la consommation d&rsquo;eau et favorisant un environnement plus durable.<\/p>\n<p>R\u00e9gule la temp\u00e9rature du sol, augmentant la temp\u00e9rature en hiver et la diminuant en \u00e9t\u00e9. Cette r\u00e9gulation thermique b\u00e9n\u00e9ficie aux racines des plantes, favorisant leur d\u00e9veloppement sain.<\/p>\n<p>\u00c9vite l&rsquo;incidence directe des rayons ultraviolets du soleil, prot\u00e9geant les compos\u00e9s organiques du sol contre d&rsquo;\u00e9ventuels dommages et pr\u00e9servant les processus de transformation biologique.<\/p>\n<p>R\u00e9duit l&rsquo;action du vent sur le sol, ce qui aide \u00e0 pr\u00e9venir le dess\u00e8chement rapide et maintient la stabilit\u00e9 du substrat.<\/p>\n<p>Limite la croissance des mauvaises herbes, offrant un environnement plus ordonn\u00e9 et facilitant l&rsquo;entretien du jardin.<\/p>\n<p>La d\u00e9composition graduelle de l&rsquo;\u00e9corce de pin contribue \u00e0 l&rsquo;enrichissement du sol en apportant de la mati\u00e8re organique pr\u00e9cieuse.<\/p>\n<p>L&rsquo;\u00e9corce de pin d\u00e9corative extra se pr\u00e9sente comme une option polyvalente et esth\u00e9tique pour am\u00e9liorer la sant\u00e9 et l&rsquo;apparence g\u00e9n\u00e9rale du jardin, offrant \u00e0 la fois des avantages pratiques et esth\u00e9tiques.<\/p>\n","protected":false},"excerpt":{"rendered":"<p>\u00c9corce de pin de granulom\u00e9trie uniforme avec une grande valeur d\u00e9corative et de tr\u00e8s bonnes performances en tant que paillage.<\/p>\n<p>\u2013 Emp\u00eache la perte d\u2019eau en surface par \u00e9vaporation, l\u2019humidit\u00e9 est mieux conserv\u00e9e et on r\u00e9duit la consommation d\u2019eau.<\/p>\n<p>\u2013 R\u00e9gule la temp\u00e9rature du sol; En hiver, la temp\u00e9rature augmente et en \u00e9t\u00e9, elle diminue.<\/p>\n<p>\u2013 \u00c9vite l\u2019incidence directe du rayonnement ultraviolet du soleil qui pourrait d\u00e9truire les compos\u00e9s organiques et affecter leurs processus de transformation.<\/p>\n<p>\u2013 R\u00e9duit l\u2019action du vent qui pourrait ass\u00e9cher le sol en peu de temps.<\/p>\n<p>\u2013 Limite la croissance des mauvaises herbes ind\u00e9sirables et leur d\u00e9composition enrichit le sol.<\/p>\n<p><strong>Conditionnements disponibles:<\/strong><\/p>\n<p><img decoding=\"async\" class=\"alignnone size-full wp-image-4210 lazyload\" data-src=\"https:\/\/www.brucjardi.com\/wp-content\/uploads\/2023\/12\/big-bag-55.png\" alt=\"\" width=\"55\" height=\"55\" src=\"data:image\/svg+xml;base64,PHN2ZyB3aWR0aD0iMSIgaGVpZ2h0PSIxIiB4bWxucz0iaHR0cDovL3d3dy53My5vcmcvMjAwMC9zdmciPjwvc3ZnPg==\" style=\"--smush-placeholder-width: 55px; --smush-placeholder-aspect-ratio: 55\/55;\" \/>\u00a0 \u00a0 \u00a0 <img decoding=\"async\" class=\"alignnone size-full wp-image-4211 lazyload\" data-src=\"https:\/\/www.brucjardi.com\/wp-content\/uploads\/2023\/12\/granel-55.png\" alt=\"\" width=\"55\" height=\"55\" src=\"data:image\/svg+xml;base64,PHN2ZyB3aWR0aD0iMSIgaGVpZ2h0PSIxIiB4bWxucz0iaHR0cDovL3d3dy53My5vcmcvMjAwMC9zdmciPjwvc3ZnPg==\" style=\"--smush-placeholder-width: 55px; --smush-placeholder-aspect-ratio: 55\/55;\" \/><\/p>\n<p>Big Bag\u00a0 \u00a0 \u00a0En vrac<\/p>\n","protected":false},"featured_media":7896,"template":"","meta":{"_acf_changed":false},"product_brand":[],"product_cat":[326,322],"product_tag":[],"class_list":{"0":"post-9681","1":"product","2":"type-product","3":"status-publish","4":"has-post-thumbnail","6":"product_cat-ecorce-pin-decorative","7":"product_cat-paillages","9":"first","10":"instock","11":"shipping-taxable","12":"product-type-simple"},"acf":[],"yoast_head":"<!-- This site is optimized with the Yoast SEO plugin v27.6 - https:\/\/yoast.com\/product\/yoast-seo-wordpress\/ -->\n<title>\u00c9corce pin d\u00e9corative extra - Bruc Jard\u00ed<\/title>\n<meta name=\"description\" content=\"L&#039;\u00e9corce de pin d\u00e9corative extra de Bruc Jard\u00ed se caract\u00e9rise par sa granulom\u00e9trie uniforme, sa grande valeur d\u00e9corative et sa bonne performance en tant que paillis.\" \/>\n<meta name=\"robots\" content=\"index, follow, max-snippet:-1, max-image-preview:large, max-video-preview:-1\" \/>\n<link rel=\"canonical\" href=\"https:\/\/www.brucjardi.com\/fr\/producto\/ecorce-pin-decorative-extra\/\" \/>\n<meta property=\"og:locale\" content=\"fr_FR\" \/>\n<meta property=\"og:type\" content=\"article\" \/>\n<meta property=\"og:title\" content=\"\u00c9corce pin d\u00e9corative extra - Bruc Jard\u00ed\" \/>\n<meta property=\"og:description\" content=\"L&#039;\u00e9corce de pin d\u00e9corative extra de Bruc Jard\u00ed se caract\u00e9rise par sa granulom\u00e9trie uniforme, sa grande valeur d\u00e9corative et sa bonne performance en tant que paillis.\" \/>\n<meta property=\"og:url\" content=\"https:\/\/www.brucjardi.com\/fr\/producto\/ecorce-pin-decorative-extra\/\" \/>\n<meta property=\"og:site_name\" content=\"Bruc Jard\u00ed\" \/>\n<meta property=\"article:publisher\" content=\"https:\/\/www.facebook.com\/p\/Bruc-Jard-100064062129504\/?paipv=0&amp;eav=AfYBgNTLyCD_XE-2sHqF-2NhCAlhfUu6pU6jIP4Cig42OkIfyGuVIdQjWqlOtRoWBJs&amp;_rdr\" \/>\n<meta property=\"article:modified_time\" content=\"2025-05-20T13:25:45+00:00\" \/>\n<meta property=\"og:image\" content=\"https:\/\/www.brucjardi.com\/wp-content\/uploads\/2023\/12\/Corteza-de-pino-decorativa-extra-600x600-1.jpg\" \/>\n\t<meta property=\"og:image:width\" content=\"600\" \/>\n\t<meta property=\"og:image:height\" content=\"600\" \/>\n\t<meta property=\"og:image:type\" content=\"image\/jpeg\" \/>\n<meta name=\"twitter:card\" content=\"summary_large_image\" \/>\n<meta name=\"twitter:label1\" content=\"Dur\u00e9e de lecture estim\u00e9e\" \/>\n\t<meta name=\"twitter:data1\" content=\"2 minutes\" \/>\n<script type=\"application\/ld+json\" class=\"yoast-schema-graph\">{\"@context\":\"https:\\\/\\\/schema.org\",\"@graph\":[{\"@type\":\"WebPage\",\"@id\":\"https:\\\/\\\/www.brucjardi.com\\\/fr\\\/producto\\\/ecorce-pin-decorative-extra\\\/\",\"url\":\"https:\\\/\\\/www.brucjardi.com\\\/fr\\\/producto\\\/ecorce-pin-decorative-extra\\\/\",\"name\":\"\u00c9corce pin d\u00e9corative extra - Bruc Jard\u00ed\",\"isPartOf\":{\"@id\":\"https:\\\/\\\/www.brucjardi.com\\\/fr\\\/#website\"},\"primaryImageOfPage\":{\"@id\":\"https:\\\/\\\/www.brucjardi.com\\\/fr\\\/producto\\\/ecorce-pin-decorative-extra\\\/#primaryimage\"},\"image\":{\"@id\":\"https:\\\/\\\/www.brucjardi.com\\\/fr\\\/producto\\\/ecorce-pin-decorative-extra\\\/#primaryimage\"},\"thumbnailUrl\":\"https:\\\/\\\/www.brucjardi.com\\\/wp-content\\\/uploads\\\/2023\\\/12\\\/Corteza-de-pino-decorativa-extra-600x600-1.jpg\",\"datePublished\":\"2023-12-27T12:53:52+00:00\",\"dateModified\":\"2025-05-20T13:25:45+00:00\",\"description\":\"L'\u00e9corce de pin d\u00e9corative extra de Bruc Jard\u00ed se caract\u00e9rise par sa granulom\u00e9trie uniforme, sa grande valeur d\u00e9corative et sa bonne performance en tant que paillis.\",\"breadcrumb\":{\"@id\":\"https:\\\/\\\/www.brucjardi.com\\\/fr\\\/producto\\\/ecorce-pin-decorative-extra\\\/#breadcrumb\"},\"inLanguage\":\"fr-FR\",\"potentialAction\":[{\"@type\":\"ReadAction\",\"target\":[\"https:\\\/\\\/www.brucjardi.com\\\/fr\\\/producto\\\/ecorce-pin-decorative-extra\\\/\"]}]},{\"@type\":\"ImageObject\",\"inLanguage\":\"fr-FR\",\"@id\":\"https:\\\/\\\/www.brucjardi.com\\\/fr\\\/producto\\\/ecorce-pin-decorative-extra\\\/#primaryimage\",\"url\":\"https:\\\/\\\/www.brucjardi.com\\\/wp-content\\\/uploads\\\/2023\\\/12\\\/Corteza-de-pino-decorativa-extra-600x600-1.jpg\",\"contentUrl\":\"https:\\\/\\\/www.brucjardi.com\\\/wp-content\\\/uploads\\\/2023\\\/12\\\/Corteza-de-pino-decorativa-extra-600x600-1.jpg\",\"width\":600,\"height\":600,\"caption\":\"\u00c9corce pin d\u00e9corative extra\"},{\"@type\":\"BreadcrumbList\",\"@id\":\"https:\\\/\\\/www.brucjardi.com\\\/fr\\\/producto\\\/ecorce-pin-decorative-extra\\\/#breadcrumb\",\"itemListElement\":[{\"@type\":\"ListItem\",\"position\":1,\"name\":\"Produits\",\"item\":\"https:\\\/\\\/www.brucjardi.com\\\/fr\\\/shop\\\/\"},{\"@type\":\"ListItem\",\"position\":2,\"name\":\"\u00c9corce pin d\u00e9corative extra\"}]},{\"@type\":\"WebSite\",\"@id\":\"https:\\\/\\\/www.brucjardi.com\\\/fr\\\/#website\",\"url\":\"https:\\\/\\\/www.brucjardi.com\\\/fr\\\/\",\"name\":\"Bruc Jard\u00ed\",\"description\":\"\",\"publisher\":{\"@id\":\"https:\\\/\\\/www.brucjardi.com\\\/fr\\\/#organization\"},\"alternateName\":\"BJ\",\"potentialAction\":[{\"@type\":\"SearchAction\",\"target\":{\"@type\":\"EntryPoint\",\"urlTemplate\":\"https:\\\/\\\/www.brucjardi.com\\\/fr\\\/?s={search_term_string}\"},\"query-input\":{\"@type\":\"PropertyValueSpecification\",\"valueRequired\":true,\"valueName\":\"search_term_string\"}}],\"inLanguage\":\"fr-FR\"},{\"@type\":\"Organization\",\"@id\":\"https:\\\/\\\/www.brucjardi.com\\\/fr\\\/#organization\",\"name\":\"Bruc Jard\u00ed\",\"url\":\"https:\\\/\\\/www.brucjardi.com\\\/fr\\\/\",\"logo\":{\"@type\":\"ImageObject\",\"inLanguage\":\"fr-FR\",\"@id\":\"https:\\\/\\\/www.brucjardi.com\\\/fr\\\/#\\\/schema\\\/logo\\\/image\\\/\",\"url\":\"https:\\\/\\\/www.brucjardi.com\\\/wp-content\\\/uploads\\\/2023\\\/09\\\/logo-BJ.png\",\"contentUrl\":\"https:\\\/\\\/www.brucjardi.com\\\/wp-content\\\/uploads\\\/2023\\\/09\\\/logo-BJ.png\",\"width\":1713,\"height\":1548,\"caption\":\"Bruc Jard\u00ed\"},\"image\":{\"@id\":\"https:\\\/\\\/www.brucjardi.com\\\/fr\\\/#\\\/schema\\\/logo\\\/image\\\/\"},\"sameAs\":[\"https:\\\/\\\/www.facebook.com\\\/p\\\/Bruc-Jard-100064062129504\\\/?paipv=0&eav=AfYBgNTLyCD_XE-2sHqF-2NhCAlhfUu6pU6jIP4Cig42OkIfyGuVIdQjWqlOtRoWBJs&_rdr\",\"https:\\\/\\\/www.instagram.com\\\/brucjardi_oficial\\\/?hl=es\"]}]}<\/script>\n<!-- \/ Yoast SEO plugin. -->","yoast_head_json":{"title":"\u00c9corce pin d\u00e9corative extra - Bruc Jard\u00ed","description":"L'\u00e9corce de pin d\u00e9corative extra de Bruc Jard\u00ed se caract\u00e9rise par sa granulom\u00e9trie uniforme, sa grande valeur d\u00e9corative et sa bonne performance en tant que paillis.","robots":{"index":"index","follow":"follow","max-snippet":"max-snippet:-1","max-image-preview":"max-image-preview:large","max-video-preview":"max-video-preview:-1"},"canonical":"https:\/\/www.brucjardi.com\/fr\/producto\/ecorce-pin-decorative-extra\/","og_locale":"fr_FR","og_type":"article","og_title":"\u00c9corce pin d\u00e9corative extra - Bruc Jard\u00ed","og_description":"L'\u00e9corce de pin d\u00e9corative extra de Bruc Jard\u00ed se caract\u00e9rise par sa granulom\u00e9trie uniforme, sa grande valeur d\u00e9corative et sa bonne performance en tant que paillis.","og_url":"https:\/\/www.brucjardi.com\/fr\/producto\/ecorce-pin-decorative-extra\/","og_site_name":"Bruc Jard\u00ed","article_publisher":"https:\/\/www.facebook.com\/p\/Bruc-Jard-100064062129504\/?paipv=0&eav=AfYBgNTLyCD_XE-2sHqF-2NhCAlhfUu6pU6jIP4Cig42OkIfyGuVIdQjWqlOtRoWBJs&_rdr","article_modified_time":"2025-05-20T13:25:45+00:00","og_image":[{"width":600,"height":600,"url":"https:\/\/www.brucjardi.com\/wp-content\/uploads\/2023\/12\/Corteza-de-pino-decorativa-extra-600x600-1.jpg","type":"image\/jpeg"}],"twitter_card":"summary_large_image","twitter_misc":{"Dur\u00e9e de lecture estim\u00e9e":"2 minutes"},"schema":{"@context":"https:\/\/schema.org","@graph":[{"@type":"WebPage","@id":"https:\/\/www.brucjardi.com\/fr\/producto\/ecorce-pin-decorative-extra\/","url":"https:\/\/www.brucjardi.com\/fr\/producto\/ecorce-pin-decorative-extra\/","name":"\u00c9corce pin d\u00e9corative extra - Bruc Jard\u00ed","isPartOf":{"@id":"https:\/\/www.brucjardi.com\/fr\/#website"},"primaryImageOfPage":{"@id":"https:\/\/www.brucjardi.com\/fr\/producto\/ecorce-pin-decorative-extra\/#primaryimage"},"image":{"@id":"https:\/\/www.brucjardi.com\/fr\/producto\/ecorce-pin-decorative-extra\/#primaryimage"},"thumbnailUrl":"https:\/\/www.brucjardi.com\/wp-content\/uploads\/2023\/12\/Corteza-de-pino-decorativa-extra-600x600-1.jpg","datePublished":"2023-12-27T12:53:52+00:00","dateModified":"2025-05-20T13:25:45+00:00","description":"L'\u00e9corce de pin d\u00e9corative extra de Bruc Jard\u00ed se caract\u00e9rise par sa granulom\u00e9trie uniforme, sa grande valeur d\u00e9corative et sa bonne performance en tant que paillis.","breadcrumb":{"@id":"https:\/\/www.brucjardi.com\/fr\/producto\/ecorce-pin-decorative-extra\/#breadcrumb"},"inLanguage":"fr-FR","potentialAction":[{"@type":"ReadAction","target":["https:\/\/www.brucjardi.com\/fr\/producto\/ecorce-pin-decorative-extra\/"]}]},{"@type":"ImageObject","inLanguage":"fr-FR","@id":"https:\/\/www.brucjardi.com\/fr\/producto\/ecorce-pin-decorative-extra\/#primaryimage","url":"https:\/\/www.brucjardi.com\/wp-content\/uploads\/2023\/12\/Corteza-de-pino-decorativa-extra-600x600-1.jpg","contentUrl":"https:\/\/www.brucjardi.com\/wp-content\/uploads\/2023\/12\/Corteza-de-pino-decorativa-extra-600x600-1.jpg","width":600,"height":600,"caption":"\u00c9corce pin d\u00e9corative extra"},{"@type":"BreadcrumbList","@id":"https:\/\/www.brucjardi.com\/fr\/producto\/ecorce-pin-decorative-extra\/#breadcrumb","itemListElement":[{"@type":"ListItem","position":1,"name":"Produits","item":"https:\/\/www.brucjardi.com\/fr\/shop\/"},{"@type":"ListItem","position":2,"name":"\u00c9corce pin d\u00e9corative extra"}]},{"@type":"WebSite","@id":"https:\/\/www.brucjardi.com\/fr\/#website","url":"https:\/\/www.brucjardi.com\/fr\/","name":"Bruc Jard\u00ed","description":"","publisher":{"@id":"https:\/\/www.brucjardi.com\/fr\/#organization"},"alternateName":"BJ","potentialAction":[{"@type":"SearchAction","target":{"@type":"EntryPoint","urlTemplate":"https:\/\/www.brucjardi.com\/fr\/?s={search_term_string}"},"query-input":{"@type":"PropertyValueSpecification","valueRequired":true,"valueName":"search_term_string"}}],"inLanguage":"fr-FR"},{"@type":"Organization","@id":"https:\/\/www.brucjardi.com\/fr\/#organization","name":"Bruc Jard\u00ed","url":"https:\/\/www.brucjardi.com\/fr\/","logo":{"@type":"ImageObject","inLanguage":"fr-FR","@id":"https:\/\/www.brucjardi.com\/fr\/#\/schema\/logo\/image\/","url":"https:\/\/www.brucjardi.com\/wp-content\/uploads\/2023\/09\/logo-BJ.png","contentUrl":"https:\/\/www.brucjardi.com\/wp-content\/uploads\/2023\/09\/logo-BJ.png","width":1713,"height":1548,"caption":"Bruc Jard\u00ed"},"image":{"@id":"https:\/\/www.brucjardi.com\/fr\/#\/schema\/logo\/image\/"},"sameAs":["https:\/\/www.facebook.com\/p\/Bruc-Jard-100064062129504\/?paipv=0&eav=AfYBgNTLyCD_XE-2sHqF-2NhCAlhfUu6pU6jIP4Cig42OkIfyGuVIdQjWqlOtRoWBJs&_rdr","https:\/\/www.instagram.com\/brucjardi_oficial\/?hl=es"]}]}},"_links":{"self":[{"href":"https:\/\/www.brucjardi.com\/fr\/wp-json\/wp\/v2\/product\/9681","targetHints":{"allow":["GET"]}}],"collection":[{"href":"https:\/\/www.brucjardi.com\/fr\/wp-json\/wp\/v2\/product"}],"about":[{"href":"https:\/\/www.brucjardi.com\/fr\/wp-json\/wp\/v2\/types\/product"}],"wp:featuredmedia":[{"embeddable":true,"href":"https:\/\/www.brucjardi.com\/fr\/wp-json\/wp\/v2\/media\/7896"}],"wp:attachment":[{"href":"https:\/\/www.brucjardi.com\/fr\/wp-json\/wp\/v2\/media?parent=9681"}],"wp:term":[{"taxonomy":"product_brand","embeddable":true,"href":"https:\/\/www.brucjardi.com\/fr\/wp-json\/wp\/v2\/product_brand?post=9681"},{"taxonomy":"product_cat","embeddable":true,"href":"https:\/\/www.brucjardi.com\/fr\/wp-json\/wp\/v2\/product_cat?post=9681"},{"taxonomy":"product_tag","embeddable":true,"href":"https:\/\/www.brucjardi.com\/fr\/wp-json\/wp\/v2\/product_tag?post=9681"}],"curies":[{"name":"wp","href":"https:\/\/api.w.org\/{rel}","templated":true}]}}