{"id":9724,"date":"2024-01-02T14:09:37","date_gmt":"2024-01-02T13:09:37","guid":{"rendered":"https:\/\/dev.brucjardi.com\/producto\/plaque-stabilisatrice-nid-dabeille\/"},"modified":"2024-04-05T08:23:56","modified_gmt":"2024-04-05T06:23:56","slug":"plaque-stabilisatrice-nid-dabeille","status":"publish","type":"product","link":"https:\/\/www.brucjardi.com\/fr\/producto\/plaque-stabilisatrice-nid-dabeille\/","title":{"rendered":"Plaque stabilisatrice nid d&rsquo;abeille"},"content":{"rendered":"<p>La plaque stabilisatrice nid d&rsquo;abeille de Bruc Jard\u00ed est un produit con\u00e7u avec une structure en forme de panneau qui facilite sa manipulation et offre des r\u00e9sultats impeccables aussi bien dans les zones avec gravier que dans celles avec de l&rsquo;herbe naturelle.<\/p>\n<p>La plaque a une structure en forme de panneau, ce qui la rend facile \u00e0 manipuler et \u00e0 installer dans diverses zones de jardins et espaces ext\u00e9rieurs.<\/p>\n<p>Cette plaque est polyvalente et peut \u00eatre utilis\u00e9e aussi bien dans les zones avec du gravier que dans celles o\u00f9 l&rsquo;on souhaite \u00e9tablir de l&rsquo;herbe naturelle. Elle offre une base solide et uniforme.<\/p>\n<p>Gr\u00e2ce \u00e0 sa conception en panneau, la plaque peut \u00eatre manipul\u00e9e facilement, facilitant ainsi son installation sur diff\u00e9rents types de terrains.<\/p>\n<p>Elle offre des r\u00e9sultats finaux impeccables, en fournissant une surface uniforme et esth\u00e9tique aussi bien pour les zones recouvertes de gravier que pour celles destin\u00e9es \u00e0 l&rsquo;herbe naturelle.<\/p>\n<p>Elle est id\u00e9ale pour une utilisation dans des projets de jardinage o\u00f9 l&rsquo;on recherche une solution durable et esth\u00e9tiquement attrayante pour d\u00e9limiter les zones de gravier ou installer de l&rsquo;herbe naturelle.<\/p>\n<p>Sa conception peut \u00e9galement contribuer \u00e0 un bon drainage, ce qui est important dans les zones o\u00f9 l&rsquo;on utilise du gravier et de l&rsquo;herbe naturelle.<\/p>\n<p>Elle est con\u00e7ue pour \u00eatre durable et r\u00e9sistante, fournissant une base solide pour diff\u00e9rentes applications dans le jardin.<\/p>\n<p>En utilisant la plaque stabilisatrice stabilisatrice nid d&rsquo;abeille dans des projets d&rsquo;am\u00e9nagement paysager, on peut obtenir une solution efficace pour les zones avec gravier et herbe naturelle, contribuant ainsi \u00e0 l&rsquo;esth\u00e9tique et \u00e0 la fonctionnalit\u00e9 de l&rsquo;espace ext\u00e9rieur.<\/p>\n","protected":false},"excerpt":{"rendered":"<p>Cette plaque stabilisatrice est dot\u00e9e d\u2019une structure en nid d\u2019abeille qui est tr\u00e8s facile \u00e0 manipuler et donne un r\u00e9sultat final impeccable, tant sur le gravier que sur le gazon naturel.<br \/>\nElle est compos\u00e9e de pointes fixes pour une pose sur sol meuble (hauteur avec pointes : 64 mm). Il est recommand\u00e9 d\u2019utiliser des granulats d\u2019une granulom\u00e9trie maximale de 9 mm. Elle a une r\u00e9sistance de 400 tonnes par m2.<\/p>\n","protected":false},"featured_media":12567,"template":"","meta":{"_acf_changed":false},"product_brand":[],"product_cat":[347],"product_tag":[],"class_list":{"0":"post-9724","1":"product","2":"type-product","3":"status-publish","4":"has-post-thumbnail","6":"product_cat-plaque-stabilisatrice","8":"first","9":"instock","10":"shipping-taxable","11":"product-type-simple"},"acf":[],"yoast_head":"<!-- This site is optimized with the Yoast SEO plugin v27.6 - https:\/\/yoast.com\/product\/yoast-seo-wordpress\/ -->\n<title>Plaque stabilisatrice nid d&#039;abeille - Bruc Jard\u00ed<\/title>\n<meta name=\"description\" content=\"La plaque stabilisatrice nid d&#039;abeille a une structure en forme de panneau tr\u00e8s facile \u00e0 manipuler et qui offre un r\u00e9sultat final impeccable.\" \/>\n<meta name=\"robots\" content=\"index, follow, max-snippet:-1, max-image-preview:large, max-video-preview:-1\" \/>\n<link rel=\"canonical\" href=\"https:\/\/www.brucjardi.com\/fr\/producto\/plaque-stabilisatrice-nid-dabeille\/\" \/>\n<meta property=\"og:locale\" content=\"fr_FR\" \/>\n<meta property=\"og:type\" content=\"article\" \/>\n<meta property=\"og:title\" content=\"Plaque stabilisatrice nid d&#039;abeille - Bruc Jard\u00ed\" \/>\n<meta property=\"og:description\" content=\"La plaque stabilisatrice nid d&#039;abeille a une structure en forme de panneau tr\u00e8s facile \u00e0 manipuler et qui offre un r\u00e9sultat final impeccable.\" \/>\n<meta property=\"og:url\" content=\"https:\/\/www.brucjardi.com\/fr\/producto\/plaque-stabilisatrice-nid-dabeille\/\" \/>\n<meta property=\"og:site_name\" content=\"Bruc Jard\u00ed\" \/>\n<meta property=\"article:publisher\" content=\"https:\/\/www.facebook.com\/p\/Bruc-Jard-100064062129504\/?paipv=0&amp;eav=AfYBgNTLyCD_XE-2sHqF-2NhCAlhfUu6pU6jIP4Cig42OkIfyGuVIdQjWqlOtRoWBJs&amp;_rdr\" \/>\n<meta property=\"article:modified_time\" content=\"2024-04-05T06:23:56+00:00\" \/>\n<meta property=\"og:image\" content=\"https:\/\/i0.wp.com\/www.brucjardi.com\/wp-content\/uploads\/2024\/04\/placaestabilizadgravgrass.jpg?fit=600%2C600&ssl=1\" \/>\n\t<meta property=\"og:image:width\" content=\"600\" \/>\n\t<meta property=\"og:image:height\" content=\"600\" \/>\n\t<meta property=\"og:image:type\" content=\"image\/jpeg\" \/>\n<meta name=\"twitter:card\" content=\"summary_large_image\" \/>\n<meta name=\"twitter:label1\" content=\"Dur\u00e9e de lecture estim\u00e9e\" \/>\n\t<meta name=\"twitter:data1\" content=\"2 minutes\" \/>\n<script type=\"application\/ld+json\" class=\"yoast-schema-graph\">{\"@context\":\"https:\\\/\\\/schema.org\",\"@graph\":[{\"@type\":\"WebPage\",\"@id\":\"https:\\\/\\\/www.brucjardi.com\\\/fr\\\/producto\\\/plaque-stabilisatrice-nid-dabeille\\\/\",\"url\":\"https:\\\/\\\/www.brucjardi.com\\\/fr\\\/producto\\\/plaque-stabilisatrice-nid-dabeille\\\/\",\"name\":\"Plaque stabilisatrice nid d'abeille - Bruc Jard\u00ed\",\"isPartOf\":{\"@id\":\"https:\\\/\\\/www.brucjardi.com\\\/fr\\\/#website\"},\"primaryImageOfPage\":{\"@id\":\"https:\\\/\\\/www.brucjardi.com\\\/fr\\\/producto\\\/plaque-stabilisatrice-nid-dabeille\\\/#primaryimage\"},\"image\":{\"@id\":\"https:\\\/\\\/www.brucjardi.com\\\/fr\\\/producto\\\/plaque-stabilisatrice-nid-dabeille\\\/#primaryimage\"},\"thumbnailUrl\":\"https:\\\/\\\/www.brucjardi.com\\\/wp-content\\\/uploads\\\/2024\\\/04\\\/placaestabilizadgravgrass.jpg\",\"datePublished\":\"2024-01-02T13:09:37+00:00\",\"dateModified\":\"2024-04-05T06:23:56+00:00\",\"description\":\"La plaque stabilisatrice nid d'abeille a une structure en forme de panneau tr\u00e8s facile \u00e0 manipuler et qui offre un r\u00e9sultat final impeccable.\",\"breadcrumb\":{\"@id\":\"https:\\\/\\\/www.brucjardi.com\\\/fr\\\/producto\\\/plaque-stabilisatrice-nid-dabeille\\\/#breadcrumb\"},\"inLanguage\":\"fr-FR\",\"potentialAction\":[{\"@type\":\"ReadAction\",\"target\":[\"https:\\\/\\\/www.brucjardi.com\\\/fr\\\/producto\\\/plaque-stabilisatrice-nid-dabeille\\\/\"]}]},{\"@type\":\"ImageObject\",\"inLanguage\":\"fr-FR\",\"@id\":\"https:\\\/\\\/www.brucjardi.com\\\/fr\\\/producto\\\/plaque-stabilisatrice-nid-dabeille\\\/#primaryimage\",\"url\":\"https:\\\/\\\/www.brucjardi.com\\\/wp-content\\\/uploads\\\/2024\\\/04\\\/placaestabilizadgravgrass.jpg\",\"contentUrl\":\"https:\\\/\\\/www.brucjardi.com\\\/wp-content\\\/uploads\\\/2024\\\/04\\\/placaestabilizadgravgrass.jpg\",\"width\":600,\"height\":600,\"caption\":\"Placa estabilizadora grav\\\/grass\"},{\"@type\":\"BreadcrumbList\",\"@id\":\"https:\\\/\\\/www.brucjardi.com\\\/fr\\\/producto\\\/plaque-stabilisatrice-nid-dabeille\\\/#breadcrumb\",\"itemListElement\":[{\"@type\":\"ListItem\",\"position\":1,\"name\":\"Produits\",\"item\":\"https:\\\/\\\/www.brucjardi.com\\\/fr\\\/shop\\\/\"},{\"@type\":\"ListItem\",\"position\":2,\"name\":\"Plaque stabilisatrice nid d&rsquo;abeille\"}]},{\"@type\":\"WebSite\",\"@id\":\"https:\\\/\\\/www.brucjardi.com\\\/fr\\\/#website\",\"url\":\"https:\\\/\\\/www.brucjardi.com\\\/fr\\\/\",\"name\":\"Bruc Jard\u00ed\",\"description\":\"\",\"publisher\":{\"@id\":\"https:\\\/\\\/www.brucjardi.com\\\/fr\\\/#organization\"},\"alternateName\":\"BJ\",\"potentialAction\":[{\"@type\":\"SearchAction\",\"target\":{\"@type\":\"EntryPoint\",\"urlTemplate\":\"https:\\\/\\\/www.brucjardi.com\\\/fr\\\/?s={search_term_string}\"},\"query-input\":{\"@type\":\"PropertyValueSpecification\",\"valueRequired\":true,\"valueName\":\"search_term_string\"}}],\"inLanguage\":\"fr-FR\"},{\"@type\":\"Organization\",\"@id\":\"https:\\\/\\\/www.brucjardi.com\\\/fr\\\/#organization\",\"name\":\"Bruc Jard\u00ed\",\"url\":\"https:\\\/\\\/www.brucjardi.com\\\/fr\\\/\",\"logo\":{\"@type\":\"ImageObject\",\"inLanguage\":\"fr-FR\",\"@id\":\"https:\\\/\\\/www.brucjardi.com\\\/fr\\\/#\\\/schema\\\/logo\\\/image\\\/\",\"url\":\"https:\\\/\\\/www.brucjardi.com\\\/wp-content\\\/uploads\\\/2023\\\/09\\\/logo-BJ.png\",\"contentUrl\":\"https:\\\/\\\/www.brucjardi.com\\\/wp-content\\\/uploads\\\/2023\\\/09\\\/logo-BJ.png\",\"width\":1713,\"height\":1548,\"caption\":\"Bruc Jard\u00ed\"},\"image\":{\"@id\":\"https:\\\/\\\/www.brucjardi.com\\\/fr\\\/#\\\/schema\\\/logo\\\/image\\\/\"},\"sameAs\":[\"https:\\\/\\\/www.facebook.com\\\/p\\\/Bruc-Jard-100064062129504\\\/?paipv=0&eav=AfYBgNTLyCD_XE-2sHqF-2NhCAlhfUu6pU6jIP4Cig42OkIfyGuVIdQjWqlOtRoWBJs&_rdr\",\"https:\\\/\\\/www.instagram.com\\\/brucjardi_oficial\\\/?hl=es\"]}]}<\/script>\n<!-- \/ Yoast SEO plugin. -->","yoast_head_json":{"title":"Plaque stabilisatrice nid d'abeille - Bruc Jard\u00ed","description":"La plaque stabilisatrice nid d'abeille a une structure en forme de panneau tr\u00e8s facile \u00e0 manipuler et qui offre un r\u00e9sultat final impeccable.","robots":{"index":"index","follow":"follow","max-snippet":"max-snippet:-1","max-image-preview":"max-image-preview:large","max-video-preview":"max-video-preview:-1"},"canonical":"https:\/\/www.brucjardi.com\/fr\/producto\/plaque-stabilisatrice-nid-dabeille\/","og_locale":"fr_FR","og_type":"article","og_title":"Plaque stabilisatrice nid d'abeille - Bruc Jard\u00ed","og_description":"La plaque stabilisatrice nid d'abeille a une structure en forme de panneau tr\u00e8s facile \u00e0 manipuler et qui offre un r\u00e9sultat final impeccable.","og_url":"https:\/\/www.brucjardi.com\/fr\/producto\/plaque-stabilisatrice-nid-dabeille\/","og_site_name":"Bruc Jard\u00ed","article_publisher":"https:\/\/www.facebook.com\/p\/Bruc-Jard-100064062129504\/?paipv=0&eav=AfYBgNTLyCD_XE-2sHqF-2NhCAlhfUu6pU6jIP4Cig42OkIfyGuVIdQjWqlOtRoWBJs&_rdr","article_modified_time":"2024-04-05T06:23:56+00:00","og_image":[{"width":600,"height":600,"url":"https:\/\/i0.wp.com\/www.brucjardi.com\/wp-content\/uploads\/2024\/04\/placaestabilizadgravgrass.jpg?fit=600%2C600&ssl=1","type":"image\/jpeg"}],"twitter_card":"summary_large_image","twitter_misc":{"Dur\u00e9e de lecture estim\u00e9e":"2 minutes"},"schema":{"@context":"https:\/\/schema.org","@graph":[{"@type":"WebPage","@id":"https:\/\/www.brucjardi.com\/fr\/producto\/plaque-stabilisatrice-nid-dabeille\/","url":"https:\/\/www.brucjardi.com\/fr\/producto\/plaque-stabilisatrice-nid-dabeille\/","name":"Plaque stabilisatrice nid d'abeille - Bruc Jard\u00ed","isPartOf":{"@id":"https:\/\/www.brucjardi.com\/fr\/#website"},"primaryImageOfPage":{"@id":"https:\/\/www.brucjardi.com\/fr\/producto\/plaque-stabilisatrice-nid-dabeille\/#primaryimage"},"image":{"@id":"https:\/\/www.brucjardi.com\/fr\/producto\/plaque-stabilisatrice-nid-dabeille\/#primaryimage"},"thumbnailUrl":"https:\/\/www.brucjardi.com\/wp-content\/uploads\/2024\/04\/placaestabilizadgravgrass.jpg","datePublished":"2024-01-02T13:09:37+00:00","dateModified":"2024-04-05T06:23:56+00:00","description":"La plaque stabilisatrice nid d'abeille a une structure en forme de panneau tr\u00e8s facile \u00e0 manipuler et qui offre un r\u00e9sultat final impeccable.","breadcrumb":{"@id":"https:\/\/www.brucjardi.com\/fr\/producto\/plaque-stabilisatrice-nid-dabeille\/#breadcrumb"},"inLanguage":"fr-FR","potentialAction":[{"@type":"ReadAction","target":["https:\/\/www.brucjardi.com\/fr\/producto\/plaque-stabilisatrice-nid-dabeille\/"]}]},{"@type":"ImageObject","inLanguage":"fr-FR","@id":"https:\/\/www.brucjardi.com\/fr\/producto\/plaque-stabilisatrice-nid-dabeille\/#primaryimage","url":"https:\/\/www.brucjardi.com\/wp-content\/uploads\/2024\/04\/placaestabilizadgravgrass.jpg","contentUrl":"https:\/\/www.brucjardi.com\/wp-content\/uploads\/2024\/04\/placaestabilizadgravgrass.jpg","width":600,"height":600,"caption":"Placa estabilizadora grav\/grass"},{"@type":"BreadcrumbList","@id":"https:\/\/www.brucjardi.com\/fr\/producto\/plaque-stabilisatrice-nid-dabeille\/#breadcrumb","itemListElement":[{"@type":"ListItem","position":1,"name":"Produits","item":"https:\/\/www.brucjardi.com\/fr\/shop\/"},{"@type":"ListItem","position":2,"name":"Plaque stabilisatrice nid d&rsquo;abeille"}]},{"@type":"WebSite","@id":"https:\/\/www.brucjardi.com\/fr\/#website","url":"https:\/\/www.brucjardi.com\/fr\/","name":"Bruc Jard\u00ed","description":"","publisher":{"@id":"https:\/\/www.brucjardi.com\/fr\/#organization"},"alternateName":"BJ","potentialAction":[{"@type":"SearchAction","target":{"@type":"EntryPoint","urlTemplate":"https:\/\/www.brucjardi.com\/fr\/?s={search_term_string}"},"query-input":{"@type":"PropertyValueSpecification","valueRequired":true,"valueName":"search_term_string"}}],"inLanguage":"fr-FR"},{"@type":"Organization","@id":"https:\/\/www.brucjardi.com\/fr\/#organization","name":"Bruc Jard\u00ed","url":"https:\/\/www.brucjardi.com\/fr\/","logo":{"@type":"ImageObject","inLanguage":"fr-FR","@id":"https:\/\/www.brucjardi.com\/fr\/#\/schema\/logo\/image\/","url":"https:\/\/www.brucjardi.com\/wp-content\/uploads\/2023\/09\/logo-BJ.png","contentUrl":"https:\/\/www.brucjardi.com\/wp-content\/uploads\/2023\/09\/logo-BJ.png","width":1713,"height":1548,"caption":"Bruc Jard\u00ed"},"image":{"@id":"https:\/\/www.brucjardi.com\/fr\/#\/schema\/logo\/image\/"},"sameAs":["https:\/\/www.facebook.com\/p\/Bruc-Jard-100064062129504\/?paipv=0&eav=AfYBgNTLyCD_XE-2sHqF-2NhCAlhfUu6pU6jIP4Cig42OkIfyGuVIdQjWqlOtRoWBJs&_rdr","https:\/\/www.instagram.com\/brucjardi_oficial\/?hl=es"]}]}},"_links":{"self":[{"href":"https:\/\/www.brucjardi.com\/fr\/wp-json\/wp\/v2\/product\/9724","targetHints":{"allow":["GET"]}}],"collection":[{"href":"https:\/\/www.brucjardi.com\/fr\/wp-json\/wp\/v2\/product"}],"about":[{"href":"https:\/\/www.brucjardi.com\/fr\/wp-json\/wp\/v2\/types\/product"}],"wp:featuredmedia":[{"embeddable":true,"href":"https:\/\/www.brucjardi.com\/fr\/wp-json\/wp\/v2\/media\/12567"}],"wp:attachment":[{"href":"https:\/\/www.brucjardi.com\/fr\/wp-json\/wp\/v2\/media?parent=9724"}],"wp:term":[{"taxonomy":"product_brand","embeddable":true,"href":"https:\/\/www.brucjardi.com\/fr\/wp-json\/wp\/v2\/product_brand?post=9724"},{"taxonomy":"product_cat","embeddable":true,"href":"https:\/\/www.brucjardi.com\/fr\/wp-json\/wp\/v2\/product_cat?post=9724"},{"taxonomy":"product_tag","embeddable":true,"href":"https:\/\/www.brucjardi.com\/fr\/wp-json\/wp\/v2\/product_tag?post=9724"}],"curies":[{"name":"wp","href":"https:\/\/api.w.org\/{rel}","templated":true}]}}