{"id":9746,"date":"2024-01-03T10:23:49","date_gmt":"2024-01-03T09:23:49","guid":{"rendered":"https:\/\/dev.brucjardi.com\/producto\/marbre-concasse-noir\/"},"modified":"2025-05-12T13:21:23","modified_gmt":"2025-05-12T11:21:23","slug":"marbre-concasse-noir","status":"publish","type":"product","link":"https:\/\/www.brucjardi.com\/fr\/producto\/marbre-concasse-noir\/","title":{"rendered":"Marbre concass\u00e9 noir"},"content":{"rendered":"<p>La marbre concass\u00e9 noir est une option distinctive et \u00e9l\u00e9gante obtenue par le concassage de marbre noir.<\/p>\n<p>La marmolina noire pr\u00e9sente une couleur profonde et distinctive, apportant \u00e9l\u00e9gance et modernit\u00e9 aux espaces o\u00f9 elle est utilis\u00e9e.<\/p>\n<p>En raison de sa teinte sombre, la marmolina noire est particuli\u00e8rement adapt\u00e9e aux projets de design minimaliste, contemporain ou moderne.<\/p>\n<p>Elle cr\u00e9e un fort contraste avec les tons naturels des plantes et met en valeur la beaut\u00e9 des fleurs, ce qui en fait un choix populaire pour les jardins et les espaces paysagers.<\/p>\n<p>C&rsquo;est une option sophistiqu\u00e9e qui peut \u00eatre utilis\u00e9e pour obtenir un style \u00e9l\u00e9gant dans les jardins, les patios, les terrasses et autres espaces ext\u00e9rieurs.<\/p>\n<p>Le produit peut \u00eatre combin\u00e9e avec des \u00e9l\u00e9ments blancs pour cr\u00e9er un effet visuel saisissant et \u00e9quilibr\u00e9.<\/p>\n<p>Peut \u00eatre utilis\u00e9e pour cr\u00e9er des chemins dans les jardins, autour des zones de repos ou comme couverture d\u00e9corative dans les jardini\u00e8res et les pots.<\/p>\n<p>Pr\u00e8s des fontaines, des \u00e9tangs ou d&rsquo;autres \u00e9l\u00e9ments aquatiques, la marmolina noire peut fournir un arri\u00e8re-plan accrocheur et attrayant.<\/p>\n<p>En tant que couverture au sol, elle aide au contr\u00f4le des mauvaises herbes et \u00e0 la conservation de l&rsquo;humidit\u00e9.<\/p>\n<p>Sa teinte sombre peut se d\u00e9marquer dans les projets paysagers nocturnes avec un \u00e9clairage strat\u00e9gique.<\/p>\n<p>Dans certains cas, la marmolina noire est \u00e9galement utilis\u00e9e dans des projets de d\u00e9coration int\u00e9rieure pour cr\u00e9er des d\u00e9tails d\u00e9coratifs distinctifs.<\/p>\n<p>Il est important de prendre en compte la quantit\u00e9 n\u00e9cessaire, la planification du design et la disposition strat\u00e9gique lors de l&rsquo;incorporation de marbre concass\u00e9 noir\u00a0 dans des projets paysagers pour obtenir l&rsquo;effet visuel souhait\u00e9.<\/p>\n","protected":false},"excerpt":{"rendered":"<div class=\"ocultar-ver-mas-mobile\">\n<p>Le marbre concass\u00e9 noir est un gravier qui a beaucoup de personnalit\u00e9 et qui cr\u00e9e des espaces modernes. Son apparence minimaliste et \u00e9l\u00e9gante se combine parfaitement avec les tons naturels des plantes et met en valeur la beaut\u00e9 des fleurs.<\/p>\n<\/div>\n<p><strong>Conditionnements disponibles:<\/strong><\/p>\n<p><img decoding=\"async\" class=\"alignnone size-medium wp-image-4748 lazyload\" data-src=\"https:\/\/www.brucjardi.com\/wp-content\/uploads\/2024\/01\/Captura-300x83.png\" alt=\"\" width=\"300\" height=\"83\" data-srcset=\"https:\/\/www.brucjardi.com\/wp-content\/uploads\/2024\/01\/Captura-300x83.png 300w, https:\/\/www.brucjardi.com\/wp-content\/uploads\/2024\/01\/Captura.png 408w\" data-sizes=\"(max-width: 300px) 100vw, 300px\" src=\"data:image\/svg+xml;base64,PHN2ZyB3aWR0aD0iMSIgaGVpZ2h0PSIxIiB4bWxucz0iaHR0cDovL3d3dy53My5vcmcvMjAwMC9zdmciPjwvc3ZnPg==\" style=\"--smush-placeholder-width: 300px; --smush-placeholder-aspect-ratio: 300\/83;\" \/><\/p>\n","protected":false},"featured_media":8228,"template":"","meta":{"_acf_changed":false},"product_brand":[],"product_cat":[362,366],"product_tag":[],"class_list":{"0":"post-9746","1":"product","2":"type-product","3":"status-publish","4":"has-post-thumbnail","6":"product_cat-marbre-concasse","7":"product_cat-marbre-concasse-noir","9":"first","10":"instock","11":"shipping-taxable","12":"product-type-simple"},"acf":[],"yoast_head":"<!-- This site is optimized with the Yoast SEO plugin v27.6 - https:\/\/yoast.com\/product\/yoast-seo-wordpress\/ -->\n<title>Marbre concass\u00e9 noir - Bruc Jard\u00ed<\/title>\n<meta name=\"description\" content=\"Le marbre concass\u00e9 noir de Bruc Jard\u00ed est originaire du broyage de marbre noir. C&#039;est un gravier tr\u00e8s frappant et caract\u00e9ristique dans les jardins.\" \/>\n<meta name=\"robots\" content=\"index, follow, max-snippet:-1, max-image-preview:large, max-video-preview:-1\" \/>\n<link rel=\"canonical\" href=\"https:\/\/www.brucjardi.com\/fr\/producto\/marbre-concasse-noir\/\" \/>\n<meta property=\"og:locale\" content=\"fr_FR\" \/>\n<meta property=\"og:type\" content=\"article\" \/>\n<meta property=\"og:title\" content=\"Marbre concass\u00e9 noir - Bruc Jard\u00ed\" \/>\n<meta property=\"og:description\" content=\"Le marbre concass\u00e9 noir de Bruc Jard\u00ed est originaire du broyage de marbre noir. C&#039;est un gravier tr\u00e8s frappant et caract\u00e9ristique dans les jardins.\" \/>\n<meta property=\"og:url\" content=\"https:\/\/www.brucjardi.com\/fr\/producto\/marbre-concasse-noir\/\" \/>\n<meta property=\"og:site_name\" content=\"Bruc Jard\u00ed\" \/>\n<meta property=\"article:publisher\" content=\"https:\/\/www.facebook.com\/p\/Bruc-Jard-100064062129504\/?paipv=0&amp;eav=AfYBgNTLyCD_XE-2sHqF-2NhCAlhfUu6pU6jIP4Cig42OkIfyGuVIdQjWqlOtRoWBJs&amp;_rdr\" \/>\n<meta property=\"article:modified_time\" content=\"2025-05-12T11:21:23+00:00\" \/>\n<meta property=\"og:image\" content=\"https:\/\/www.brucjardi.com\/wp-content\/uploads\/2024\/01\/Marmolina-Negra-600x600-1.jpg\" \/>\n\t<meta property=\"og:image:width\" content=\"600\" \/>\n\t<meta property=\"og:image:height\" content=\"600\" \/>\n\t<meta property=\"og:image:type\" content=\"image\/jpeg\" \/>\n<meta name=\"twitter:card\" content=\"summary_large_image\" \/>\n<meta name=\"twitter:label1\" content=\"Dur\u00e9e de lecture estim\u00e9e\" \/>\n\t<meta name=\"twitter:data1\" content=\"2 minutes\" \/>\n<script type=\"application\/ld+json\" class=\"yoast-schema-graph\">{\"@context\":\"https:\\\/\\\/schema.org\",\"@graph\":[{\"@type\":\"WebPage\",\"@id\":\"https:\\\/\\\/www.brucjardi.com\\\/fr\\\/producto\\\/marbre-concasse-noir\\\/\",\"url\":\"https:\\\/\\\/www.brucjardi.com\\\/fr\\\/producto\\\/marbre-concasse-noir\\\/\",\"name\":\"Marbre concass\u00e9 noir - Bruc Jard\u00ed\",\"isPartOf\":{\"@id\":\"https:\\\/\\\/www.brucjardi.com\\\/fr\\\/#website\"},\"primaryImageOfPage\":{\"@id\":\"https:\\\/\\\/www.brucjardi.com\\\/fr\\\/producto\\\/marbre-concasse-noir\\\/#primaryimage\"},\"image\":{\"@id\":\"https:\\\/\\\/www.brucjardi.com\\\/fr\\\/producto\\\/marbre-concasse-noir\\\/#primaryimage\"},\"thumbnailUrl\":\"https:\\\/\\\/www.brucjardi.com\\\/wp-content\\\/uploads\\\/2024\\\/01\\\/Marmolina-Negra-600x600-1.jpg\",\"datePublished\":\"2024-01-03T09:23:49+00:00\",\"dateModified\":\"2025-05-12T11:21:23+00:00\",\"description\":\"Le marbre concass\u00e9 noir de Bruc Jard\u00ed est originaire du broyage de marbre noir. C'est un gravier tr\u00e8s frappant et caract\u00e9ristique dans les jardins.\",\"breadcrumb\":{\"@id\":\"https:\\\/\\\/www.brucjardi.com\\\/fr\\\/producto\\\/marbre-concasse-noir\\\/#breadcrumb\"},\"inLanguage\":\"fr-FR\",\"potentialAction\":[{\"@type\":\"ReadAction\",\"target\":[\"https:\\\/\\\/www.brucjardi.com\\\/fr\\\/producto\\\/marbre-concasse-noir\\\/\"]}]},{\"@type\":\"ImageObject\",\"inLanguage\":\"fr-FR\",\"@id\":\"https:\\\/\\\/www.brucjardi.com\\\/fr\\\/producto\\\/marbre-concasse-noir\\\/#primaryimage\",\"url\":\"https:\\\/\\\/www.brucjardi.com\\\/wp-content\\\/uploads\\\/2024\\\/01\\\/Marmolina-Negra-600x600-1.jpg\",\"contentUrl\":\"https:\\\/\\\/www.brucjardi.com\\\/wp-content\\\/uploads\\\/2024\\\/01\\\/Marmolina-Negra-600x600-1.jpg\",\"width\":600,\"height\":600,\"caption\":\"Marbre concass\u00e9 noir\"},{\"@type\":\"BreadcrumbList\",\"@id\":\"https:\\\/\\\/www.brucjardi.com\\\/fr\\\/producto\\\/marbre-concasse-noir\\\/#breadcrumb\",\"itemListElement\":[{\"@type\":\"ListItem\",\"position\":1,\"name\":\"Produits\",\"item\":\"https:\\\/\\\/www.brucjardi.com\\\/fr\\\/shop\\\/\"},{\"@type\":\"ListItem\",\"position\":2,\"name\":\"Marbre concass\u00e9 noir\"}]},{\"@type\":\"WebSite\",\"@id\":\"https:\\\/\\\/www.brucjardi.com\\\/fr\\\/#website\",\"url\":\"https:\\\/\\\/www.brucjardi.com\\\/fr\\\/\",\"name\":\"Bruc Jard\u00ed\",\"description\":\"\",\"publisher\":{\"@id\":\"https:\\\/\\\/www.brucjardi.com\\\/fr\\\/#organization\"},\"alternateName\":\"BJ\",\"potentialAction\":[{\"@type\":\"SearchAction\",\"target\":{\"@type\":\"EntryPoint\",\"urlTemplate\":\"https:\\\/\\\/www.brucjardi.com\\\/fr\\\/?s={search_term_string}\"},\"query-input\":{\"@type\":\"PropertyValueSpecification\",\"valueRequired\":true,\"valueName\":\"search_term_string\"}}],\"inLanguage\":\"fr-FR\"},{\"@type\":\"Organization\",\"@id\":\"https:\\\/\\\/www.brucjardi.com\\\/fr\\\/#organization\",\"name\":\"Bruc Jard\u00ed\",\"url\":\"https:\\\/\\\/www.brucjardi.com\\\/fr\\\/\",\"logo\":{\"@type\":\"ImageObject\",\"inLanguage\":\"fr-FR\",\"@id\":\"https:\\\/\\\/www.brucjardi.com\\\/fr\\\/#\\\/schema\\\/logo\\\/image\\\/\",\"url\":\"https:\\\/\\\/www.brucjardi.com\\\/wp-content\\\/uploads\\\/2023\\\/09\\\/logo-BJ.png\",\"contentUrl\":\"https:\\\/\\\/www.brucjardi.com\\\/wp-content\\\/uploads\\\/2023\\\/09\\\/logo-BJ.png\",\"width\":1713,\"height\":1548,\"caption\":\"Bruc Jard\u00ed\"},\"image\":{\"@id\":\"https:\\\/\\\/www.brucjardi.com\\\/fr\\\/#\\\/schema\\\/logo\\\/image\\\/\"},\"sameAs\":[\"https:\\\/\\\/www.facebook.com\\\/p\\\/Bruc-Jard-100064062129504\\\/?paipv=0&eav=AfYBgNTLyCD_XE-2sHqF-2NhCAlhfUu6pU6jIP4Cig42OkIfyGuVIdQjWqlOtRoWBJs&_rdr\",\"https:\\\/\\\/www.instagram.com\\\/brucjardi_oficial\\\/?hl=es\"]}]}<\/script>\n<!-- \/ Yoast SEO plugin. -->","yoast_head_json":{"title":"Marbre concass\u00e9 noir - Bruc Jard\u00ed","description":"Le marbre concass\u00e9 noir de Bruc Jard\u00ed est originaire du broyage de marbre noir. C'est un gravier tr\u00e8s frappant et caract\u00e9ristique dans les jardins.","robots":{"index":"index","follow":"follow","max-snippet":"max-snippet:-1","max-image-preview":"max-image-preview:large","max-video-preview":"max-video-preview:-1"},"canonical":"https:\/\/www.brucjardi.com\/fr\/producto\/marbre-concasse-noir\/","og_locale":"fr_FR","og_type":"article","og_title":"Marbre concass\u00e9 noir - Bruc Jard\u00ed","og_description":"Le marbre concass\u00e9 noir de Bruc Jard\u00ed est originaire du broyage de marbre noir. C'est un gravier tr\u00e8s frappant et caract\u00e9ristique dans les jardins.","og_url":"https:\/\/www.brucjardi.com\/fr\/producto\/marbre-concasse-noir\/","og_site_name":"Bruc Jard\u00ed","article_publisher":"https:\/\/www.facebook.com\/p\/Bruc-Jard-100064062129504\/?paipv=0&eav=AfYBgNTLyCD_XE-2sHqF-2NhCAlhfUu6pU6jIP4Cig42OkIfyGuVIdQjWqlOtRoWBJs&_rdr","article_modified_time":"2025-05-12T11:21:23+00:00","og_image":[{"width":600,"height":600,"url":"https:\/\/www.brucjardi.com\/wp-content\/uploads\/2024\/01\/Marmolina-Negra-600x600-1.jpg","type":"image\/jpeg"}],"twitter_card":"summary_large_image","twitter_misc":{"Dur\u00e9e de lecture estim\u00e9e":"2 minutes"},"schema":{"@context":"https:\/\/schema.org","@graph":[{"@type":"WebPage","@id":"https:\/\/www.brucjardi.com\/fr\/producto\/marbre-concasse-noir\/","url":"https:\/\/www.brucjardi.com\/fr\/producto\/marbre-concasse-noir\/","name":"Marbre concass\u00e9 noir - Bruc Jard\u00ed","isPartOf":{"@id":"https:\/\/www.brucjardi.com\/fr\/#website"},"primaryImageOfPage":{"@id":"https:\/\/www.brucjardi.com\/fr\/producto\/marbre-concasse-noir\/#primaryimage"},"image":{"@id":"https:\/\/www.brucjardi.com\/fr\/producto\/marbre-concasse-noir\/#primaryimage"},"thumbnailUrl":"https:\/\/www.brucjardi.com\/wp-content\/uploads\/2024\/01\/Marmolina-Negra-600x600-1.jpg","datePublished":"2024-01-03T09:23:49+00:00","dateModified":"2025-05-12T11:21:23+00:00","description":"Le marbre concass\u00e9 noir de Bruc Jard\u00ed est originaire du broyage de marbre noir. C'est un gravier tr\u00e8s frappant et caract\u00e9ristique dans les jardins.","breadcrumb":{"@id":"https:\/\/www.brucjardi.com\/fr\/producto\/marbre-concasse-noir\/#breadcrumb"},"inLanguage":"fr-FR","potentialAction":[{"@type":"ReadAction","target":["https:\/\/www.brucjardi.com\/fr\/producto\/marbre-concasse-noir\/"]}]},{"@type":"ImageObject","inLanguage":"fr-FR","@id":"https:\/\/www.brucjardi.com\/fr\/producto\/marbre-concasse-noir\/#primaryimage","url":"https:\/\/www.brucjardi.com\/wp-content\/uploads\/2024\/01\/Marmolina-Negra-600x600-1.jpg","contentUrl":"https:\/\/www.brucjardi.com\/wp-content\/uploads\/2024\/01\/Marmolina-Negra-600x600-1.jpg","width":600,"height":600,"caption":"Marbre concass\u00e9 noir"},{"@type":"BreadcrumbList","@id":"https:\/\/www.brucjardi.com\/fr\/producto\/marbre-concasse-noir\/#breadcrumb","itemListElement":[{"@type":"ListItem","position":1,"name":"Produits","item":"https:\/\/www.brucjardi.com\/fr\/shop\/"},{"@type":"ListItem","position":2,"name":"Marbre concass\u00e9 noir"}]},{"@type":"WebSite","@id":"https:\/\/www.brucjardi.com\/fr\/#website","url":"https:\/\/www.brucjardi.com\/fr\/","name":"Bruc Jard\u00ed","description":"","publisher":{"@id":"https:\/\/www.brucjardi.com\/fr\/#organization"},"alternateName":"BJ","potentialAction":[{"@type":"SearchAction","target":{"@type":"EntryPoint","urlTemplate":"https:\/\/www.brucjardi.com\/fr\/?s={search_term_string}"},"query-input":{"@type":"PropertyValueSpecification","valueRequired":true,"valueName":"search_term_string"}}],"inLanguage":"fr-FR"},{"@type":"Organization","@id":"https:\/\/www.brucjardi.com\/fr\/#organization","name":"Bruc Jard\u00ed","url":"https:\/\/www.brucjardi.com\/fr\/","logo":{"@type":"ImageObject","inLanguage":"fr-FR","@id":"https:\/\/www.brucjardi.com\/fr\/#\/schema\/logo\/image\/","url":"https:\/\/www.brucjardi.com\/wp-content\/uploads\/2023\/09\/logo-BJ.png","contentUrl":"https:\/\/www.brucjardi.com\/wp-content\/uploads\/2023\/09\/logo-BJ.png","width":1713,"height":1548,"caption":"Bruc Jard\u00ed"},"image":{"@id":"https:\/\/www.brucjardi.com\/fr\/#\/schema\/logo\/image\/"},"sameAs":["https:\/\/www.facebook.com\/p\/Bruc-Jard-100064062129504\/?paipv=0&eav=AfYBgNTLyCD_XE-2sHqF-2NhCAlhfUu6pU6jIP4Cig42OkIfyGuVIdQjWqlOtRoWBJs&_rdr","https:\/\/www.instagram.com\/brucjardi_oficial\/?hl=es"]}]}},"_links":{"self":[{"href":"https:\/\/www.brucjardi.com\/fr\/wp-json\/wp\/v2\/product\/9746","targetHints":{"allow":["GET"]}}],"collection":[{"href":"https:\/\/www.brucjardi.com\/fr\/wp-json\/wp\/v2\/product"}],"about":[{"href":"https:\/\/www.brucjardi.com\/fr\/wp-json\/wp\/v2\/types\/product"}],"wp:featuredmedia":[{"embeddable":true,"href":"https:\/\/www.brucjardi.com\/fr\/wp-json\/wp\/v2\/media\/8228"}],"wp:attachment":[{"href":"https:\/\/www.brucjardi.com\/fr\/wp-json\/wp\/v2\/media?parent=9746"}],"wp:term":[{"taxonomy":"product_brand","embeddable":true,"href":"https:\/\/www.brucjardi.com\/fr\/wp-json\/wp\/v2\/product_brand?post=9746"},{"taxonomy":"product_cat","embeddable":true,"href":"https:\/\/www.brucjardi.com\/fr\/wp-json\/wp\/v2\/product_cat?post=9746"},{"taxonomy":"product_tag","embeddable":true,"href":"https:\/\/www.brucjardi.com\/fr\/wp-json\/wp\/v2\/product_tag?post=9746"}],"curies":[{"name":"wp","href":"https:\/\/api.w.org\/{rel}","templated":true}]}}