{"id":9770,"date":"2024-01-04T16:37:18","date_gmt":"2024-01-04T15:37:18","guid":{"rendered":"https:\/\/dev.brucjardi.com\/producto\/gravier-granit-drainage\/"},"modified":"2026-04-30T14:59:46","modified_gmt":"2026-04-30T12:59:46","slug":"gravier-granit-drainage","status":"publish","type":"product","link":"https:\/\/www.brucjardi.com\/fr\/producto\/gravier-granit-drainage\/","title":{"rendered":"Gravier granit drainage"},"content":{"rendered":"<p>D\u00e9couvrez la fonctionnalit\u00e9 et la polyvalence du gravier granit drainage, sp\u00e9cialement con\u00e7u pour jouer un r\u00f4le essentiel dans tous les jardins en tant que mat\u00e9riau de drainage. Ce gravier \u00e9conomique se distingue par sa polyvalence, \u00e9tant adapt\u00e9 \u00e0 diverses applications dans la d\u00e9coration de jardins, les chemins, les zones publiques et divers am\u00e9nagements paysagers.<\/p>\n<p>Le gravier devient un composant indispensable pour garantir un syst\u00e8me efficace d&rsquo;\u00e9vacuation de l&rsquo;eau dans les environnements paysagers. Sa polyvalence lui permet non seulement de remplir des fonctions pratiques, mais aussi de se d\u00e9marquer comme \u00e9l\u00e9ment d\u00e9coratif dans une vari\u00e9t\u00e9 de contextes ext\u00e9rieurs.<\/p>\n<p>Ce produit, appr\u00e9ci\u00e9 pour sa simplicit\u00e9 et son prix bas, est largement utilis\u00e9 dans de vastes espaces o\u00f9 une solution \u00e9conomique et fonctionnelle est recherch\u00e9e. Que ce soit pour la cr\u00e9ation de chemins, la d\u00e9coration de jardins ou la d\u00e9limitation de zones publiques, le gravier de drainage s&rsquo;adapte facilement \u00e0 diff\u00e9rents environnements.<\/p>\n<p>Explorez les possibilit\u00e9s cr\u00e9atives offertes par le gravier granit drainage dans le domaine du jardinage et de l&rsquo;am\u00e9nagement paysager. De sa fonction principale de drainage \u00e0 sa polyvalence d\u00e9corative, ce gravier se pr\u00e9sente comme un choix pratique et \u00e9conomique pour les projets \u00e0 la recherche d&rsquo;efficacit\u00e9 et d&rsquo;esth\u00e9tique dans les espaces ext\u00e9rieurs. Si vous souhaitez plus d&rsquo;informations pour votre projet, veuillez nous contacter.<\/p>\n","protected":false},"excerpt":{"rendered":"<p>Sp\u00e9cialement con\u00e7u pour \u00eatre utilis\u00e9 comme drainage, indispensable dans tous les jardins. Ce gravier bon march\u00e9 est tr\u00e8s polyvalent et convient \u00e0 la d\u00e9coration de jardins, de chemins, d\u2019espaces publics, de conceptions et de d\u00e9corations diverses. En raison de sa simplicit\u00e9 et de son faible prix, ce produit est largement utilis\u00e9 dans les grands espaces.<\/p>\n<p><strong>Conditionnements disponibles:<\/strong><\/p>\n<p><img decoding=\"async\" class=\"alignnone wp-image-9718 lazyload\" data-src=\"https:\/\/www.brucjardi.com\/wp-content\/uploads\/2024\/02\/bb-ev-tab.png\" alt=\"\" width=\"215\" height=\"86\" src=\"data:image\/svg+xml;base64,PHN2ZyB3aWR0aD0iMSIgaGVpZ2h0PSIxIiB4bWxucz0iaHR0cDovL3d3dy53My5vcmcvMjAwMC9zdmciPjwvc3ZnPg==\" style=\"--smush-placeholder-width: 215px; --smush-placeholder-aspect-ratio: 215\/86;\" \/><\/p>\n","protected":false},"featured_media":8389,"template":"","meta":{"_acf_changed":false},"product_brand":[],"product_cat":[371,378],"product_tag":[],"class_list":{"0":"post-9770","1":"product","2":"type-product","3":"status-publish","4":"has-post-thumbnail","6":"product_cat-graviers-et-agregats-decoratifs","7":"product_cat-la-gravier-granit-drainage-est-indispensable-pour-tous-les-jardins-il-est-tres-polyvalent-et-adapte-a-la-decoration-de-jardins-de-chemins-de-zones-publiques-entre-autres","9":"first","10":"instock","11":"shipping-taxable","12":"product-type-simple"},"acf":[],"yoast_head":"<!-- This site is optimized with the Yoast SEO plugin v27.6 - https:\/\/yoast.com\/product\/yoast-seo-wordpress\/ -->\n<title>Gravier granit drainage - Bruc Jard\u00ed<\/title>\n<meta name=\"description\" content=\"Le gravier granit drainage est indispensable pour tous les jardins. Il est tr\u00e8s polyvalent et convient \u00e0 la d\u00e9coration des jardins.\" \/>\n<meta name=\"robots\" content=\"index, follow, max-snippet:-1, max-image-preview:large, max-video-preview:-1\" \/>\n<link rel=\"canonical\" href=\"https:\/\/www.brucjardi.com\/fr\/producto\/gravier-granit-drainage\/\" \/>\n<meta property=\"og:locale\" content=\"fr_FR\" \/>\n<meta property=\"og:type\" content=\"article\" \/>\n<meta property=\"og:title\" content=\"Gravier granit drainage - Bruc Jard\u00ed\" \/>\n<meta property=\"og:description\" content=\"Le gravier granit drainage est indispensable pour tous les jardins. Il est tr\u00e8s polyvalent et convient \u00e0 la d\u00e9coration des jardins.\" \/>\n<meta property=\"og:url\" content=\"https:\/\/www.brucjardi.com\/fr\/producto\/gravier-granit-drainage\/\" \/>\n<meta property=\"og:site_name\" content=\"Bruc Jard\u00ed\" \/>\n<meta property=\"article:publisher\" content=\"https:\/\/www.facebook.com\/p\/Bruc-Jard-100064062129504\/?paipv=0&amp;eav=AfYBgNTLyCD_XE-2sHqF-2NhCAlhfUu6pU6jIP4Cig42OkIfyGuVIdQjWqlOtRoWBJs&amp;_rdr\" \/>\n<meta property=\"article:modified_time\" content=\"2026-04-30T12:59:46+00:00\" \/>\n<meta property=\"og:image\" content=\"https:\/\/www.brucjardi.com\/wp-content\/uploads\/2024\/01\/Grava-Drenaje-600x600-1.jpg\" \/>\n\t<meta property=\"og:image:width\" content=\"600\" \/>\n\t<meta property=\"og:image:height\" content=\"600\" \/>\n\t<meta property=\"og:image:type\" content=\"image\/jpeg\" \/>\n<meta name=\"twitter:card\" content=\"summary_large_image\" \/>\n<meta name=\"twitter:label1\" content=\"Dur\u00e9e de lecture estim\u00e9e\" \/>\n\t<meta name=\"twitter:data1\" content=\"2 minutes\" \/>\n<script type=\"application\/ld+json\" class=\"yoast-schema-graph\">{\"@context\":\"https:\\\/\\\/schema.org\",\"@graph\":[{\"@type\":\"WebPage\",\"@id\":\"https:\\\/\\\/www.brucjardi.com\\\/fr\\\/producto\\\/gravier-granit-drainage\\\/\",\"url\":\"https:\\\/\\\/www.brucjardi.com\\\/fr\\\/producto\\\/gravier-granit-drainage\\\/\",\"name\":\"Gravier granit drainage - Bruc Jard\u00ed\",\"isPartOf\":{\"@id\":\"https:\\\/\\\/www.brucjardi.com\\\/fr\\\/#website\"},\"primaryImageOfPage\":{\"@id\":\"https:\\\/\\\/www.brucjardi.com\\\/fr\\\/producto\\\/gravier-granit-drainage\\\/#primaryimage\"},\"image\":{\"@id\":\"https:\\\/\\\/www.brucjardi.com\\\/fr\\\/producto\\\/gravier-granit-drainage\\\/#primaryimage\"},\"thumbnailUrl\":\"https:\\\/\\\/www.brucjardi.com\\\/wp-content\\\/uploads\\\/2024\\\/01\\\/Grava-Drenaje-600x600-1.jpg\",\"datePublished\":\"2024-01-04T15:37:18+00:00\",\"dateModified\":\"2026-04-30T12:59:46+00:00\",\"description\":\"Le gravier granit drainage est indispensable pour tous les jardins. Il est tr\u00e8s polyvalent et convient \u00e0 la d\u00e9coration des jardins.\",\"breadcrumb\":{\"@id\":\"https:\\\/\\\/www.brucjardi.com\\\/fr\\\/producto\\\/gravier-granit-drainage\\\/#breadcrumb\"},\"inLanguage\":\"fr-FR\",\"potentialAction\":[{\"@type\":\"ReadAction\",\"target\":[\"https:\\\/\\\/www.brucjardi.com\\\/fr\\\/producto\\\/gravier-granit-drainage\\\/\"]}]},{\"@type\":\"ImageObject\",\"inLanguage\":\"fr-FR\",\"@id\":\"https:\\\/\\\/www.brucjardi.com\\\/fr\\\/producto\\\/gravier-granit-drainage\\\/#primaryimage\",\"url\":\"https:\\\/\\\/www.brucjardi.com\\\/wp-content\\\/uploads\\\/2024\\\/01\\\/Grava-Drenaje-600x600-1.jpg\",\"contentUrl\":\"https:\\\/\\\/www.brucjardi.com\\\/wp-content\\\/uploads\\\/2024\\\/01\\\/Grava-Drenaje-600x600-1.jpg\",\"width\":600,\"height\":600,\"caption\":\"Gravier granit drainage\"},{\"@type\":\"BreadcrumbList\",\"@id\":\"https:\\\/\\\/www.brucjardi.com\\\/fr\\\/producto\\\/gravier-granit-drainage\\\/#breadcrumb\",\"itemListElement\":[{\"@type\":\"ListItem\",\"position\":1,\"name\":\"Produits\",\"item\":\"https:\\\/\\\/www.brucjardi.com\\\/fr\\\/shop\\\/\"},{\"@type\":\"ListItem\",\"position\":2,\"name\":\"Gravier granit drainage\"}]},{\"@type\":\"WebSite\",\"@id\":\"https:\\\/\\\/www.brucjardi.com\\\/fr\\\/#website\",\"url\":\"https:\\\/\\\/www.brucjardi.com\\\/fr\\\/\",\"name\":\"Bruc Jard\u00ed\",\"description\":\"\",\"publisher\":{\"@id\":\"https:\\\/\\\/www.brucjardi.com\\\/fr\\\/#organization\"},\"alternateName\":\"BJ\",\"potentialAction\":[{\"@type\":\"SearchAction\",\"target\":{\"@type\":\"EntryPoint\",\"urlTemplate\":\"https:\\\/\\\/www.brucjardi.com\\\/fr\\\/?s={search_term_string}\"},\"query-input\":{\"@type\":\"PropertyValueSpecification\",\"valueRequired\":true,\"valueName\":\"search_term_string\"}}],\"inLanguage\":\"fr-FR\"},{\"@type\":\"Organization\",\"@id\":\"https:\\\/\\\/www.brucjardi.com\\\/fr\\\/#organization\",\"name\":\"Bruc Jard\u00ed\",\"url\":\"https:\\\/\\\/www.brucjardi.com\\\/fr\\\/\",\"logo\":{\"@type\":\"ImageObject\",\"inLanguage\":\"fr-FR\",\"@id\":\"https:\\\/\\\/www.brucjardi.com\\\/fr\\\/#\\\/schema\\\/logo\\\/image\\\/\",\"url\":\"https:\\\/\\\/www.brucjardi.com\\\/wp-content\\\/uploads\\\/2023\\\/09\\\/logo-BJ.png\",\"contentUrl\":\"https:\\\/\\\/www.brucjardi.com\\\/wp-content\\\/uploads\\\/2023\\\/09\\\/logo-BJ.png\",\"width\":1713,\"height\":1548,\"caption\":\"Bruc Jard\u00ed\"},\"image\":{\"@id\":\"https:\\\/\\\/www.brucjardi.com\\\/fr\\\/#\\\/schema\\\/logo\\\/image\\\/\"},\"sameAs\":[\"https:\\\/\\\/www.facebook.com\\\/p\\\/Bruc-Jard-100064062129504\\\/?paipv=0&eav=AfYBgNTLyCD_XE-2sHqF-2NhCAlhfUu6pU6jIP4Cig42OkIfyGuVIdQjWqlOtRoWBJs&_rdr\",\"https:\\\/\\\/www.instagram.com\\\/brucjardi_oficial\\\/?hl=es\"]}]}<\/script>\n<!-- \/ Yoast SEO plugin. -->","yoast_head_json":{"title":"Gravier granit drainage - Bruc Jard\u00ed","description":"Le gravier granit drainage est indispensable pour tous les jardins. Il est tr\u00e8s polyvalent et convient \u00e0 la d\u00e9coration des jardins.","robots":{"index":"index","follow":"follow","max-snippet":"max-snippet:-1","max-image-preview":"max-image-preview:large","max-video-preview":"max-video-preview:-1"},"canonical":"https:\/\/www.brucjardi.com\/fr\/producto\/gravier-granit-drainage\/","og_locale":"fr_FR","og_type":"article","og_title":"Gravier granit drainage - Bruc Jard\u00ed","og_description":"Le gravier granit drainage est indispensable pour tous les jardins. Il est tr\u00e8s polyvalent et convient \u00e0 la d\u00e9coration des jardins.","og_url":"https:\/\/www.brucjardi.com\/fr\/producto\/gravier-granit-drainage\/","og_site_name":"Bruc Jard\u00ed","article_publisher":"https:\/\/www.facebook.com\/p\/Bruc-Jard-100064062129504\/?paipv=0&eav=AfYBgNTLyCD_XE-2sHqF-2NhCAlhfUu6pU6jIP4Cig42OkIfyGuVIdQjWqlOtRoWBJs&_rdr","article_modified_time":"2026-04-30T12:59:46+00:00","og_image":[{"width":600,"height":600,"url":"https:\/\/www.brucjardi.com\/wp-content\/uploads\/2024\/01\/Grava-Drenaje-600x600-1.jpg","type":"image\/jpeg"}],"twitter_card":"summary_large_image","twitter_misc":{"Dur\u00e9e de lecture estim\u00e9e":"2 minutes"},"schema":{"@context":"https:\/\/schema.org","@graph":[{"@type":"WebPage","@id":"https:\/\/www.brucjardi.com\/fr\/producto\/gravier-granit-drainage\/","url":"https:\/\/www.brucjardi.com\/fr\/producto\/gravier-granit-drainage\/","name":"Gravier granit drainage - Bruc Jard\u00ed","isPartOf":{"@id":"https:\/\/www.brucjardi.com\/fr\/#website"},"primaryImageOfPage":{"@id":"https:\/\/www.brucjardi.com\/fr\/producto\/gravier-granit-drainage\/#primaryimage"},"image":{"@id":"https:\/\/www.brucjardi.com\/fr\/producto\/gravier-granit-drainage\/#primaryimage"},"thumbnailUrl":"https:\/\/www.brucjardi.com\/wp-content\/uploads\/2024\/01\/Grava-Drenaje-600x600-1.jpg","datePublished":"2024-01-04T15:37:18+00:00","dateModified":"2026-04-30T12:59:46+00:00","description":"Le gravier granit drainage est indispensable pour tous les jardins. Il est tr\u00e8s polyvalent et convient \u00e0 la d\u00e9coration des jardins.","breadcrumb":{"@id":"https:\/\/www.brucjardi.com\/fr\/producto\/gravier-granit-drainage\/#breadcrumb"},"inLanguage":"fr-FR","potentialAction":[{"@type":"ReadAction","target":["https:\/\/www.brucjardi.com\/fr\/producto\/gravier-granit-drainage\/"]}]},{"@type":"ImageObject","inLanguage":"fr-FR","@id":"https:\/\/www.brucjardi.com\/fr\/producto\/gravier-granit-drainage\/#primaryimage","url":"https:\/\/www.brucjardi.com\/wp-content\/uploads\/2024\/01\/Grava-Drenaje-600x600-1.jpg","contentUrl":"https:\/\/www.brucjardi.com\/wp-content\/uploads\/2024\/01\/Grava-Drenaje-600x600-1.jpg","width":600,"height":600,"caption":"Gravier granit drainage"},{"@type":"BreadcrumbList","@id":"https:\/\/www.brucjardi.com\/fr\/producto\/gravier-granit-drainage\/#breadcrumb","itemListElement":[{"@type":"ListItem","position":1,"name":"Produits","item":"https:\/\/www.brucjardi.com\/fr\/shop\/"},{"@type":"ListItem","position":2,"name":"Gravier granit drainage"}]},{"@type":"WebSite","@id":"https:\/\/www.brucjardi.com\/fr\/#website","url":"https:\/\/www.brucjardi.com\/fr\/","name":"Bruc Jard\u00ed","description":"","publisher":{"@id":"https:\/\/www.brucjardi.com\/fr\/#organization"},"alternateName":"BJ","potentialAction":[{"@type":"SearchAction","target":{"@type":"EntryPoint","urlTemplate":"https:\/\/www.brucjardi.com\/fr\/?s={search_term_string}"},"query-input":{"@type":"PropertyValueSpecification","valueRequired":true,"valueName":"search_term_string"}}],"inLanguage":"fr-FR"},{"@type":"Organization","@id":"https:\/\/www.brucjardi.com\/fr\/#organization","name":"Bruc Jard\u00ed","url":"https:\/\/www.brucjardi.com\/fr\/","logo":{"@type":"ImageObject","inLanguage":"fr-FR","@id":"https:\/\/www.brucjardi.com\/fr\/#\/schema\/logo\/image\/","url":"https:\/\/www.brucjardi.com\/wp-content\/uploads\/2023\/09\/logo-BJ.png","contentUrl":"https:\/\/www.brucjardi.com\/wp-content\/uploads\/2023\/09\/logo-BJ.png","width":1713,"height":1548,"caption":"Bruc Jard\u00ed"},"image":{"@id":"https:\/\/www.brucjardi.com\/fr\/#\/schema\/logo\/image\/"},"sameAs":["https:\/\/www.facebook.com\/p\/Bruc-Jard-100064062129504\/?paipv=0&eav=AfYBgNTLyCD_XE-2sHqF-2NhCAlhfUu6pU6jIP4Cig42OkIfyGuVIdQjWqlOtRoWBJs&_rdr","https:\/\/www.instagram.com\/brucjardi_oficial\/?hl=es"]}]}},"_links":{"self":[{"href":"https:\/\/www.brucjardi.com\/fr\/wp-json\/wp\/v2\/product\/9770","targetHints":{"allow":["GET"]}}],"collection":[{"href":"https:\/\/www.brucjardi.com\/fr\/wp-json\/wp\/v2\/product"}],"about":[{"href":"https:\/\/www.brucjardi.com\/fr\/wp-json\/wp\/v2\/types\/product"}],"wp:featuredmedia":[{"embeddable":true,"href":"https:\/\/www.brucjardi.com\/fr\/wp-json\/wp\/v2\/media\/8389"}],"wp:attachment":[{"href":"https:\/\/www.brucjardi.com\/fr\/wp-json\/wp\/v2\/media?parent=9770"}],"wp:term":[{"taxonomy":"product_brand","embeddable":true,"href":"https:\/\/www.brucjardi.com\/fr\/wp-json\/wp\/v2\/product_brand?post=9770"},{"taxonomy":"product_cat","embeddable":true,"href":"https:\/\/www.brucjardi.com\/fr\/wp-json\/wp\/v2\/product_cat?post=9770"},{"taxonomy":"product_tag","embeddable":true,"href":"https:\/\/www.brucjardi.com\/fr\/wp-json\/wp\/v2\/product_tag?post=9770"}],"curies":[{"name":"wp","href":"https:\/\/api.w.org\/{rel}","templated":true}]}}