{"id":9773,"date":"2024-01-08T09:53:31","date_gmt":"2024-01-08T08:53:31","guid":{"rendered":"https:\/\/dev.brucjardi.com\/producto\/gravier-emporda\/"},"modified":"2026-04-30T14:41:31","modified_gmt":"2026-04-30T12:41:31","slug":"gravier-emporda","status":"publish","type":"product","link":"https:\/\/www.brucjardi.com\/fr\/producto\/gravier-emporda\/","title":{"rendered":"Gravier Empord\u00e0"},"content":{"rendered":"<p>D\u00e9couvrez la polyvalence et l&rsquo;esth\u00e9tique simple du gravier Empord\u00e0. Un mat\u00e9riau adapt\u00e9 \u00e0 la d\u00e9coration de jardins, chemins, zones publiques et divers am\u00e9nagements paysagers.<\/p>\n<p>Avec sa teinte neutre et son design simple, ce gravier se d\u00e9marque comme un choix populaire pour les projets qui cherchent \u00e0 combiner fonctionnalit\u00e9 et esth\u00e9tique dans des espaces \u00e9tendus.<\/p>\n<p>Le gravier, avec sa teinte neutre, s&rsquo;int\u00e8gre facilement dans une vari\u00e9t\u00e9 d&rsquo;environnements, offrant une base discr\u00e8te qui compl\u00e8te diff\u00e9rents \u00e9l\u00e9ments paysagers.<\/p>\n<p>Sa polyvalence en fait un choix judicieux, que ce soit pour des projets publics ou priv\u00e9s, o\u00f9 l&rsquo;on recherche une solution pratique et esth\u00e9tiquement agr\u00e9able.<\/p>\n<p>Ce produit est particuli\u00e8rement utilis\u00e9 dans de grands espaces, o\u00f9 sa simplicit\u00e9 et sa neutralit\u00e9 permettent une adaptation polyvalente. Que ce soit pour la cr\u00e9ation de chemins, la d\u00e9limitation d&rsquo;espaces ou la d\u00e9coration de jardins, le gravier Empord\u00e0 se pr\u00e9sente comme une option facile \u00e0 int\u00e9grer dans divers designs paysagers.<\/p>\n<p>Explorez les possibilit\u00e9s cr\u00e9atives offertes par ce gravier dans l&rsquo;am\u00e9nagement d&rsquo;espaces ext\u00e9rieurs. Avec sa teinte neutre et sa simplicit\u00e9, ce gravier devient une ressource pr\u00e9cieuse pour ceux qui recherchent une solution discr\u00e8te et esth\u00e9tiquement harmonieuse dans leurs projets de jardinage et d&rsquo;am\u00e9nagement paysager.<\/p>\n<p>Si vous avez des questions sur le produit ou votre projet de jardin, n&rsquo;h\u00e9sitez pas \u00e0 nous contacter et nous serons ravis de vous conseiller.<\/p>\n","protected":false},"excerpt":{"rendered":"<div class=\"ocultar-ver-mas-mobile\">\n<p>Convient pour d\u00e9corer les jardins, les all\u00e9es, les espaces publics, divers d\u00e9cors. Son ton neutre et sa simplicit\u00e9 rendent ce produit largement utilis\u00e9 dans les grands espaces.<\/p>\n<p><strong>Conditionnements disponibles:<\/strong><\/p>\n<p><img decoding=\"async\" class=\"alignnone wp-image-9771 lazyload\" data-src=\"https:\/\/www.brucjardi.com\/wp-content\/uploads\/2024\/02\/bb12-bb-g-tc-fr-300x90.png\" alt=\"\" width=\"266\" height=\"80\" data-srcset=\"https:\/\/www.brucjardi.com\/wp-content\/uploads\/2024\/02\/bb12-bb-g-tc-fr-300x90.png 300w, https:\/\/www.brucjardi.com\/wp-content\/uploads\/2024\/02\/bb12-bb-g-tc-fr.png 347w\" data-sizes=\"(max-width: 266px) 100vw, 266px\" src=\"data:image\/svg+xml;base64,PHN2ZyB3aWR0aD0iMSIgaGVpZ2h0PSIxIiB4bWxucz0iaHR0cDovL3d3dy53My5vcmcvMjAwMC9zdmciPjwvc3ZnPg==\" style=\"--smush-placeholder-width: 266px; --smush-placeholder-aspect-ratio: 266\/80;\" \/><\/p>\n<\/div>\n","protected":false},"featured_media":8393,"template":"","meta":{"_acf_changed":false},"product_brand":[],"product_cat":[379,371],"product_tag":[],"class_list":{"0":"post-9773","1":"product","2":"type-product","3":"status-publish","4":"has-post-thumbnail","6":"product_cat-gravier-emporda","7":"product_cat-graviers-et-agregats-decoratifs","9":"first","10":"instock","11":"shipping-taxable","12":"product-type-simple"},"acf":[],"yoast_head":"<!-- This site is optimized with the Yoast SEO plugin v27.6 - https:\/\/yoast.com\/product\/yoast-seo-wordpress\/ -->\n<title>Gravier Empord\u00e0 - Bruc Jard\u00ed<\/title>\n<meta name=\"description\" content=\"Le gravier Empord\u00e0 est adapt\u00e9 \u00e0 la d\u00e9coration de jardins, chemins, zones publiques, ainsi qu&#039;\u00e0 diverses conceptions et d\u00e9corations gr\u00e2ce \u00e0 sa teinte neutre.\" \/>\n<meta name=\"robots\" content=\"index, follow, max-snippet:-1, max-image-preview:large, max-video-preview:-1\" \/>\n<link rel=\"canonical\" href=\"https:\/\/www.brucjardi.com\/fr\/producto\/gravier-emporda\/\" \/>\n<meta property=\"og:locale\" content=\"fr_FR\" \/>\n<meta property=\"og:type\" content=\"article\" \/>\n<meta property=\"og:title\" content=\"Gravier Empord\u00e0 - Bruc Jard\u00ed\" \/>\n<meta property=\"og:description\" content=\"Le gravier Empord\u00e0 est adapt\u00e9 \u00e0 la d\u00e9coration de jardins, chemins, zones publiques, ainsi qu&#039;\u00e0 diverses conceptions et d\u00e9corations gr\u00e2ce \u00e0 sa teinte neutre.\" \/>\n<meta property=\"og:url\" content=\"https:\/\/www.brucjardi.com\/fr\/producto\/gravier-emporda\/\" \/>\n<meta property=\"og:site_name\" content=\"Bruc Jard\u00ed\" \/>\n<meta property=\"article:publisher\" content=\"https:\/\/www.facebook.com\/p\/Bruc-Jard-100064062129504\/?paipv=0&amp;eav=AfYBgNTLyCD_XE-2sHqF-2NhCAlhfUu6pU6jIP4Cig42OkIfyGuVIdQjWqlOtRoWBJs&amp;_rdr\" \/>\n<meta property=\"article:modified_time\" content=\"2026-04-30T12:41:31+00:00\" \/>\n<meta property=\"og:image\" content=\"https:\/\/www.brucjardi.com\/wp-content\/uploads\/2024\/01\/Grava-Emporda-600x600-1.jpg\" \/>\n\t<meta property=\"og:image:width\" content=\"600\" \/>\n\t<meta property=\"og:image:height\" content=\"600\" \/>\n\t<meta property=\"og:image:type\" content=\"image\/jpeg\" \/>\n<meta name=\"twitter:card\" content=\"summary_large_image\" \/>\n<meta name=\"twitter:label1\" content=\"Dur\u00e9e de lecture estim\u00e9e\" \/>\n\t<meta name=\"twitter:data1\" content=\"2 minutes\" \/>\n<script type=\"application\/ld+json\" class=\"yoast-schema-graph\">{\"@context\":\"https:\\\/\\\/schema.org\",\"@graph\":[{\"@type\":\"WebPage\",\"@id\":\"https:\\\/\\\/www.brucjardi.com\\\/fr\\\/producto\\\/gravier-emporda\\\/\",\"url\":\"https:\\\/\\\/www.brucjardi.com\\\/fr\\\/producto\\\/gravier-emporda\\\/\",\"name\":\"Gravier Empord\u00e0 - Bruc Jard\u00ed\",\"isPartOf\":{\"@id\":\"https:\\\/\\\/www.brucjardi.com\\\/fr\\\/#website\"},\"primaryImageOfPage\":{\"@id\":\"https:\\\/\\\/www.brucjardi.com\\\/fr\\\/producto\\\/gravier-emporda\\\/#primaryimage\"},\"image\":{\"@id\":\"https:\\\/\\\/www.brucjardi.com\\\/fr\\\/producto\\\/gravier-emporda\\\/#primaryimage\"},\"thumbnailUrl\":\"https:\\\/\\\/www.brucjardi.com\\\/wp-content\\\/uploads\\\/2024\\\/01\\\/Grava-Emporda-600x600-1.jpg\",\"datePublished\":\"2024-01-08T08:53:31+00:00\",\"dateModified\":\"2026-04-30T12:41:31+00:00\",\"description\":\"Le gravier Empord\u00e0 est adapt\u00e9 \u00e0 la d\u00e9coration de jardins, chemins, zones publiques, ainsi qu'\u00e0 diverses conceptions et d\u00e9corations gr\u00e2ce \u00e0 sa teinte neutre.\",\"breadcrumb\":{\"@id\":\"https:\\\/\\\/www.brucjardi.com\\\/fr\\\/producto\\\/gravier-emporda\\\/#breadcrumb\"},\"inLanguage\":\"fr-FR\",\"potentialAction\":[{\"@type\":\"ReadAction\",\"target\":[\"https:\\\/\\\/www.brucjardi.com\\\/fr\\\/producto\\\/gravier-emporda\\\/\"]}]},{\"@type\":\"ImageObject\",\"inLanguage\":\"fr-FR\",\"@id\":\"https:\\\/\\\/www.brucjardi.com\\\/fr\\\/producto\\\/gravier-emporda\\\/#primaryimage\",\"url\":\"https:\\\/\\\/www.brucjardi.com\\\/wp-content\\\/uploads\\\/2024\\\/01\\\/Grava-Emporda-600x600-1.jpg\",\"contentUrl\":\"https:\\\/\\\/www.brucjardi.com\\\/wp-content\\\/uploads\\\/2024\\\/01\\\/Grava-Emporda-600x600-1.jpg\",\"width\":600,\"height\":600,\"caption\":\"Gravier Empord\u00e0\"},{\"@type\":\"BreadcrumbList\",\"@id\":\"https:\\\/\\\/www.brucjardi.com\\\/fr\\\/producto\\\/gravier-emporda\\\/#breadcrumb\",\"itemListElement\":[{\"@type\":\"ListItem\",\"position\":1,\"name\":\"Produits\",\"item\":\"https:\\\/\\\/www.brucjardi.com\\\/fr\\\/shop\\\/\"},{\"@type\":\"ListItem\",\"position\":2,\"name\":\"Gravier Empord\u00e0\"}]},{\"@type\":\"WebSite\",\"@id\":\"https:\\\/\\\/www.brucjardi.com\\\/fr\\\/#website\",\"url\":\"https:\\\/\\\/www.brucjardi.com\\\/fr\\\/\",\"name\":\"Bruc Jard\u00ed\",\"description\":\"\",\"publisher\":{\"@id\":\"https:\\\/\\\/www.brucjardi.com\\\/fr\\\/#organization\"},\"alternateName\":\"BJ\",\"potentialAction\":[{\"@type\":\"SearchAction\",\"target\":{\"@type\":\"EntryPoint\",\"urlTemplate\":\"https:\\\/\\\/www.brucjardi.com\\\/fr\\\/?s={search_term_string}\"},\"query-input\":{\"@type\":\"PropertyValueSpecification\",\"valueRequired\":true,\"valueName\":\"search_term_string\"}}],\"inLanguage\":\"fr-FR\"},{\"@type\":\"Organization\",\"@id\":\"https:\\\/\\\/www.brucjardi.com\\\/fr\\\/#organization\",\"name\":\"Bruc Jard\u00ed\",\"url\":\"https:\\\/\\\/www.brucjardi.com\\\/fr\\\/\",\"logo\":{\"@type\":\"ImageObject\",\"inLanguage\":\"fr-FR\",\"@id\":\"https:\\\/\\\/www.brucjardi.com\\\/fr\\\/#\\\/schema\\\/logo\\\/image\\\/\",\"url\":\"https:\\\/\\\/www.brucjardi.com\\\/wp-content\\\/uploads\\\/2023\\\/09\\\/logo-BJ.png\",\"contentUrl\":\"https:\\\/\\\/www.brucjardi.com\\\/wp-content\\\/uploads\\\/2023\\\/09\\\/logo-BJ.png\",\"width\":1713,\"height\":1548,\"caption\":\"Bruc Jard\u00ed\"},\"image\":{\"@id\":\"https:\\\/\\\/www.brucjardi.com\\\/fr\\\/#\\\/schema\\\/logo\\\/image\\\/\"},\"sameAs\":[\"https:\\\/\\\/www.facebook.com\\\/p\\\/Bruc-Jard-100064062129504\\\/?paipv=0&eav=AfYBgNTLyCD_XE-2sHqF-2NhCAlhfUu6pU6jIP4Cig42OkIfyGuVIdQjWqlOtRoWBJs&_rdr\",\"https:\\\/\\\/www.instagram.com\\\/brucjardi_oficial\\\/?hl=es\"]}]}<\/script>\n<!-- \/ Yoast SEO plugin. -->","yoast_head_json":{"title":"Gravier Empord\u00e0 - Bruc Jard\u00ed","description":"Le gravier Empord\u00e0 est adapt\u00e9 \u00e0 la d\u00e9coration de jardins, chemins, zones publiques, ainsi qu'\u00e0 diverses conceptions et d\u00e9corations gr\u00e2ce \u00e0 sa teinte neutre.","robots":{"index":"index","follow":"follow","max-snippet":"max-snippet:-1","max-image-preview":"max-image-preview:large","max-video-preview":"max-video-preview:-1"},"canonical":"https:\/\/www.brucjardi.com\/fr\/producto\/gravier-emporda\/","og_locale":"fr_FR","og_type":"article","og_title":"Gravier Empord\u00e0 - Bruc Jard\u00ed","og_description":"Le gravier Empord\u00e0 est adapt\u00e9 \u00e0 la d\u00e9coration de jardins, chemins, zones publiques, ainsi qu'\u00e0 diverses conceptions et d\u00e9corations gr\u00e2ce \u00e0 sa teinte neutre.","og_url":"https:\/\/www.brucjardi.com\/fr\/producto\/gravier-emporda\/","og_site_name":"Bruc Jard\u00ed","article_publisher":"https:\/\/www.facebook.com\/p\/Bruc-Jard-100064062129504\/?paipv=0&eav=AfYBgNTLyCD_XE-2sHqF-2NhCAlhfUu6pU6jIP4Cig42OkIfyGuVIdQjWqlOtRoWBJs&_rdr","article_modified_time":"2026-04-30T12:41:31+00:00","og_image":[{"width":600,"height":600,"url":"https:\/\/www.brucjardi.com\/wp-content\/uploads\/2024\/01\/Grava-Emporda-600x600-1.jpg","type":"image\/jpeg"}],"twitter_card":"summary_large_image","twitter_misc":{"Dur\u00e9e de lecture estim\u00e9e":"2 minutes"},"schema":{"@context":"https:\/\/schema.org","@graph":[{"@type":"WebPage","@id":"https:\/\/www.brucjardi.com\/fr\/producto\/gravier-emporda\/","url":"https:\/\/www.brucjardi.com\/fr\/producto\/gravier-emporda\/","name":"Gravier Empord\u00e0 - Bruc Jard\u00ed","isPartOf":{"@id":"https:\/\/www.brucjardi.com\/fr\/#website"},"primaryImageOfPage":{"@id":"https:\/\/www.brucjardi.com\/fr\/producto\/gravier-emporda\/#primaryimage"},"image":{"@id":"https:\/\/www.brucjardi.com\/fr\/producto\/gravier-emporda\/#primaryimage"},"thumbnailUrl":"https:\/\/www.brucjardi.com\/wp-content\/uploads\/2024\/01\/Grava-Emporda-600x600-1.jpg","datePublished":"2024-01-08T08:53:31+00:00","dateModified":"2026-04-30T12:41:31+00:00","description":"Le gravier Empord\u00e0 est adapt\u00e9 \u00e0 la d\u00e9coration de jardins, chemins, zones publiques, ainsi qu'\u00e0 diverses conceptions et d\u00e9corations gr\u00e2ce \u00e0 sa teinte neutre.","breadcrumb":{"@id":"https:\/\/www.brucjardi.com\/fr\/producto\/gravier-emporda\/#breadcrumb"},"inLanguage":"fr-FR","potentialAction":[{"@type":"ReadAction","target":["https:\/\/www.brucjardi.com\/fr\/producto\/gravier-emporda\/"]}]},{"@type":"ImageObject","inLanguage":"fr-FR","@id":"https:\/\/www.brucjardi.com\/fr\/producto\/gravier-emporda\/#primaryimage","url":"https:\/\/www.brucjardi.com\/wp-content\/uploads\/2024\/01\/Grava-Emporda-600x600-1.jpg","contentUrl":"https:\/\/www.brucjardi.com\/wp-content\/uploads\/2024\/01\/Grava-Emporda-600x600-1.jpg","width":600,"height":600,"caption":"Gravier Empord\u00e0"},{"@type":"BreadcrumbList","@id":"https:\/\/www.brucjardi.com\/fr\/producto\/gravier-emporda\/#breadcrumb","itemListElement":[{"@type":"ListItem","position":1,"name":"Produits","item":"https:\/\/www.brucjardi.com\/fr\/shop\/"},{"@type":"ListItem","position":2,"name":"Gravier Empord\u00e0"}]},{"@type":"WebSite","@id":"https:\/\/www.brucjardi.com\/fr\/#website","url":"https:\/\/www.brucjardi.com\/fr\/","name":"Bruc Jard\u00ed","description":"","publisher":{"@id":"https:\/\/www.brucjardi.com\/fr\/#organization"},"alternateName":"BJ","potentialAction":[{"@type":"SearchAction","target":{"@type":"EntryPoint","urlTemplate":"https:\/\/www.brucjardi.com\/fr\/?s={search_term_string}"},"query-input":{"@type":"PropertyValueSpecification","valueRequired":true,"valueName":"search_term_string"}}],"inLanguage":"fr-FR"},{"@type":"Organization","@id":"https:\/\/www.brucjardi.com\/fr\/#organization","name":"Bruc Jard\u00ed","url":"https:\/\/www.brucjardi.com\/fr\/","logo":{"@type":"ImageObject","inLanguage":"fr-FR","@id":"https:\/\/www.brucjardi.com\/fr\/#\/schema\/logo\/image\/","url":"https:\/\/www.brucjardi.com\/wp-content\/uploads\/2023\/09\/logo-BJ.png","contentUrl":"https:\/\/www.brucjardi.com\/wp-content\/uploads\/2023\/09\/logo-BJ.png","width":1713,"height":1548,"caption":"Bruc Jard\u00ed"},"image":{"@id":"https:\/\/www.brucjardi.com\/fr\/#\/schema\/logo\/image\/"},"sameAs":["https:\/\/www.facebook.com\/p\/Bruc-Jard-100064062129504\/?paipv=0&eav=AfYBgNTLyCD_XE-2sHqF-2NhCAlhfUu6pU6jIP4Cig42OkIfyGuVIdQjWqlOtRoWBJs&_rdr","https:\/\/www.instagram.com\/brucjardi_oficial\/?hl=es"]}]}},"_links":{"self":[{"href":"https:\/\/www.brucjardi.com\/fr\/wp-json\/wp\/v2\/product\/9773","targetHints":{"allow":["GET"]}}],"collection":[{"href":"https:\/\/www.brucjardi.com\/fr\/wp-json\/wp\/v2\/product"}],"about":[{"href":"https:\/\/www.brucjardi.com\/fr\/wp-json\/wp\/v2\/types\/product"}],"wp:featuredmedia":[{"embeddable":true,"href":"https:\/\/www.brucjardi.com\/fr\/wp-json\/wp\/v2\/media\/8393"}],"wp:attachment":[{"href":"https:\/\/www.brucjardi.com\/fr\/wp-json\/wp\/v2\/media?parent=9773"}],"wp:term":[{"taxonomy":"product_brand","embeddable":true,"href":"https:\/\/www.brucjardi.com\/fr\/wp-json\/wp\/v2\/product_brand?post=9773"},{"taxonomy":"product_cat","embeddable":true,"href":"https:\/\/www.brucjardi.com\/fr\/wp-json\/wp\/v2\/product_cat?post=9773"},{"taxonomy":"product_tag","embeddable":true,"href":"https:\/\/www.brucjardi.com\/fr\/wp-json\/wp\/v2\/product_tag?post=9773"}],"curies":[{"name":"wp","href":"https:\/\/api.w.org\/{rel}","templated":true}]}}