{"id":9774,"date":"2024-01-08T10:02:25","date_gmt":"2024-01-08T09:02:25","guid":{"rendered":"https:\/\/dev.brucjardi.com\/producto\/gravier-basalt\/"},"modified":"2025-09-25T09:54:34","modified_gmt":"2025-09-25T07:54:34","slug":"gravier-basalt","status":"publish","type":"product","link":"https:\/\/www.brucjardi.com\/fr\/producto\/gravier-basalt\/","title":{"rendered":"Gravier basalt"},"content":{"rendered":"<p>D\u00e9couvrez l&rsquo;\u00e9l\u00e9gance intemporelle du gravier basalt. C&rsquo;est une pierre basaltique au ton marron fonc\u00e9. Avec son apparence distinctive, ce gravier est adapt\u00e9 \u00e0 une large gamme d&rsquo;applications dans la d\u00e9coration de jardins, de chemins, de zones publiques et de divers designs paysagers.<\/p>\n<p>Le gravier se distingue par sa couleur marron fonc\u00e9. Cela lui conf\u00e8re un caract\u00e8re sophistiqu\u00e9 et polyvalent. Sa tonalit\u00e9 permet une int\u00e9gration harmonieuse dans diff\u00e9rents environnements. Offrant une base \u00e9l\u00e9gante qui peut s&rsquo;adapter \u00e0 une vari\u00e9t\u00e9 de styles de conception paysag\u00e8re.<\/p>\n<p>Ce mat\u00e9riau est particuli\u00e8rement polyvalent. Il est fr\u00e9quemment utilis\u00e9 dans des projets paysagers publics et priv\u00e9s. Son application va de la d\u00e9coration de jardins \u00e0 la cr\u00e9ation de chemins et d&rsquo;espaces publics, offrant une option esth\u00e9tique et fonctionnelle pour une vari\u00e9t\u00e9 de configurations ext\u00e9rieures.<\/p>\n<p>Explorez les possibilit\u00e9s cr\u00e9atives offertes par le gravier basalt dans l&rsquo;am\u00e9nagement d&rsquo;espaces ext\u00e9rieurs. Qu&rsquo;il soit utilis\u00e9 pour accentuer des \u00e9l\u00e9ments sp\u00e9cifiques ou comme composant principal dans la d\u00e9coration, ce gravier basaltique se pr\u00e9sente comme un choix distingu\u00e9 pour ceux qui cherchent \u00e0 ajouter une touche d&rsquo;\u00e9l\u00e9gance \u00e0 leurs projets d&rsquo;am\u00e9nagement paysager. Si vous souhaitez utiliser ce gravier pour vos projets de jardin, n&rsquo;h\u00e9sitez pas \u00e0 contacter Bruc Jard\u00ed. Nous vous fournirons un service personnalis\u00e9.<\/p>\n","protected":false},"excerpt":{"rendered":"<div class=\"ocultar-ver-mas-mobile\">\n<p>Pierre de basalte brun fonc\u00e9. Convient pour d\u00e9corer les jardins, les chemins, les espaces publics, divers designs et d\u00e9corations.<\/p>\n<p><strong>Conditionnements disponibles:<\/strong><\/p>\n<p><img decoding=\"async\" class=\"alignnone wp-image-9718 lazyload\" data-src=\"https:\/\/www.brucjardi.com\/wp-content\/uploads\/2024\/02\/bb-ev-tab.png\" alt=\"\" width=\"195\" height=\"78\" src=\"data:image\/svg+xml;base64,PHN2ZyB3aWR0aD0iMSIgaGVpZ2h0PSIxIiB4bWxucz0iaHR0cDovL3d3dy53My5vcmcvMjAwMC9zdmciPjwvc3ZnPg==\" style=\"--smush-placeholder-width: 195px; --smush-placeholder-aspect-ratio: 195\/78;\" \/><\/p>\n<\/div>\n","protected":false},"featured_media":8398,"template":"","meta":{"_acf_changed":false},"product_brand":[],"product_cat":[380,371],"product_tag":[],"class_list":{"0":"post-9774","1":"product","2":"type-product","3":"status-publish","4":"has-post-thumbnail","6":"product_cat-gravier-basalt","7":"product_cat-graviers-et-agregats-decoratifs","9":"first","10":"instock","11":"shipping-taxable","12":"product-type-simple"},"acf":[],"yoast_head":"<!-- This site is optimized with the Yoast SEO plugin v27.6 - https:\/\/yoast.com\/product\/yoast-seo-wordpress\/ -->\n<title>Gravier basalt - Bruc Jard\u00ed<\/title>\n<meta name=\"description\" content=\"La gravier basalt est une pierre basaltique de couleur marron fonc\u00e9. Adapt\u00e9e \u00e0 la d\u00e9coration de jardins, chemins, zones publiques et designs.\" \/>\n<meta name=\"robots\" content=\"index, follow, max-snippet:-1, max-image-preview:large, max-video-preview:-1\" \/>\n<link rel=\"canonical\" href=\"https:\/\/www.brucjardi.com\/fr\/producto\/gravier-basalt\/\" \/>\n<meta property=\"og:locale\" content=\"fr_FR\" \/>\n<meta property=\"og:type\" content=\"article\" \/>\n<meta property=\"og:title\" content=\"Gravier basalt - Bruc Jard\u00ed\" \/>\n<meta property=\"og:description\" content=\"La gravier basalt est une pierre basaltique de couleur marron fonc\u00e9. Adapt\u00e9e \u00e0 la d\u00e9coration de jardins, chemins, zones publiques et designs.\" \/>\n<meta property=\"og:url\" content=\"https:\/\/www.brucjardi.com\/fr\/producto\/gravier-basalt\/\" \/>\n<meta property=\"og:site_name\" content=\"Bruc Jard\u00ed\" \/>\n<meta property=\"article:publisher\" content=\"https:\/\/www.facebook.com\/p\/Bruc-Jard-100064062129504\/?paipv=0&amp;eav=AfYBgNTLyCD_XE-2sHqF-2NhCAlhfUu6pU6jIP4Cig42OkIfyGuVIdQjWqlOtRoWBJs&amp;_rdr\" \/>\n<meta property=\"article:modified_time\" content=\"2025-09-25T07:54:34+00:00\" \/>\n<meta property=\"og:image\" content=\"https:\/\/www.brucjardi.com\/wp-content\/uploads\/2024\/01\/Gravilla-Basalto-600x600-1.jpg\" \/>\n\t<meta property=\"og:image:width\" content=\"600\" \/>\n\t<meta property=\"og:image:height\" content=\"600\" \/>\n\t<meta property=\"og:image:type\" content=\"image\/jpeg\" \/>\n<meta name=\"twitter:card\" content=\"summary_large_image\" \/>\n<meta name=\"twitter:label1\" content=\"Dur\u00e9e de lecture estim\u00e9e\" \/>\n\t<meta name=\"twitter:data1\" content=\"2 minutes\" \/>\n<script type=\"application\/ld+json\" class=\"yoast-schema-graph\">{\"@context\":\"https:\\\/\\\/schema.org\",\"@graph\":[{\"@type\":\"WebPage\",\"@id\":\"https:\\\/\\\/www.brucjardi.com\\\/fr\\\/producto\\\/gravier-basalt\\\/\",\"url\":\"https:\\\/\\\/www.brucjardi.com\\\/fr\\\/producto\\\/gravier-basalt\\\/\",\"name\":\"Gravier basalt - Bruc Jard\u00ed\",\"isPartOf\":{\"@id\":\"https:\\\/\\\/www.brucjardi.com\\\/fr\\\/#website\"},\"primaryImageOfPage\":{\"@id\":\"https:\\\/\\\/www.brucjardi.com\\\/fr\\\/producto\\\/gravier-basalt\\\/#primaryimage\"},\"image\":{\"@id\":\"https:\\\/\\\/www.brucjardi.com\\\/fr\\\/producto\\\/gravier-basalt\\\/#primaryimage\"},\"thumbnailUrl\":\"https:\\\/\\\/www.brucjardi.com\\\/wp-content\\\/uploads\\\/2024\\\/01\\\/Gravilla-Basalto-600x600-1.jpg\",\"datePublished\":\"2024-01-08T09:02:25+00:00\",\"dateModified\":\"2025-09-25T07:54:34+00:00\",\"description\":\"La gravier basalt est une pierre basaltique de couleur marron fonc\u00e9. Adapt\u00e9e \u00e0 la d\u00e9coration de jardins, chemins, zones publiques et designs.\",\"breadcrumb\":{\"@id\":\"https:\\\/\\\/www.brucjardi.com\\\/fr\\\/producto\\\/gravier-basalt\\\/#breadcrumb\"},\"inLanguage\":\"fr-FR\",\"potentialAction\":[{\"@type\":\"ReadAction\",\"target\":[\"https:\\\/\\\/www.brucjardi.com\\\/fr\\\/producto\\\/gravier-basalt\\\/\"]}]},{\"@type\":\"ImageObject\",\"inLanguage\":\"fr-FR\",\"@id\":\"https:\\\/\\\/www.brucjardi.com\\\/fr\\\/producto\\\/gravier-basalt\\\/#primaryimage\",\"url\":\"https:\\\/\\\/www.brucjardi.com\\\/wp-content\\\/uploads\\\/2024\\\/01\\\/Gravilla-Basalto-600x600-1.jpg\",\"contentUrl\":\"https:\\\/\\\/www.brucjardi.com\\\/wp-content\\\/uploads\\\/2024\\\/01\\\/Gravilla-Basalto-600x600-1.jpg\",\"width\":600,\"height\":600,\"caption\":\"Gravier basalt\"},{\"@type\":\"BreadcrumbList\",\"@id\":\"https:\\\/\\\/www.brucjardi.com\\\/fr\\\/producto\\\/gravier-basalt\\\/#breadcrumb\",\"itemListElement\":[{\"@type\":\"ListItem\",\"position\":1,\"name\":\"Produits\",\"item\":\"https:\\\/\\\/www.brucjardi.com\\\/fr\\\/shop\\\/\"},{\"@type\":\"ListItem\",\"position\":2,\"name\":\"Gravier basalt\"}]},{\"@type\":\"WebSite\",\"@id\":\"https:\\\/\\\/www.brucjardi.com\\\/fr\\\/#website\",\"url\":\"https:\\\/\\\/www.brucjardi.com\\\/fr\\\/\",\"name\":\"Bruc Jard\u00ed\",\"description\":\"\",\"publisher\":{\"@id\":\"https:\\\/\\\/www.brucjardi.com\\\/fr\\\/#organization\"},\"alternateName\":\"BJ\",\"potentialAction\":[{\"@type\":\"SearchAction\",\"target\":{\"@type\":\"EntryPoint\",\"urlTemplate\":\"https:\\\/\\\/www.brucjardi.com\\\/fr\\\/?s={search_term_string}\"},\"query-input\":{\"@type\":\"PropertyValueSpecification\",\"valueRequired\":true,\"valueName\":\"search_term_string\"}}],\"inLanguage\":\"fr-FR\"},{\"@type\":\"Organization\",\"@id\":\"https:\\\/\\\/www.brucjardi.com\\\/fr\\\/#organization\",\"name\":\"Bruc Jard\u00ed\",\"url\":\"https:\\\/\\\/www.brucjardi.com\\\/fr\\\/\",\"logo\":{\"@type\":\"ImageObject\",\"inLanguage\":\"fr-FR\",\"@id\":\"https:\\\/\\\/www.brucjardi.com\\\/fr\\\/#\\\/schema\\\/logo\\\/image\\\/\",\"url\":\"https:\\\/\\\/www.brucjardi.com\\\/wp-content\\\/uploads\\\/2023\\\/09\\\/logo-BJ.png\",\"contentUrl\":\"https:\\\/\\\/www.brucjardi.com\\\/wp-content\\\/uploads\\\/2023\\\/09\\\/logo-BJ.png\",\"width\":1713,\"height\":1548,\"caption\":\"Bruc Jard\u00ed\"},\"image\":{\"@id\":\"https:\\\/\\\/www.brucjardi.com\\\/fr\\\/#\\\/schema\\\/logo\\\/image\\\/\"},\"sameAs\":[\"https:\\\/\\\/www.facebook.com\\\/p\\\/Bruc-Jard-100064062129504\\\/?paipv=0&eav=AfYBgNTLyCD_XE-2sHqF-2NhCAlhfUu6pU6jIP4Cig42OkIfyGuVIdQjWqlOtRoWBJs&_rdr\",\"https:\\\/\\\/www.instagram.com\\\/brucjardi_oficial\\\/?hl=es\"]}]}<\/script>\n<!-- \/ Yoast SEO plugin. -->","yoast_head_json":{"title":"Gravier basalt - Bruc Jard\u00ed","description":"La gravier basalt est une pierre basaltique de couleur marron fonc\u00e9. Adapt\u00e9e \u00e0 la d\u00e9coration de jardins, chemins, zones publiques et designs.","robots":{"index":"index","follow":"follow","max-snippet":"max-snippet:-1","max-image-preview":"max-image-preview:large","max-video-preview":"max-video-preview:-1"},"canonical":"https:\/\/www.brucjardi.com\/fr\/producto\/gravier-basalt\/","og_locale":"fr_FR","og_type":"article","og_title":"Gravier basalt - Bruc Jard\u00ed","og_description":"La gravier basalt est une pierre basaltique de couleur marron fonc\u00e9. Adapt\u00e9e \u00e0 la d\u00e9coration de jardins, chemins, zones publiques et designs.","og_url":"https:\/\/www.brucjardi.com\/fr\/producto\/gravier-basalt\/","og_site_name":"Bruc Jard\u00ed","article_publisher":"https:\/\/www.facebook.com\/p\/Bruc-Jard-100064062129504\/?paipv=0&eav=AfYBgNTLyCD_XE-2sHqF-2NhCAlhfUu6pU6jIP4Cig42OkIfyGuVIdQjWqlOtRoWBJs&_rdr","article_modified_time":"2025-09-25T07:54:34+00:00","og_image":[{"width":600,"height":600,"url":"https:\/\/www.brucjardi.com\/wp-content\/uploads\/2024\/01\/Gravilla-Basalto-600x600-1.jpg","type":"image\/jpeg"}],"twitter_card":"summary_large_image","twitter_misc":{"Dur\u00e9e de lecture estim\u00e9e":"2 minutes"},"schema":{"@context":"https:\/\/schema.org","@graph":[{"@type":"WebPage","@id":"https:\/\/www.brucjardi.com\/fr\/producto\/gravier-basalt\/","url":"https:\/\/www.brucjardi.com\/fr\/producto\/gravier-basalt\/","name":"Gravier basalt - Bruc Jard\u00ed","isPartOf":{"@id":"https:\/\/www.brucjardi.com\/fr\/#website"},"primaryImageOfPage":{"@id":"https:\/\/www.brucjardi.com\/fr\/producto\/gravier-basalt\/#primaryimage"},"image":{"@id":"https:\/\/www.brucjardi.com\/fr\/producto\/gravier-basalt\/#primaryimage"},"thumbnailUrl":"https:\/\/www.brucjardi.com\/wp-content\/uploads\/2024\/01\/Gravilla-Basalto-600x600-1.jpg","datePublished":"2024-01-08T09:02:25+00:00","dateModified":"2025-09-25T07:54:34+00:00","description":"La gravier basalt est une pierre basaltique de couleur marron fonc\u00e9. Adapt\u00e9e \u00e0 la d\u00e9coration de jardins, chemins, zones publiques et designs.","breadcrumb":{"@id":"https:\/\/www.brucjardi.com\/fr\/producto\/gravier-basalt\/#breadcrumb"},"inLanguage":"fr-FR","potentialAction":[{"@type":"ReadAction","target":["https:\/\/www.brucjardi.com\/fr\/producto\/gravier-basalt\/"]}]},{"@type":"ImageObject","inLanguage":"fr-FR","@id":"https:\/\/www.brucjardi.com\/fr\/producto\/gravier-basalt\/#primaryimage","url":"https:\/\/www.brucjardi.com\/wp-content\/uploads\/2024\/01\/Gravilla-Basalto-600x600-1.jpg","contentUrl":"https:\/\/www.brucjardi.com\/wp-content\/uploads\/2024\/01\/Gravilla-Basalto-600x600-1.jpg","width":600,"height":600,"caption":"Gravier basalt"},{"@type":"BreadcrumbList","@id":"https:\/\/www.brucjardi.com\/fr\/producto\/gravier-basalt\/#breadcrumb","itemListElement":[{"@type":"ListItem","position":1,"name":"Produits","item":"https:\/\/www.brucjardi.com\/fr\/shop\/"},{"@type":"ListItem","position":2,"name":"Gravier basalt"}]},{"@type":"WebSite","@id":"https:\/\/www.brucjardi.com\/fr\/#website","url":"https:\/\/www.brucjardi.com\/fr\/","name":"Bruc Jard\u00ed","description":"","publisher":{"@id":"https:\/\/www.brucjardi.com\/fr\/#organization"},"alternateName":"BJ","potentialAction":[{"@type":"SearchAction","target":{"@type":"EntryPoint","urlTemplate":"https:\/\/www.brucjardi.com\/fr\/?s={search_term_string}"},"query-input":{"@type":"PropertyValueSpecification","valueRequired":true,"valueName":"search_term_string"}}],"inLanguage":"fr-FR"},{"@type":"Organization","@id":"https:\/\/www.brucjardi.com\/fr\/#organization","name":"Bruc Jard\u00ed","url":"https:\/\/www.brucjardi.com\/fr\/","logo":{"@type":"ImageObject","inLanguage":"fr-FR","@id":"https:\/\/www.brucjardi.com\/fr\/#\/schema\/logo\/image\/","url":"https:\/\/www.brucjardi.com\/wp-content\/uploads\/2023\/09\/logo-BJ.png","contentUrl":"https:\/\/www.brucjardi.com\/wp-content\/uploads\/2023\/09\/logo-BJ.png","width":1713,"height":1548,"caption":"Bruc Jard\u00ed"},"image":{"@id":"https:\/\/www.brucjardi.com\/fr\/#\/schema\/logo\/image\/"},"sameAs":["https:\/\/www.facebook.com\/p\/Bruc-Jard-100064062129504\/?paipv=0&eav=AfYBgNTLyCD_XE-2sHqF-2NhCAlhfUu6pU6jIP4Cig42OkIfyGuVIdQjWqlOtRoWBJs&_rdr","https:\/\/www.instagram.com\/brucjardi_oficial\/?hl=es"]}]}},"_links":{"self":[{"href":"https:\/\/www.brucjardi.com\/fr\/wp-json\/wp\/v2\/product\/9774","targetHints":{"allow":["GET"]}}],"collection":[{"href":"https:\/\/www.brucjardi.com\/fr\/wp-json\/wp\/v2\/product"}],"about":[{"href":"https:\/\/www.brucjardi.com\/fr\/wp-json\/wp\/v2\/types\/product"}],"wp:featuredmedia":[{"embeddable":true,"href":"https:\/\/www.brucjardi.com\/fr\/wp-json\/wp\/v2\/media\/8398"}],"wp:attachment":[{"href":"https:\/\/www.brucjardi.com\/fr\/wp-json\/wp\/v2\/media?parent=9774"}],"wp:term":[{"taxonomy":"product_brand","embeddable":true,"href":"https:\/\/www.brucjardi.com\/fr\/wp-json\/wp\/v2\/product_brand?post=9774"},{"taxonomy":"product_cat","embeddable":true,"href":"https:\/\/www.brucjardi.com\/fr\/wp-json\/wp\/v2\/product_cat?post=9774"},{"taxonomy":"product_tag","embeddable":true,"href":"https:\/\/www.brucjardi.com\/fr\/wp-json\/wp\/v2\/product_tag?post=9774"}],"curies":[{"name":"wp","href":"https:\/\/api.w.org\/{rel}","templated":true}]}}