{"id":9799,"date":"2024-01-04T10:44:06","date_gmt":"2024-01-04T09:44:06","guid":{"rendered":"https:\/\/dev.brucjardi.com\/producto\/galet-marbre-blanc-pur\/"},"modified":"2025-11-18T14:41:30","modified_gmt":"2025-11-18T13:41:30","slug":"galet-marbre-blanc-pur","status":"publish","type":"product","link":"https:\/\/www.brucjardi.com\/fr\/producto\/galet-marbre-blanc-pur\/","title":{"rendered":"Galet marbre blanc pur"},"content":{"rendered":"<p>Decouvez l&rsquo;elegance intemporelle avec notre galet en marbre blanc pur. Une pierre de marbre blanc aux galets arrondis offrant d&rsquo;innombrables possibilit\u00e9s d\u00e9coratives. Avec ses caract\u00e9ristiques uniques, ce galet se transforme en un \u00e9l\u00e9ment polyvalent qui rehausse l&rsquo;esth\u00e9tique de tout espace ext\u00e9rieur.<\/p>\n<p>La puret\u00e9 du marbre blanc ressort dans chaque galet, offrant une luminosit\u00e9 naturelle qui transforme l&rsquo;apparence de votre jardin. Ce galet est le choix parfait pour cr\u00e9er des contrastes visuels saisissants, surtout lorsqu&rsquo;il est combin\u00e9 avec des terrasses en bois naturel ou synth\u00e9tique, cr\u00e9ant une harmonie entre la fra\u00eecheur du marbre et la chaleur du bois.<\/p>\n<p>La polyvalence du galet en marbre blanc s&rsquo;\u00e9tend m\u00eame au gazon artificiel, o\u00f9 sa teinte claire ajoute une touche de sophistication et de modernit\u00e9. Cette pierre devient un \u00e9l\u00e9ment essentiel dans la d\u00e9coration zen, o\u00f9 la simplicit\u00e9 et l&rsquo;harmonie sont essentielles pour cr\u00e9er une atmosph\u00e8re sereine et \u00e9quilibr\u00e9e.<\/p>\n<p>Explorez l&rsquo;infini des possibilit\u00e9s d&rsquo;utilisation du galet en marbre blanc pur pour personnaliser votre espace ext\u00e9rieur. Que ce soit en combinaison avec des \u00e9l\u00e9ments naturels ou synth\u00e9tiques, ce galet offre une palette d\u00e9corative adapt\u00e9e \u00e0 divers styles de jardin. Laissez la luminosit\u00e9 et la puret\u00e9 du marbre blanc d\u00e9finir votre oasis ext\u00e9rieur, cr\u00e9ant une ambiance zen qui invite \u00e0 la relaxation et \u00e0 la contemplation.<\/p>\n","protected":false},"excerpt":{"rendered":"<p>En raison de ses caract\u00e9ristiques d\u00e9coratives, ce type de pierre de marbre blanc roul\u00e9 offre des possibilit\u00e9s d\u2019utilisation infinies. Il est parfait en combinaison avec des terrasses en bois naturel et synth\u00e9tique, ainsi qu\u2019avec du gazon artificiel. Indispensable dans la d\u00e9coration zen.<\/p>\n<p><strong>Conditionnements disponibles:<\/strong><\/p>\n<p><img decoding=\"async\" class=\"alignnone wp-image-9797 lazyload\" data-src=\"https:\/\/www.brucjardi.com\/wp-content\/uploads\/2024\/02\/s-bb12-bb-j-tc-300x75.png\" alt=\"\" width=\"280\" height=\"70\" data-srcset=\"https:\/\/www.brucjardi.com\/wp-content\/uploads\/2024\/02\/s-bb12-bb-j-tc-300x75.png 300w, https:\/\/www.brucjardi.com\/wp-content\/uploads\/2024\/02\/s-bb12-bb-j-tc.png 417w\" data-sizes=\"(max-width: 280px) 100vw, 280px\" src=\"data:image\/svg+xml;base64,PHN2ZyB3aWR0aD0iMSIgaGVpZ2h0PSIxIiB4bWxucz0iaHR0cDovL3d3dy53My5vcmcvMjAwMC9zdmciPjwvc3ZnPg==\" style=\"--smush-placeholder-width: 280px; --smush-placeholder-aspect-ratio: 280\/70;\" \/><\/p>\n","protected":false},"featured_media":7364,"template":"","meta":{"_acf_changed":false},"product_brand":[],"product_cat":[391,387],"product_tag":[],"class_list":{"0":"post-9799","1":"product","2":"type-product","3":"status-publish","4":"has-post-thumbnail","6":"product_cat-galet-marbre-blanc","7":"product_cat-galets","9":"first","10":"instock","11":"shipping-taxable","12":"product-type-simple"},"acf":[],"yoast_head":"<!-- This site is optimized with the Yoast SEO plugin v27.6 - https:\/\/yoast.com\/product\/yoast-seo-wordpress\/ -->\n<title>Galet marbre blanc pur - Bruc Jard\u00ed<\/title>\n<meta name=\"description\" content=\"Le galet en marbre blanc pur est une pierre \u00e0 galets arrondis. Il est utilis\u00e9 pour sa valeur d\u00e9corative et ses innombrables possibilit\u00e9s.\" \/>\n<meta name=\"robots\" content=\"index, follow, max-snippet:-1, max-image-preview:large, max-video-preview:-1\" \/>\n<link rel=\"canonical\" href=\"https:\/\/www.brucjardi.com\/fr\/producto\/galet-marbre-blanc-pur\/\" \/>\n<meta property=\"og:locale\" content=\"fr_FR\" \/>\n<meta property=\"og:type\" content=\"article\" \/>\n<meta property=\"og:title\" content=\"Galet marbre blanc pur - Bruc Jard\u00ed\" \/>\n<meta property=\"og:description\" content=\"Le galet en marbre blanc pur est une pierre \u00e0 galets arrondis. Il est utilis\u00e9 pour sa valeur d\u00e9corative et ses innombrables possibilit\u00e9s.\" \/>\n<meta property=\"og:url\" content=\"https:\/\/www.brucjardi.com\/fr\/producto\/galet-marbre-blanc-pur\/\" \/>\n<meta property=\"og:site_name\" content=\"Bruc Jard\u00ed\" \/>\n<meta property=\"article:publisher\" content=\"https:\/\/www.facebook.com\/p\/Bruc-Jard-100064062129504\/?paipv=0&amp;eav=AfYBgNTLyCD_XE-2sHqF-2NhCAlhfUu6pU6jIP4Cig42OkIfyGuVIdQjWqlOtRoWBJs&amp;_rdr\" \/>\n<meta property=\"article:modified_time\" content=\"2025-11-18T13:41:30+00:00\" \/>\n<meta property=\"og:image\" content=\"https:\/\/www.brucjardi.com\/wp-content\/uploads\/2024\/01\/Bolo-Marmol-Blanco-Puro-1-600x600-1.jpg\" \/>\n\t<meta property=\"og:image:width\" content=\"600\" \/>\n\t<meta property=\"og:image:height\" content=\"600\" \/>\n\t<meta property=\"og:image:type\" content=\"image\/jpeg\" \/>\n<meta name=\"twitter:card\" content=\"summary_large_image\" \/>\n<meta name=\"twitter:label1\" content=\"Dur\u00e9e de lecture estim\u00e9e\" \/>\n\t<meta name=\"twitter:data1\" content=\"2 minutes\" \/>\n<script type=\"application\/ld+json\" class=\"yoast-schema-graph\">{\"@context\":\"https:\\\/\\\/schema.org\",\"@graph\":[{\"@type\":\"WebPage\",\"@id\":\"https:\\\/\\\/www.brucjardi.com\\\/fr\\\/producto\\\/galet-marbre-blanc-pur\\\/\",\"url\":\"https:\\\/\\\/www.brucjardi.com\\\/fr\\\/producto\\\/galet-marbre-blanc-pur\\\/\",\"name\":\"Galet marbre blanc pur - Bruc Jard\u00ed\",\"isPartOf\":{\"@id\":\"https:\\\/\\\/www.brucjardi.com\\\/fr\\\/#website\"},\"primaryImageOfPage\":{\"@id\":\"https:\\\/\\\/www.brucjardi.com\\\/fr\\\/producto\\\/galet-marbre-blanc-pur\\\/#primaryimage\"},\"image\":{\"@id\":\"https:\\\/\\\/www.brucjardi.com\\\/fr\\\/producto\\\/galet-marbre-blanc-pur\\\/#primaryimage\"},\"thumbnailUrl\":\"https:\\\/\\\/www.brucjardi.com\\\/wp-content\\\/uploads\\\/2023\\\/10\\\/bol-marm-blan.jpg\",\"datePublished\":\"2024-01-04T09:44:06+00:00\",\"dateModified\":\"2025-11-18T13:41:30+00:00\",\"description\":\"Le galet en marbre blanc pur est une pierre \u00e0 galets arrondis. Il est utilis\u00e9 pour sa valeur d\u00e9corative et ses innombrables possibilit\u00e9s.\",\"breadcrumb\":{\"@id\":\"https:\\\/\\\/www.brucjardi.com\\\/fr\\\/producto\\\/galet-marbre-blanc-pur\\\/#breadcrumb\"},\"inLanguage\":\"fr-FR\",\"potentialAction\":[{\"@type\":\"ReadAction\",\"target\":[\"https:\\\/\\\/www.brucjardi.com\\\/fr\\\/producto\\\/galet-marbre-blanc-pur\\\/\"]}]},{\"@type\":\"ImageObject\",\"inLanguage\":\"fr-FR\",\"@id\":\"https:\\\/\\\/www.brucjardi.com\\\/fr\\\/producto\\\/galet-marbre-blanc-pur\\\/#primaryimage\",\"url\":\"https:\\\/\\\/www.brucjardi.com\\\/wp-content\\\/uploads\\\/2023\\\/10\\\/bol-marm-blan.jpg\",\"contentUrl\":\"https:\\\/\\\/www.brucjardi.com\\\/wp-content\\\/uploads\\\/2023\\\/10\\\/bol-marm-blan.jpg\",\"width\":600,\"height\":600},{\"@type\":\"BreadcrumbList\",\"@id\":\"https:\\\/\\\/www.brucjardi.com\\\/fr\\\/producto\\\/galet-marbre-blanc-pur\\\/#breadcrumb\",\"itemListElement\":[{\"@type\":\"ListItem\",\"position\":1,\"name\":\"Produits\",\"item\":\"https:\\\/\\\/www.brucjardi.com\\\/fr\\\/shop\\\/\"},{\"@type\":\"ListItem\",\"position\":2,\"name\":\"Galet marbre blanc pur\"}]},{\"@type\":\"WebSite\",\"@id\":\"https:\\\/\\\/www.brucjardi.com\\\/fr\\\/#website\",\"url\":\"https:\\\/\\\/www.brucjardi.com\\\/fr\\\/\",\"name\":\"Bruc Jard\u00ed\",\"description\":\"\",\"publisher\":{\"@id\":\"https:\\\/\\\/www.brucjardi.com\\\/fr\\\/#organization\"},\"alternateName\":\"BJ\",\"potentialAction\":[{\"@type\":\"SearchAction\",\"target\":{\"@type\":\"EntryPoint\",\"urlTemplate\":\"https:\\\/\\\/www.brucjardi.com\\\/fr\\\/?s={search_term_string}\"},\"query-input\":{\"@type\":\"PropertyValueSpecification\",\"valueRequired\":true,\"valueName\":\"search_term_string\"}}],\"inLanguage\":\"fr-FR\"},{\"@type\":\"Organization\",\"@id\":\"https:\\\/\\\/www.brucjardi.com\\\/fr\\\/#organization\",\"name\":\"Bruc Jard\u00ed\",\"url\":\"https:\\\/\\\/www.brucjardi.com\\\/fr\\\/\",\"logo\":{\"@type\":\"ImageObject\",\"inLanguage\":\"fr-FR\",\"@id\":\"https:\\\/\\\/www.brucjardi.com\\\/fr\\\/#\\\/schema\\\/logo\\\/image\\\/\",\"url\":\"https:\\\/\\\/www.brucjardi.com\\\/wp-content\\\/uploads\\\/2023\\\/09\\\/logo-BJ.png\",\"contentUrl\":\"https:\\\/\\\/www.brucjardi.com\\\/wp-content\\\/uploads\\\/2023\\\/09\\\/logo-BJ.png\",\"width\":1713,\"height\":1548,\"caption\":\"Bruc Jard\u00ed\"},\"image\":{\"@id\":\"https:\\\/\\\/www.brucjardi.com\\\/fr\\\/#\\\/schema\\\/logo\\\/image\\\/\"},\"sameAs\":[\"https:\\\/\\\/www.facebook.com\\\/p\\\/Bruc-Jard-100064062129504\\\/?paipv=0&eav=AfYBgNTLyCD_XE-2sHqF-2NhCAlhfUu6pU6jIP4Cig42OkIfyGuVIdQjWqlOtRoWBJs&_rdr\",\"https:\\\/\\\/www.instagram.com\\\/brucjardi_oficial\\\/?hl=es\"]}]}<\/script>\n<!-- \/ Yoast SEO plugin. -->","yoast_head_json":{"title":"Galet marbre blanc pur - Bruc Jard\u00ed","description":"Le galet en marbre blanc pur est une pierre \u00e0 galets arrondis. Il est utilis\u00e9 pour sa valeur d\u00e9corative et ses innombrables possibilit\u00e9s.","robots":{"index":"index","follow":"follow","max-snippet":"max-snippet:-1","max-image-preview":"max-image-preview:large","max-video-preview":"max-video-preview:-1"},"canonical":"https:\/\/www.brucjardi.com\/fr\/producto\/galet-marbre-blanc-pur\/","og_locale":"fr_FR","og_type":"article","og_title":"Galet marbre blanc pur - Bruc Jard\u00ed","og_description":"Le galet en marbre blanc pur est une pierre \u00e0 galets arrondis. Il est utilis\u00e9 pour sa valeur d\u00e9corative et ses innombrables possibilit\u00e9s.","og_url":"https:\/\/www.brucjardi.com\/fr\/producto\/galet-marbre-blanc-pur\/","og_site_name":"Bruc Jard\u00ed","article_publisher":"https:\/\/www.facebook.com\/p\/Bruc-Jard-100064062129504\/?paipv=0&eav=AfYBgNTLyCD_XE-2sHqF-2NhCAlhfUu6pU6jIP4Cig42OkIfyGuVIdQjWqlOtRoWBJs&_rdr","article_modified_time":"2025-11-18T13:41:30+00:00","og_image":[{"width":600,"height":600,"url":"https:\/\/www.brucjardi.com\/wp-content\/uploads\/2024\/01\/Bolo-Marmol-Blanco-Puro-1-600x600-1.jpg","type":"image\/jpeg"}],"twitter_card":"summary_large_image","twitter_misc":{"Dur\u00e9e de lecture estim\u00e9e":"2 minutes"},"schema":{"@context":"https:\/\/schema.org","@graph":[{"@type":"WebPage","@id":"https:\/\/www.brucjardi.com\/fr\/producto\/galet-marbre-blanc-pur\/","url":"https:\/\/www.brucjardi.com\/fr\/producto\/galet-marbre-blanc-pur\/","name":"Galet marbre blanc pur - Bruc Jard\u00ed","isPartOf":{"@id":"https:\/\/www.brucjardi.com\/fr\/#website"},"primaryImageOfPage":{"@id":"https:\/\/www.brucjardi.com\/fr\/producto\/galet-marbre-blanc-pur\/#primaryimage"},"image":{"@id":"https:\/\/www.brucjardi.com\/fr\/producto\/galet-marbre-blanc-pur\/#primaryimage"},"thumbnailUrl":"https:\/\/www.brucjardi.com\/wp-content\/uploads\/2023\/10\/bol-marm-blan.jpg","datePublished":"2024-01-04T09:44:06+00:00","dateModified":"2025-11-18T13:41:30+00:00","description":"Le galet en marbre blanc pur est une pierre \u00e0 galets arrondis. Il est utilis\u00e9 pour sa valeur d\u00e9corative et ses innombrables possibilit\u00e9s.","breadcrumb":{"@id":"https:\/\/www.brucjardi.com\/fr\/producto\/galet-marbre-blanc-pur\/#breadcrumb"},"inLanguage":"fr-FR","potentialAction":[{"@type":"ReadAction","target":["https:\/\/www.brucjardi.com\/fr\/producto\/galet-marbre-blanc-pur\/"]}]},{"@type":"ImageObject","inLanguage":"fr-FR","@id":"https:\/\/www.brucjardi.com\/fr\/producto\/galet-marbre-blanc-pur\/#primaryimage","url":"https:\/\/www.brucjardi.com\/wp-content\/uploads\/2023\/10\/bol-marm-blan.jpg","contentUrl":"https:\/\/www.brucjardi.com\/wp-content\/uploads\/2023\/10\/bol-marm-blan.jpg","width":600,"height":600},{"@type":"BreadcrumbList","@id":"https:\/\/www.brucjardi.com\/fr\/producto\/galet-marbre-blanc-pur\/#breadcrumb","itemListElement":[{"@type":"ListItem","position":1,"name":"Produits","item":"https:\/\/www.brucjardi.com\/fr\/shop\/"},{"@type":"ListItem","position":2,"name":"Galet marbre blanc pur"}]},{"@type":"WebSite","@id":"https:\/\/www.brucjardi.com\/fr\/#website","url":"https:\/\/www.brucjardi.com\/fr\/","name":"Bruc Jard\u00ed","description":"","publisher":{"@id":"https:\/\/www.brucjardi.com\/fr\/#organization"},"alternateName":"BJ","potentialAction":[{"@type":"SearchAction","target":{"@type":"EntryPoint","urlTemplate":"https:\/\/www.brucjardi.com\/fr\/?s={search_term_string}"},"query-input":{"@type":"PropertyValueSpecification","valueRequired":true,"valueName":"search_term_string"}}],"inLanguage":"fr-FR"},{"@type":"Organization","@id":"https:\/\/www.brucjardi.com\/fr\/#organization","name":"Bruc Jard\u00ed","url":"https:\/\/www.brucjardi.com\/fr\/","logo":{"@type":"ImageObject","inLanguage":"fr-FR","@id":"https:\/\/www.brucjardi.com\/fr\/#\/schema\/logo\/image\/","url":"https:\/\/www.brucjardi.com\/wp-content\/uploads\/2023\/09\/logo-BJ.png","contentUrl":"https:\/\/www.brucjardi.com\/wp-content\/uploads\/2023\/09\/logo-BJ.png","width":1713,"height":1548,"caption":"Bruc Jard\u00ed"},"image":{"@id":"https:\/\/www.brucjardi.com\/fr\/#\/schema\/logo\/image\/"},"sameAs":["https:\/\/www.facebook.com\/p\/Bruc-Jard-100064062129504\/?paipv=0&eav=AfYBgNTLyCD_XE-2sHqF-2NhCAlhfUu6pU6jIP4Cig42OkIfyGuVIdQjWqlOtRoWBJs&_rdr","https:\/\/www.instagram.com\/brucjardi_oficial\/?hl=es"]}]}},"_links":{"self":[{"href":"https:\/\/www.brucjardi.com\/fr\/wp-json\/wp\/v2\/product\/9799","targetHints":{"allow":["GET"]}}],"collection":[{"href":"https:\/\/www.brucjardi.com\/fr\/wp-json\/wp\/v2\/product"}],"about":[{"href":"https:\/\/www.brucjardi.com\/fr\/wp-json\/wp\/v2\/types\/product"}],"wp:featuredmedia":[{"embeddable":true,"href":"https:\/\/www.brucjardi.com\/fr\/wp-json\/wp\/v2\/media\/7364"}],"wp:attachment":[{"href":"https:\/\/www.brucjardi.com\/fr\/wp-json\/wp\/v2\/media?parent=9799"}],"wp:term":[{"taxonomy":"product_brand","embeddable":true,"href":"https:\/\/www.brucjardi.com\/fr\/wp-json\/wp\/v2\/product_brand?post=9799"},{"taxonomy":"product_cat","embeddable":true,"href":"https:\/\/www.brucjardi.com\/fr\/wp-json\/wp\/v2\/product_cat?post=9799"},{"taxonomy":"product_tag","embeddable":true,"href":"https:\/\/www.brucjardi.com\/fr\/wp-json\/wp\/v2\/product_tag?post=9799"}],"curies":[{"name":"wp","href":"https:\/\/api.w.org\/{rel}","templated":true}]}}