{"id":9806,"date":"2024-01-04T12:04:58","date_gmt":"2024-01-04T11:04:58","guid":{"rendered":"https:\/\/dev.brucjardi.com\/producto\/galet-marbre-rose\/"},"modified":"2024-03-13T15:26:30","modified_gmt":"2024-03-13T14:26:30","slug":"galet-marbre-rose","status":"publish","type":"product","link":"https:\/\/www.brucjardi.com\/fr\/producto\/galet-marbre-rose\/","title":{"rendered":"Galet marbre rose"},"content":{"rendered":"<p>Descubrez la \u00e9l\u00e9gance subtile du galet en marbre rose, une pierre de marbre ros\u00e2tre aux bords arrondis qui se distingue par sa tonalit\u00e9 neutre, parfaite pour s&rsquo;adapter \u00e0 n&rsquo;importe quel environnement. Ce galet devient un choix polyvalent et attrayant, surtout lorsqu&rsquo;il est combin\u00e9 avec des \u00e9l\u00e9ments tels que des terrasses en bois, des \u00e9corces de pin et des d\u00e9limitations en acier corten.<\/p>\n<p>La teinte douce et neutre du marbre rose permet \u00e0 ce galet de s&rsquo;int\u00e9grer harmonieusement dans divers environnements. Que ce soit dans des jardins contemporains, des espaces rustiques ou des designs plus traditionnels, sa pr\u00e9sence apporte une esth\u00e9tique charmante et intemporelle.<\/p>\n<p>La combinaison du galet rose avec une terrasse en bois cr\u00e9e un contraste visuel charmant, fusionnant la chaleur du bois avec la douceur du marbre. L&rsquo;ajout d&rsquo;\u00e9corces de pin et de d\u00e9limitations en acier corten compl\u00e8te l&rsquo;image, ajoutant des couches de textures et d&rsquo;\u00e9l\u00e9ments visuels int\u00e9ressants \u00e0 votre am\u00e9nagement paysager.<\/p>\n<p>D\u00e9couvrez comment le galet rose peut rehausser la beaut\u00e9 de votre espace ext\u00e9rieur, en cr\u00e9ant une atmosph\u00e8re charmante et accueillante. Avec sa tonalit\u00e9 polyvalente et sa capacit\u00e9 \u00e0 se marier avec une vari\u00e9t\u00e9 de mat\u00e9riaux, ce galet devient le choix parfait pour ceux qui recherchent une pierre d\u00e9corative adaptable \u00e0 tous les styles et environnements.<\/p>\n","protected":false},"excerpt":{"rendered":"<p>Le ton neutre de ce bloc de marbre rose avec galets est parfait pour tout environnement. Id\u00e9al combin\u00e9 avec une terrasse de bois, des \u00e9corces de pin et un profil en acier corten.<\/p>\n<p><strong>Conditionnements disponibles:<\/strong><\/p>\n<p><img decoding=\"async\" class=\"alignnone wp-image-9802 lazyload\" data-src=\"https:\/\/www.brucjardi.com\/wp-content\/uploads\/2024\/02\/s-bb-tc-fr.png\" alt=\"\" width=\"196\" height=\"89\" src=\"data:image\/svg+xml;base64,PHN2ZyB3aWR0aD0iMSIgaGVpZ2h0PSIxIiB4bWxucz0iaHR0cDovL3d3dy53My5vcmcvMjAwMC9zdmciPjwvc3ZnPg==\" style=\"--smush-placeholder-width: 196px; --smush-placeholder-aspect-ratio: 196\/89;\" \/><\/p>\n","protected":false},"featured_media":8328,"template":"","meta":{"_acf_changed":false},"product_brand":[],"product_cat":[395,387],"product_tag":[],"class_list":{"0":"post-9806","1":"product","2":"type-product","3":"status-publish","4":"has-post-thumbnail","6":"product_cat-galet-marbre-rose","7":"product_cat-galets","9":"first","10":"instock","11":"shipping-taxable","12":"product-type-simple"},"acf":[],"yoast_head":"<!-- This site is optimized with the Yoast SEO plugin v27.6 - https:\/\/yoast.com\/product\/yoast-seo-wordpress\/ -->\n<title>Galet marbre rose - Bruc Jard\u00ed<\/title>\n<meta name=\"description\" content=\"Le galet marbre rose de Bruc Jard\u00ed a une teinte neutre et des bords arrondis, ce qui le rend id\u00e9al pour tout type d&#039;environnement.\" \/>\n<meta name=\"robots\" content=\"index, follow, max-snippet:-1, max-image-preview:large, max-video-preview:-1\" \/>\n<link rel=\"canonical\" href=\"https:\/\/www.brucjardi.com\/fr\/producto\/galet-marbre-rose\/\" \/>\n<meta property=\"og:locale\" content=\"fr_FR\" \/>\n<meta property=\"og:type\" content=\"article\" \/>\n<meta property=\"og:title\" content=\"Galet marbre rose - Bruc Jard\u00ed\" \/>\n<meta property=\"og:description\" content=\"Le galet marbre rose de Bruc Jard\u00ed a une teinte neutre et des bords arrondis, ce qui le rend id\u00e9al pour tout type d&#039;environnement.\" \/>\n<meta property=\"og:url\" content=\"https:\/\/www.brucjardi.com\/fr\/producto\/galet-marbre-rose\/\" \/>\n<meta property=\"og:site_name\" content=\"Bruc Jard\u00ed\" \/>\n<meta property=\"article:publisher\" content=\"https:\/\/www.facebook.com\/p\/Bruc-Jard-100064062129504\/?paipv=0&amp;eav=AfYBgNTLyCD_XE-2sHqF-2NhCAlhfUu6pU6jIP4Cig42OkIfyGuVIdQjWqlOtRoWBJs&amp;_rdr\" \/>\n<meta property=\"article:modified_time\" content=\"2024-03-13T14:26:30+00:00\" \/>\n<meta property=\"og:image\" content=\"https:\/\/www.brucjardi.com\/wp-content\/uploads\/2024\/01\/Bolo-Marmol-Rosa-600x600-1.jpg\" \/>\n\t<meta property=\"og:image:width\" content=\"600\" \/>\n\t<meta property=\"og:image:height\" content=\"600\" \/>\n\t<meta property=\"og:image:type\" content=\"image\/jpeg\" \/>\n<meta name=\"twitter:card\" content=\"summary_large_image\" \/>\n<meta name=\"twitter:label1\" content=\"Dur\u00e9e de lecture estim\u00e9e\" \/>\n\t<meta name=\"twitter:data1\" content=\"2 minutes\" \/>\n<script type=\"application\/ld+json\" class=\"yoast-schema-graph\">{\"@context\":\"https:\\\/\\\/schema.org\",\"@graph\":[{\"@type\":\"WebPage\",\"@id\":\"https:\\\/\\\/www.brucjardi.com\\\/fr\\\/producto\\\/galet-marbre-rose\\\/\",\"url\":\"https:\\\/\\\/www.brucjardi.com\\\/fr\\\/producto\\\/galet-marbre-rose\\\/\",\"name\":\"Galet marbre rose - Bruc Jard\u00ed\",\"isPartOf\":{\"@id\":\"https:\\\/\\\/www.brucjardi.com\\\/fr\\\/#website\"},\"primaryImageOfPage\":{\"@id\":\"https:\\\/\\\/www.brucjardi.com\\\/fr\\\/producto\\\/galet-marbre-rose\\\/#primaryimage\"},\"image\":{\"@id\":\"https:\\\/\\\/www.brucjardi.com\\\/fr\\\/producto\\\/galet-marbre-rose\\\/#primaryimage\"},\"thumbnailUrl\":\"https:\\\/\\\/www.brucjardi.com\\\/wp-content\\\/uploads\\\/2024\\\/01\\\/Bolo-Marmol-Rosa-600x600-1.jpg\",\"datePublished\":\"2024-01-04T11:04:58+00:00\",\"dateModified\":\"2024-03-13T14:26:30+00:00\",\"description\":\"Le galet marbre rose de Bruc Jard\u00ed a une teinte neutre et des bords arrondis, ce qui le rend id\u00e9al pour tout type d'environnement.\",\"breadcrumb\":{\"@id\":\"https:\\\/\\\/www.brucjardi.com\\\/fr\\\/producto\\\/galet-marbre-rose\\\/#breadcrumb\"},\"inLanguage\":\"fr-FR\",\"potentialAction\":[{\"@type\":\"ReadAction\",\"target\":[\"https:\\\/\\\/www.brucjardi.com\\\/fr\\\/producto\\\/galet-marbre-rose\\\/\"]}]},{\"@type\":\"ImageObject\",\"inLanguage\":\"fr-FR\",\"@id\":\"https:\\\/\\\/www.brucjardi.com\\\/fr\\\/producto\\\/galet-marbre-rose\\\/#primaryimage\",\"url\":\"https:\\\/\\\/www.brucjardi.com\\\/wp-content\\\/uploads\\\/2024\\\/01\\\/Bolo-Marmol-Rosa-600x600-1.jpg\",\"contentUrl\":\"https:\\\/\\\/www.brucjardi.com\\\/wp-content\\\/uploads\\\/2024\\\/01\\\/Bolo-Marmol-Rosa-600x600-1.jpg\",\"width\":600,\"height\":600,\"caption\":\"Galet marbre rose\"},{\"@type\":\"BreadcrumbList\",\"@id\":\"https:\\\/\\\/www.brucjardi.com\\\/fr\\\/producto\\\/galet-marbre-rose\\\/#breadcrumb\",\"itemListElement\":[{\"@type\":\"ListItem\",\"position\":1,\"name\":\"Produits\",\"item\":\"https:\\\/\\\/www.brucjardi.com\\\/fr\\\/shop\\\/\"},{\"@type\":\"ListItem\",\"position\":2,\"name\":\"Galet marbre rose\"}]},{\"@type\":\"WebSite\",\"@id\":\"https:\\\/\\\/www.brucjardi.com\\\/fr\\\/#website\",\"url\":\"https:\\\/\\\/www.brucjardi.com\\\/fr\\\/\",\"name\":\"Bruc Jard\u00ed\",\"description\":\"\",\"publisher\":{\"@id\":\"https:\\\/\\\/www.brucjardi.com\\\/fr\\\/#organization\"},\"alternateName\":\"BJ\",\"potentialAction\":[{\"@type\":\"SearchAction\",\"target\":{\"@type\":\"EntryPoint\",\"urlTemplate\":\"https:\\\/\\\/www.brucjardi.com\\\/fr\\\/?s={search_term_string}\"},\"query-input\":{\"@type\":\"PropertyValueSpecification\",\"valueRequired\":true,\"valueName\":\"search_term_string\"}}],\"inLanguage\":\"fr-FR\"},{\"@type\":\"Organization\",\"@id\":\"https:\\\/\\\/www.brucjardi.com\\\/fr\\\/#organization\",\"name\":\"Bruc Jard\u00ed\",\"url\":\"https:\\\/\\\/www.brucjardi.com\\\/fr\\\/\",\"logo\":{\"@type\":\"ImageObject\",\"inLanguage\":\"fr-FR\",\"@id\":\"https:\\\/\\\/www.brucjardi.com\\\/fr\\\/#\\\/schema\\\/logo\\\/image\\\/\",\"url\":\"https:\\\/\\\/www.brucjardi.com\\\/wp-content\\\/uploads\\\/2023\\\/09\\\/logo-BJ.png\",\"contentUrl\":\"https:\\\/\\\/www.brucjardi.com\\\/wp-content\\\/uploads\\\/2023\\\/09\\\/logo-BJ.png\",\"width\":1713,\"height\":1548,\"caption\":\"Bruc Jard\u00ed\"},\"image\":{\"@id\":\"https:\\\/\\\/www.brucjardi.com\\\/fr\\\/#\\\/schema\\\/logo\\\/image\\\/\"},\"sameAs\":[\"https:\\\/\\\/www.facebook.com\\\/p\\\/Bruc-Jard-100064062129504\\\/?paipv=0&eav=AfYBgNTLyCD_XE-2sHqF-2NhCAlhfUu6pU6jIP4Cig42OkIfyGuVIdQjWqlOtRoWBJs&_rdr\",\"https:\\\/\\\/www.instagram.com\\\/brucjardi_oficial\\\/?hl=es\"]}]}<\/script>\n<!-- \/ Yoast SEO plugin. -->","yoast_head_json":{"title":"Galet marbre rose - Bruc Jard\u00ed","description":"Le galet marbre rose de Bruc Jard\u00ed a une teinte neutre et des bords arrondis, ce qui le rend id\u00e9al pour tout type d'environnement.","robots":{"index":"index","follow":"follow","max-snippet":"max-snippet:-1","max-image-preview":"max-image-preview:large","max-video-preview":"max-video-preview:-1"},"canonical":"https:\/\/www.brucjardi.com\/fr\/producto\/galet-marbre-rose\/","og_locale":"fr_FR","og_type":"article","og_title":"Galet marbre rose - Bruc Jard\u00ed","og_description":"Le galet marbre rose de Bruc Jard\u00ed a une teinte neutre et des bords arrondis, ce qui le rend id\u00e9al pour tout type d'environnement.","og_url":"https:\/\/www.brucjardi.com\/fr\/producto\/galet-marbre-rose\/","og_site_name":"Bruc Jard\u00ed","article_publisher":"https:\/\/www.facebook.com\/p\/Bruc-Jard-100064062129504\/?paipv=0&eav=AfYBgNTLyCD_XE-2sHqF-2NhCAlhfUu6pU6jIP4Cig42OkIfyGuVIdQjWqlOtRoWBJs&_rdr","article_modified_time":"2024-03-13T14:26:30+00:00","og_image":[{"width":600,"height":600,"url":"https:\/\/www.brucjardi.com\/wp-content\/uploads\/2024\/01\/Bolo-Marmol-Rosa-600x600-1.jpg","type":"image\/jpeg"}],"twitter_card":"summary_large_image","twitter_misc":{"Dur\u00e9e de lecture estim\u00e9e":"2 minutes"},"schema":{"@context":"https:\/\/schema.org","@graph":[{"@type":"WebPage","@id":"https:\/\/www.brucjardi.com\/fr\/producto\/galet-marbre-rose\/","url":"https:\/\/www.brucjardi.com\/fr\/producto\/galet-marbre-rose\/","name":"Galet marbre rose - Bruc Jard\u00ed","isPartOf":{"@id":"https:\/\/www.brucjardi.com\/fr\/#website"},"primaryImageOfPage":{"@id":"https:\/\/www.brucjardi.com\/fr\/producto\/galet-marbre-rose\/#primaryimage"},"image":{"@id":"https:\/\/www.brucjardi.com\/fr\/producto\/galet-marbre-rose\/#primaryimage"},"thumbnailUrl":"https:\/\/www.brucjardi.com\/wp-content\/uploads\/2024\/01\/Bolo-Marmol-Rosa-600x600-1.jpg","datePublished":"2024-01-04T11:04:58+00:00","dateModified":"2024-03-13T14:26:30+00:00","description":"Le galet marbre rose de Bruc Jard\u00ed a une teinte neutre et des bords arrondis, ce qui le rend id\u00e9al pour tout type d'environnement.","breadcrumb":{"@id":"https:\/\/www.brucjardi.com\/fr\/producto\/galet-marbre-rose\/#breadcrumb"},"inLanguage":"fr-FR","potentialAction":[{"@type":"ReadAction","target":["https:\/\/www.brucjardi.com\/fr\/producto\/galet-marbre-rose\/"]}]},{"@type":"ImageObject","inLanguage":"fr-FR","@id":"https:\/\/www.brucjardi.com\/fr\/producto\/galet-marbre-rose\/#primaryimage","url":"https:\/\/www.brucjardi.com\/wp-content\/uploads\/2024\/01\/Bolo-Marmol-Rosa-600x600-1.jpg","contentUrl":"https:\/\/www.brucjardi.com\/wp-content\/uploads\/2024\/01\/Bolo-Marmol-Rosa-600x600-1.jpg","width":600,"height":600,"caption":"Galet marbre rose"},{"@type":"BreadcrumbList","@id":"https:\/\/www.brucjardi.com\/fr\/producto\/galet-marbre-rose\/#breadcrumb","itemListElement":[{"@type":"ListItem","position":1,"name":"Produits","item":"https:\/\/www.brucjardi.com\/fr\/shop\/"},{"@type":"ListItem","position":2,"name":"Galet marbre rose"}]},{"@type":"WebSite","@id":"https:\/\/www.brucjardi.com\/fr\/#website","url":"https:\/\/www.brucjardi.com\/fr\/","name":"Bruc Jard\u00ed","description":"","publisher":{"@id":"https:\/\/www.brucjardi.com\/fr\/#organization"},"alternateName":"BJ","potentialAction":[{"@type":"SearchAction","target":{"@type":"EntryPoint","urlTemplate":"https:\/\/www.brucjardi.com\/fr\/?s={search_term_string}"},"query-input":{"@type":"PropertyValueSpecification","valueRequired":true,"valueName":"search_term_string"}}],"inLanguage":"fr-FR"},{"@type":"Organization","@id":"https:\/\/www.brucjardi.com\/fr\/#organization","name":"Bruc Jard\u00ed","url":"https:\/\/www.brucjardi.com\/fr\/","logo":{"@type":"ImageObject","inLanguage":"fr-FR","@id":"https:\/\/www.brucjardi.com\/fr\/#\/schema\/logo\/image\/","url":"https:\/\/www.brucjardi.com\/wp-content\/uploads\/2023\/09\/logo-BJ.png","contentUrl":"https:\/\/www.brucjardi.com\/wp-content\/uploads\/2023\/09\/logo-BJ.png","width":1713,"height":1548,"caption":"Bruc Jard\u00ed"},"image":{"@id":"https:\/\/www.brucjardi.com\/fr\/#\/schema\/logo\/image\/"},"sameAs":["https:\/\/www.facebook.com\/p\/Bruc-Jard-100064062129504\/?paipv=0&eav=AfYBgNTLyCD_XE-2sHqF-2NhCAlhfUu6pU6jIP4Cig42OkIfyGuVIdQjWqlOtRoWBJs&_rdr","https:\/\/www.instagram.com\/brucjardi_oficial\/?hl=es"]}]}},"_links":{"self":[{"href":"https:\/\/www.brucjardi.com\/fr\/wp-json\/wp\/v2\/product\/9806","targetHints":{"allow":["GET"]}}],"collection":[{"href":"https:\/\/www.brucjardi.com\/fr\/wp-json\/wp\/v2\/product"}],"about":[{"href":"https:\/\/www.brucjardi.com\/fr\/wp-json\/wp\/v2\/types\/product"}],"wp:featuredmedia":[{"embeddable":true,"href":"https:\/\/www.brucjardi.com\/fr\/wp-json\/wp\/v2\/media\/8328"}],"wp:attachment":[{"href":"https:\/\/www.brucjardi.com\/fr\/wp-json\/wp\/v2\/media?parent=9806"}],"wp:term":[{"taxonomy":"product_brand","embeddable":true,"href":"https:\/\/www.brucjardi.com\/fr\/wp-json\/wp\/v2\/product_brand?post=9806"},{"taxonomy":"product_cat","embeddable":true,"href":"https:\/\/www.brucjardi.com\/fr\/wp-json\/wp\/v2\/product_cat?post=9806"},{"taxonomy":"product_tag","embeddable":true,"href":"https:\/\/www.brucjardi.com\/fr\/wp-json\/wp\/v2\/product_tag?post=9806"}],"curies":[{"name":"wp","href":"https:\/\/api.w.org\/{rel}","templated":true}]}}