{"id":9807,"date":"2024-01-04T12:15:50","date_gmt":"2024-01-04T11:15:50","guid":{"rendered":"https:\/\/dev.brucjardi.com\/producto\/galet-marbre-travertin\/"},"modified":"2025-05-09T09:12:36","modified_gmt":"2025-05-09T07:12:36","slug":"galet-marbre-travertin","status":"publish","type":"product","link":"https:\/\/www.brucjardi.com\/fr\/producto\/galet-marbre-travertin\/","title":{"rendered":"Galet marbre travertin"},"content":{"rendered":"<p>D\u00e9couvrez la beaut\u00e9 et la polyvalence du galet en marbre travertin, une pierre naturelle roul\u00e9e de mani\u00e8re artificielle qui se distingue par son attrait visuel. Cette option exceptionnelle n&rsquo;est pas seulement esth\u00e9tiquement agr\u00e9able, mais elle est \u00e9galement polyvalente, adapt\u00e9e tant pour les int\u00e9rieurs que pour les ext\u00e9rieurs.<\/p>\n<p>Le marbre travertin pr\u00e9sente une apparence unique gr\u00e2ce \u00e0 ses pores ouverts, qui lui conf\u00e8rent un aspect rustique et sauvage. Ces d\u00e9tails caract\u00e9ristiques ajoutent une touche d&rsquo;authenticit\u00e9 et de caract\u00e8re \u00e0 n&rsquo;importe quel espace, faisant du galet travertin le choix parfait pour ceux qui recherchent un design distinctif.<\/p>\n<p>Que ce soit dans les jardins, les cours ou les espaces int\u00e9rieurs, le marbre travertin s&rsquo;adapte facilement, offrant une solution d\u00e9corative qui allie le naturel \u00e0 l&rsquo;artistique. Sa forme roul\u00e9e et sa texture unique en font un \u00e9l\u00e9ment accrocheur, parfait pour les projets d&rsquo;am\u00e9nagement paysager et de design d&rsquo;int\u00e9rieur qui cherchent \u00e0 se d\u00e9marquer.<\/p>\n<p>Explorez les possibilit\u00e9s cr\u00e9atives du galet en marbre travertin et laissez libre cours \u00e0 votre imagination dans la cr\u00e9ation d&rsquo;espaces captivants. Avec sa beaut\u00e9 naturelle et son aspect rustique, ce galet devient une d\u00e9claration de style qui \u00e9l\u00e8ve l&rsquo;esth\u00e9tique de n&rsquo;importe quel espace, apportant une touche d&rsquo;\u00e9l\u00e9gance et de charme sauvage. Contactez-nous pour obtenir des conseils sur vos projets.<\/p>\n","protected":false},"excerpt":{"rendered":"<p>Il s&rsquo;agit d&rsquo;une pierre naturelle roul\u00e9e de mani\u00e8re artificielle qui jouit d&rsquo;une grande beaut\u00e9 et polyvalence. Elle peut \u00eatre utilis\u00e9e aussi bien \u00e0 l&rsquo;int\u00e9rieur qu&rsquo;\u00e0 l&rsquo;ext\u00e9rieur, ses pores ouverts lui conf\u00e8rent un aspect rustique et sauvage.<\/p>\n<p><strong>Conditionnements disponibles:<\/strong><\/p>\n<p><img decoding=\"async\" class=\"alignnone wp-image-9802 lazyload\" data-src=\"https:\/\/www.brucjardi.com\/wp-content\/uploads\/2024\/02\/s-bb-tc-fr.png\" alt=\"\" width=\"196\" height=\"89\" src=\"data:image\/svg+xml;base64,PHN2ZyB3aWR0aD0iMSIgaGVpZ2h0PSIxIiB4bWxucz0iaHR0cDovL3d3dy53My5vcmcvMjAwMC9zdmciPjwvc3ZnPg==\" style=\"--smush-placeholder-width: 196px; --smush-placeholder-aspect-ratio: 196\/89;\" \/><\/p>\n","protected":false},"featured_media":8330,"template":"","meta":{"_acf_changed":false},"product_brand":[],"product_cat":[396,387],"product_tag":[],"class_list":{"0":"post-9807","1":"product","2":"type-product","3":"status-publish","4":"has-post-thumbnail","6":"product_cat-galet-marbre-travertin","7":"product_cat-galets","9":"first","10":"instock","11":"shipping-taxable","12":"product-type-simple"},"acf":[],"yoast_head":"<!-- This site is optimized with the Yoast SEO plugin v27.6 - https:\/\/yoast.com\/product\/yoast-seo-wordpress\/ -->\n<title>Galet marbre travertin - Bruc Jard\u00ed<\/title>\n<meta name=\"description\" content=\"Le galet en marbre travertin est une pierre roul\u00e9e de mani\u00e8re artificielle qui pr\u00e9sente une grande beaut\u00e9 et polyvalence.\" \/>\n<meta name=\"robots\" content=\"index, follow, max-snippet:-1, max-image-preview:large, max-video-preview:-1\" \/>\n<link rel=\"canonical\" href=\"https:\/\/www.brucjardi.com\/fr\/producto\/galet-marbre-travertin\/\" \/>\n<meta property=\"og:locale\" content=\"fr_FR\" \/>\n<meta property=\"og:type\" content=\"article\" \/>\n<meta property=\"og:title\" content=\"Galet marbre travertin - Bruc Jard\u00ed\" \/>\n<meta property=\"og:description\" content=\"Le galet en marbre travertin est une pierre roul\u00e9e de mani\u00e8re artificielle qui pr\u00e9sente une grande beaut\u00e9 et polyvalence.\" \/>\n<meta property=\"og:url\" content=\"https:\/\/www.brucjardi.com\/fr\/producto\/galet-marbre-travertin\/\" \/>\n<meta property=\"og:site_name\" content=\"Bruc Jard\u00ed\" \/>\n<meta property=\"article:publisher\" content=\"https:\/\/www.facebook.com\/p\/Bruc-Jard-100064062129504\/?paipv=0&amp;eav=AfYBgNTLyCD_XE-2sHqF-2NhCAlhfUu6pU6jIP4Cig42OkIfyGuVIdQjWqlOtRoWBJs&amp;_rdr\" \/>\n<meta property=\"article:modified_time\" content=\"2025-05-09T07:12:36+00:00\" \/>\n<meta property=\"og:image\" content=\"https:\/\/www.brucjardi.com\/wp-content\/uploads\/2024\/01\/Bolo-Marmol-Travertino-2-600x600-1.jpg\" \/>\n\t<meta property=\"og:image:width\" content=\"600\" \/>\n\t<meta property=\"og:image:height\" content=\"600\" \/>\n\t<meta property=\"og:image:type\" content=\"image\/jpeg\" \/>\n<meta name=\"twitter:card\" content=\"summary_large_image\" \/>\n<meta name=\"twitter:label1\" content=\"Dur\u00e9e de lecture estim\u00e9e\" \/>\n\t<meta name=\"twitter:data1\" content=\"2 minutes\" \/>\n<script type=\"application\/ld+json\" class=\"yoast-schema-graph\">{\"@context\":\"https:\\\/\\\/schema.org\",\"@graph\":[{\"@type\":\"WebPage\",\"@id\":\"https:\\\/\\\/www.brucjardi.com\\\/fr\\\/producto\\\/galet-marbre-travertin\\\/\",\"url\":\"https:\\\/\\\/www.brucjardi.com\\\/fr\\\/producto\\\/galet-marbre-travertin\\\/\",\"name\":\"Galet marbre travertin - Bruc Jard\u00ed\",\"isPartOf\":{\"@id\":\"https:\\\/\\\/www.brucjardi.com\\\/fr\\\/#website\"},\"primaryImageOfPage\":{\"@id\":\"https:\\\/\\\/www.brucjardi.com\\\/fr\\\/producto\\\/galet-marbre-travertin\\\/#primaryimage\"},\"image\":{\"@id\":\"https:\\\/\\\/www.brucjardi.com\\\/fr\\\/producto\\\/galet-marbre-travertin\\\/#primaryimage\"},\"thumbnailUrl\":\"https:\\\/\\\/www.brucjardi.com\\\/wp-content\\\/uploads\\\/2024\\\/01\\\/Bolo-Marmol-Travertino-2-600x600-1.jpg\",\"datePublished\":\"2024-01-04T11:15:50+00:00\",\"dateModified\":\"2025-05-09T07:12:36+00:00\",\"description\":\"Le galet en marbre travertin est une pierre roul\u00e9e de mani\u00e8re artificielle qui pr\u00e9sente une grande beaut\u00e9 et polyvalence.\",\"breadcrumb\":{\"@id\":\"https:\\\/\\\/www.brucjardi.com\\\/fr\\\/producto\\\/galet-marbre-travertin\\\/#breadcrumb\"},\"inLanguage\":\"fr-FR\",\"potentialAction\":[{\"@type\":\"ReadAction\",\"target\":[\"https:\\\/\\\/www.brucjardi.com\\\/fr\\\/producto\\\/galet-marbre-travertin\\\/\"]}]},{\"@type\":\"ImageObject\",\"inLanguage\":\"fr-FR\",\"@id\":\"https:\\\/\\\/www.brucjardi.com\\\/fr\\\/producto\\\/galet-marbre-travertin\\\/#primaryimage\",\"url\":\"https:\\\/\\\/www.brucjardi.com\\\/wp-content\\\/uploads\\\/2024\\\/01\\\/Bolo-Marmol-Travertino-2-600x600-1.jpg\",\"contentUrl\":\"https:\\\/\\\/www.brucjardi.com\\\/wp-content\\\/uploads\\\/2024\\\/01\\\/Bolo-Marmol-Travertino-2-600x600-1.jpg\",\"width\":600,\"height\":600,\"caption\":\"Galet marbre travertin\"},{\"@type\":\"BreadcrumbList\",\"@id\":\"https:\\\/\\\/www.brucjardi.com\\\/fr\\\/producto\\\/galet-marbre-travertin\\\/#breadcrumb\",\"itemListElement\":[{\"@type\":\"ListItem\",\"position\":1,\"name\":\"Produits\",\"item\":\"https:\\\/\\\/www.brucjardi.com\\\/fr\\\/shop\\\/\"},{\"@type\":\"ListItem\",\"position\":2,\"name\":\"Galet marbre travertin\"}]},{\"@type\":\"WebSite\",\"@id\":\"https:\\\/\\\/www.brucjardi.com\\\/fr\\\/#website\",\"url\":\"https:\\\/\\\/www.brucjardi.com\\\/fr\\\/\",\"name\":\"Bruc Jard\u00ed\",\"description\":\"\",\"publisher\":{\"@id\":\"https:\\\/\\\/www.brucjardi.com\\\/fr\\\/#organization\"},\"alternateName\":\"BJ\",\"potentialAction\":[{\"@type\":\"SearchAction\",\"target\":{\"@type\":\"EntryPoint\",\"urlTemplate\":\"https:\\\/\\\/www.brucjardi.com\\\/fr\\\/?s={search_term_string}\"},\"query-input\":{\"@type\":\"PropertyValueSpecification\",\"valueRequired\":true,\"valueName\":\"search_term_string\"}}],\"inLanguage\":\"fr-FR\"},{\"@type\":\"Organization\",\"@id\":\"https:\\\/\\\/www.brucjardi.com\\\/fr\\\/#organization\",\"name\":\"Bruc Jard\u00ed\",\"url\":\"https:\\\/\\\/www.brucjardi.com\\\/fr\\\/\",\"logo\":{\"@type\":\"ImageObject\",\"inLanguage\":\"fr-FR\",\"@id\":\"https:\\\/\\\/www.brucjardi.com\\\/fr\\\/#\\\/schema\\\/logo\\\/image\\\/\",\"url\":\"https:\\\/\\\/www.brucjardi.com\\\/wp-content\\\/uploads\\\/2023\\\/09\\\/logo-BJ.png\",\"contentUrl\":\"https:\\\/\\\/www.brucjardi.com\\\/wp-content\\\/uploads\\\/2023\\\/09\\\/logo-BJ.png\",\"width\":1713,\"height\":1548,\"caption\":\"Bruc Jard\u00ed\"},\"image\":{\"@id\":\"https:\\\/\\\/www.brucjardi.com\\\/fr\\\/#\\\/schema\\\/logo\\\/image\\\/\"},\"sameAs\":[\"https:\\\/\\\/www.facebook.com\\\/p\\\/Bruc-Jard-100064062129504\\\/?paipv=0&eav=AfYBgNTLyCD_XE-2sHqF-2NhCAlhfUu6pU6jIP4Cig42OkIfyGuVIdQjWqlOtRoWBJs&_rdr\",\"https:\\\/\\\/www.instagram.com\\\/brucjardi_oficial\\\/?hl=es\"]}]}<\/script>\n<!-- \/ Yoast SEO plugin. -->","yoast_head_json":{"title":"Galet marbre travertin - Bruc Jard\u00ed","description":"Le galet en marbre travertin est une pierre roul\u00e9e de mani\u00e8re artificielle qui pr\u00e9sente une grande beaut\u00e9 et polyvalence.","robots":{"index":"index","follow":"follow","max-snippet":"max-snippet:-1","max-image-preview":"max-image-preview:large","max-video-preview":"max-video-preview:-1"},"canonical":"https:\/\/www.brucjardi.com\/fr\/producto\/galet-marbre-travertin\/","og_locale":"fr_FR","og_type":"article","og_title":"Galet marbre travertin - Bruc Jard\u00ed","og_description":"Le galet en marbre travertin est une pierre roul\u00e9e de mani\u00e8re artificielle qui pr\u00e9sente une grande beaut\u00e9 et polyvalence.","og_url":"https:\/\/www.brucjardi.com\/fr\/producto\/galet-marbre-travertin\/","og_site_name":"Bruc Jard\u00ed","article_publisher":"https:\/\/www.facebook.com\/p\/Bruc-Jard-100064062129504\/?paipv=0&eav=AfYBgNTLyCD_XE-2sHqF-2NhCAlhfUu6pU6jIP4Cig42OkIfyGuVIdQjWqlOtRoWBJs&_rdr","article_modified_time":"2025-05-09T07:12:36+00:00","og_image":[{"width":600,"height":600,"url":"https:\/\/www.brucjardi.com\/wp-content\/uploads\/2024\/01\/Bolo-Marmol-Travertino-2-600x600-1.jpg","type":"image\/jpeg"}],"twitter_card":"summary_large_image","twitter_misc":{"Dur\u00e9e de lecture estim\u00e9e":"2 minutes"},"schema":{"@context":"https:\/\/schema.org","@graph":[{"@type":"WebPage","@id":"https:\/\/www.brucjardi.com\/fr\/producto\/galet-marbre-travertin\/","url":"https:\/\/www.brucjardi.com\/fr\/producto\/galet-marbre-travertin\/","name":"Galet marbre travertin - Bruc Jard\u00ed","isPartOf":{"@id":"https:\/\/www.brucjardi.com\/fr\/#website"},"primaryImageOfPage":{"@id":"https:\/\/www.brucjardi.com\/fr\/producto\/galet-marbre-travertin\/#primaryimage"},"image":{"@id":"https:\/\/www.brucjardi.com\/fr\/producto\/galet-marbre-travertin\/#primaryimage"},"thumbnailUrl":"https:\/\/www.brucjardi.com\/wp-content\/uploads\/2024\/01\/Bolo-Marmol-Travertino-2-600x600-1.jpg","datePublished":"2024-01-04T11:15:50+00:00","dateModified":"2025-05-09T07:12:36+00:00","description":"Le galet en marbre travertin est une pierre roul\u00e9e de mani\u00e8re artificielle qui pr\u00e9sente une grande beaut\u00e9 et polyvalence.","breadcrumb":{"@id":"https:\/\/www.brucjardi.com\/fr\/producto\/galet-marbre-travertin\/#breadcrumb"},"inLanguage":"fr-FR","potentialAction":[{"@type":"ReadAction","target":["https:\/\/www.brucjardi.com\/fr\/producto\/galet-marbre-travertin\/"]}]},{"@type":"ImageObject","inLanguage":"fr-FR","@id":"https:\/\/www.brucjardi.com\/fr\/producto\/galet-marbre-travertin\/#primaryimage","url":"https:\/\/www.brucjardi.com\/wp-content\/uploads\/2024\/01\/Bolo-Marmol-Travertino-2-600x600-1.jpg","contentUrl":"https:\/\/www.brucjardi.com\/wp-content\/uploads\/2024\/01\/Bolo-Marmol-Travertino-2-600x600-1.jpg","width":600,"height":600,"caption":"Galet marbre travertin"},{"@type":"BreadcrumbList","@id":"https:\/\/www.brucjardi.com\/fr\/producto\/galet-marbre-travertin\/#breadcrumb","itemListElement":[{"@type":"ListItem","position":1,"name":"Produits","item":"https:\/\/www.brucjardi.com\/fr\/shop\/"},{"@type":"ListItem","position":2,"name":"Galet marbre travertin"}]},{"@type":"WebSite","@id":"https:\/\/www.brucjardi.com\/fr\/#website","url":"https:\/\/www.brucjardi.com\/fr\/","name":"Bruc Jard\u00ed","description":"","publisher":{"@id":"https:\/\/www.brucjardi.com\/fr\/#organization"},"alternateName":"BJ","potentialAction":[{"@type":"SearchAction","target":{"@type":"EntryPoint","urlTemplate":"https:\/\/www.brucjardi.com\/fr\/?s={search_term_string}"},"query-input":{"@type":"PropertyValueSpecification","valueRequired":true,"valueName":"search_term_string"}}],"inLanguage":"fr-FR"},{"@type":"Organization","@id":"https:\/\/www.brucjardi.com\/fr\/#organization","name":"Bruc Jard\u00ed","url":"https:\/\/www.brucjardi.com\/fr\/","logo":{"@type":"ImageObject","inLanguage":"fr-FR","@id":"https:\/\/www.brucjardi.com\/fr\/#\/schema\/logo\/image\/","url":"https:\/\/www.brucjardi.com\/wp-content\/uploads\/2023\/09\/logo-BJ.png","contentUrl":"https:\/\/www.brucjardi.com\/wp-content\/uploads\/2023\/09\/logo-BJ.png","width":1713,"height":1548,"caption":"Bruc Jard\u00ed"},"image":{"@id":"https:\/\/www.brucjardi.com\/fr\/#\/schema\/logo\/image\/"},"sameAs":["https:\/\/www.facebook.com\/p\/Bruc-Jard-100064062129504\/?paipv=0&eav=AfYBgNTLyCD_XE-2sHqF-2NhCAlhfUu6pU6jIP4Cig42OkIfyGuVIdQjWqlOtRoWBJs&_rdr","https:\/\/www.instagram.com\/brucjardi_oficial\/?hl=es"]}]}},"_links":{"self":[{"href":"https:\/\/www.brucjardi.com\/fr\/wp-json\/wp\/v2\/product\/9807","targetHints":{"allow":["GET"]}}],"collection":[{"href":"https:\/\/www.brucjardi.com\/fr\/wp-json\/wp\/v2\/product"}],"about":[{"href":"https:\/\/www.brucjardi.com\/fr\/wp-json\/wp\/v2\/types\/product"}],"wp:featuredmedia":[{"embeddable":true,"href":"https:\/\/www.brucjardi.com\/fr\/wp-json\/wp\/v2\/media\/8330"}],"wp:attachment":[{"href":"https:\/\/www.brucjardi.com\/fr\/wp-json\/wp\/v2\/media?parent=9807"}],"wp:term":[{"taxonomy":"product_brand","embeddable":true,"href":"https:\/\/www.brucjardi.com\/fr\/wp-json\/wp\/v2\/product_brand?post=9807"},{"taxonomy":"product_cat","embeddable":true,"href":"https:\/\/www.brucjardi.com\/fr\/wp-json\/wp\/v2\/product_cat?post=9807"},{"taxonomy":"product_tag","embeddable":true,"href":"https:\/\/www.brucjardi.com\/fr\/wp-json\/wp\/v2\/product_tag?post=9807"}],"curies":[{"name":"wp","href":"https:\/\/api.w.org\/{rel}","templated":true}]}}