{"id":9826,"date":"2023-12-29T15:01:59","date_gmt":"2023-12-29T14:01:59","guid":{"rendered":"https:\/\/dev.brucjardi.com\/producto\/agrafe-fixation-gazon-synthetique\/"},"modified":"2026-04-02T12:54:32","modified_gmt":"2026-04-02T10:54:32","slug":"agrafe-fixation-gazon-synthetique","status":"publish","type":"product","link":"https:\/\/www.brucjardi.com\/fr\/producto\/agrafe-fixation-gazon-synthetique\/","title":{"rendered":"Agrafe fixation gazon synth\u00e9tique"},"content":{"rendered":"<p>La agrafe de fixation pour gazon synth\u00e9tique est un outil essentiel dans le processus d&rsquo;installation, notamment dans les situations o\u00f9 une fixation suppl\u00e9mentaire est n\u00e9cessaire, comme aux bords et aux joints.<\/p>\n<p>L&rsquo;agrafe de fixation est particuli\u00e8rement utile pour s\u00e9curiser les bords du gazon synth\u00e9tique. En fixant les p\u00e9rim\u00e8tres, elle emp\u00eache le gazon de se d\u00e9placer ou de se soulever, offrant ainsi une finition propre et ordonn\u00e9e.<\/p>\n<p>Dans les zones o\u00f9 des sections de gazon synth\u00e9tique ont \u00e9t\u00e9 jointes avec du ruban adh\u00e9sif, l&rsquo;agrafe de fixation peut \u00eatre utilis\u00e9e pour renforcer ces joints. Cela est particuli\u00e8rement b\u00e9n\u00e9fique dans les situations o\u00f9 un stress ou un trafic accru est pr\u00e9vu.<\/p>\n<p>Est sp\u00e9cialement con\u00e7ue pour une utilisation dans les zones \u00e0 forte pente. Dans de tels cas, l&rsquo;ajout de lest seul peut ne pas suffire \u00e0 assurer un bon assentiment au sol de base. L&rsquo;agrafe fournit une fixation suppl\u00e9mentaire qui est cruciale dans ces circonstances.<\/p>\n<p>L&rsquo;agrafe doit \u00eatre compatible avec le type de gazon synth\u00e9tique utilis\u00e9. Son design et sa forme doivent s&rsquo;adapter aux caract\u00e9ristiques sp\u00e9cifiques du gazon pour assurer une fixation efficace.<\/p>\n<p>\u00c9tant expos\u00e9es aux conditions m\u00e9t\u00e9orologiques et au trafic constant, les agrafes de fixation doivent \u00eatre durables \u00e0 long terme. Elles doivent r\u00e9sister \u00e0 la corrosion et maintenir leur int\u00e9grit\u00e9 structurelle pour assurer une fixation durable dans le temps.<\/p>\n<p>En conclusion, l&rsquo;agrafe de fixation pour gazon synth\u00e9tique est un outil polyvalent et indispensable lors de l&rsquo;installation, offrant une fixation suppl\u00e9mentaire dans des zones critiques telles que les bords et les joints. Sa conception sp\u00e9cifique pour les pentes en fait une solution efficace sur les terrains inclin\u00e9s, garantissant un gazon synth\u00e9tique bien fix\u00e9 et esth\u00e9tiquement agr\u00e9able.<\/p>\n","protected":false},"excerpt":{"rendered":"<p>Hautement recommand\u00e9es pour fixer les p\u00e9rim\u00e8tres d\u2019une installation, ainsi que pour renforcer les joints o\u00f9 une bande de jonction a \u00e9t\u00e9 utilis\u00e9e. L\u2019agrafe de fixation est sp\u00e9cialement con\u00e7ue pour la pose de gazon synth\u00e9tique dans les zones \u00e0 forte pente o\u00f9 l\u2019incorporation de ballast seul ne permet pas d\u2019assurer le tassement du sol de base.<\/p>\n","protected":false},"featured_media":8133,"template":"","meta":{"_acf_changed":false},"product_brand":[],"product_cat":[310,375,304],"product_tag":[],"class_list":{"0":"post-9826","1":"product","2":"type-product","3":"status-publish","4":"has-post-thumbnail","6":"product_cat-agrafe-fixation","7":"product_cat-complements-gazon-synthetique","8":"product_cat-gazon-synthetique","10":"first","11":"instock","12":"shipping-taxable","13":"product-type-simple"},"acf":[],"yoast_head":"<!-- This site is optimized with the Yoast SEO plugin v27.6 - https:\/\/yoast.com\/product\/yoast-seo-wordpress\/ -->\n<title>Agrafe fixation gazon synth\u00e9tique - Bruc Jard\u00ed<\/title>\n<meta name=\"description\" content=\"L&#039;agrafe de fixation de gazon synth\u00e9tique de Bruc Jard\u00ed est sp\u00e9cialement con\u00e7ue pour la pose de gazon synth\u00e9tique dans des zones \u00e0 forte pente.\" \/>\n<meta name=\"robots\" content=\"index, follow, max-snippet:-1, max-image-preview:large, max-video-preview:-1\" \/>\n<link rel=\"canonical\" href=\"https:\/\/www.brucjardi.com\/fr\/producto\/agrafe-fixation-gazon-synthetique\/\" \/>\n<meta property=\"og:locale\" content=\"fr_FR\" \/>\n<meta property=\"og:type\" content=\"article\" \/>\n<meta property=\"og:title\" content=\"Agrafe fixation gazon synth\u00e9tique - Bruc Jard\u00ed\" \/>\n<meta property=\"og:description\" content=\"L&#039;agrafe de fixation de gazon synth\u00e9tique de Bruc Jard\u00ed est sp\u00e9cialement con\u00e7ue pour la pose de gazon synth\u00e9tique dans des zones \u00e0 forte pente.\" \/>\n<meta property=\"og:url\" content=\"https:\/\/www.brucjardi.com\/fr\/producto\/agrafe-fixation-gazon-synthetique\/\" \/>\n<meta property=\"og:site_name\" content=\"Bruc Jard\u00ed\" \/>\n<meta property=\"article:publisher\" content=\"https:\/\/www.facebook.com\/p\/Bruc-Jard-100064062129504\/?paipv=0&amp;eav=AfYBgNTLyCD_XE-2sHqF-2NhCAlhfUu6pU6jIP4Cig42OkIfyGuVIdQjWqlOtRoWBJs&amp;_rdr\" \/>\n<meta property=\"article:modified_time\" content=\"2026-04-02T10:54:32+00:00\" \/>\n<meta property=\"og:image\" content=\"https:\/\/www.brucjardi.com\/wp-content\/uploads\/2023\/12\/grapa-fijacion-cesped-artificial-min-600x600-1.jpg\" \/>\n\t<meta property=\"og:image:width\" content=\"600\" \/>\n\t<meta property=\"og:image:height\" content=\"600\" \/>\n\t<meta property=\"og:image:type\" content=\"image\/jpeg\" \/>\n<meta name=\"twitter:card\" content=\"summary_large_image\" \/>\n<meta name=\"twitter:label1\" content=\"Dur\u00e9e de lecture estim\u00e9e\" \/>\n\t<meta name=\"twitter:data1\" content=\"2 minutes\" \/>\n<script type=\"application\/ld+json\" class=\"yoast-schema-graph\">{\"@context\":\"https:\\\/\\\/schema.org\",\"@graph\":[{\"@type\":\"WebPage\",\"@id\":\"https:\\\/\\\/www.brucjardi.com\\\/fr\\\/producto\\\/agrafe-fixation-gazon-synthetique\\\/\",\"url\":\"https:\\\/\\\/www.brucjardi.com\\\/fr\\\/producto\\\/agrafe-fixation-gazon-synthetique\\\/\",\"name\":\"Agrafe fixation gazon synth\u00e9tique - Bruc Jard\u00ed\",\"isPartOf\":{\"@id\":\"https:\\\/\\\/www.brucjardi.com\\\/fr\\\/#website\"},\"primaryImageOfPage\":{\"@id\":\"https:\\\/\\\/www.brucjardi.com\\\/fr\\\/producto\\\/agrafe-fixation-gazon-synthetique\\\/#primaryimage\"},\"image\":{\"@id\":\"https:\\\/\\\/www.brucjardi.com\\\/fr\\\/producto\\\/agrafe-fixation-gazon-synthetique\\\/#primaryimage\"},\"thumbnailUrl\":\"https:\\\/\\\/www.brucjardi.com\\\/wp-content\\\/uploads\\\/2023\\\/12\\\/grapa-fijacion-cesped-artificial-min-600x600-1.jpg\",\"datePublished\":\"2023-12-29T14:01:59+00:00\",\"dateModified\":\"2026-04-02T10:54:32+00:00\",\"description\":\"L'agrafe de fixation de gazon synth\u00e9tique de Bruc Jard\u00ed est sp\u00e9cialement con\u00e7ue pour la pose de gazon synth\u00e9tique dans des zones \u00e0 forte pente.\",\"breadcrumb\":{\"@id\":\"https:\\\/\\\/www.brucjardi.com\\\/fr\\\/producto\\\/agrafe-fixation-gazon-synthetique\\\/#breadcrumb\"},\"inLanguage\":\"fr-FR\",\"potentialAction\":[{\"@type\":\"ReadAction\",\"target\":[\"https:\\\/\\\/www.brucjardi.com\\\/fr\\\/producto\\\/agrafe-fixation-gazon-synthetique\\\/\"]}]},{\"@type\":\"ImageObject\",\"inLanguage\":\"fr-FR\",\"@id\":\"https:\\\/\\\/www.brucjardi.com\\\/fr\\\/producto\\\/agrafe-fixation-gazon-synthetique\\\/#primaryimage\",\"url\":\"https:\\\/\\\/www.brucjardi.com\\\/wp-content\\\/uploads\\\/2023\\\/12\\\/grapa-fijacion-cesped-artificial-min-600x600-1.jpg\",\"contentUrl\":\"https:\\\/\\\/www.brucjardi.com\\\/wp-content\\\/uploads\\\/2023\\\/12\\\/grapa-fijacion-cesped-artificial-min-600x600-1.jpg\",\"width\":600,\"height\":600,\"caption\":\"Agrafe fixation gazon synth\u00e9tique\"},{\"@type\":\"BreadcrumbList\",\"@id\":\"https:\\\/\\\/www.brucjardi.com\\\/fr\\\/producto\\\/agrafe-fixation-gazon-synthetique\\\/#breadcrumb\",\"itemListElement\":[{\"@type\":\"ListItem\",\"position\":1,\"name\":\"Produits\",\"item\":\"https:\\\/\\\/www.brucjardi.com\\\/fr\\\/shop\\\/\"},{\"@type\":\"ListItem\",\"position\":2,\"name\":\"Agrafe fixation gazon synth\u00e9tique\"}]},{\"@type\":\"WebSite\",\"@id\":\"https:\\\/\\\/www.brucjardi.com\\\/fr\\\/#website\",\"url\":\"https:\\\/\\\/www.brucjardi.com\\\/fr\\\/\",\"name\":\"Bruc Jard\u00ed\",\"description\":\"\",\"publisher\":{\"@id\":\"https:\\\/\\\/www.brucjardi.com\\\/fr\\\/#organization\"},\"alternateName\":\"BJ\",\"potentialAction\":[{\"@type\":\"SearchAction\",\"target\":{\"@type\":\"EntryPoint\",\"urlTemplate\":\"https:\\\/\\\/www.brucjardi.com\\\/fr\\\/?s={search_term_string}\"},\"query-input\":{\"@type\":\"PropertyValueSpecification\",\"valueRequired\":true,\"valueName\":\"search_term_string\"}}],\"inLanguage\":\"fr-FR\"},{\"@type\":\"Organization\",\"@id\":\"https:\\\/\\\/www.brucjardi.com\\\/fr\\\/#organization\",\"name\":\"Bruc Jard\u00ed\",\"url\":\"https:\\\/\\\/www.brucjardi.com\\\/fr\\\/\",\"logo\":{\"@type\":\"ImageObject\",\"inLanguage\":\"fr-FR\",\"@id\":\"https:\\\/\\\/www.brucjardi.com\\\/fr\\\/#\\\/schema\\\/logo\\\/image\\\/\",\"url\":\"https:\\\/\\\/www.brucjardi.com\\\/wp-content\\\/uploads\\\/2023\\\/09\\\/logo-BJ.png\",\"contentUrl\":\"https:\\\/\\\/www.brucjardi.com\\\/wp-content\\\/uploads\\\/2023\\\/09\\\/logo-BJ.png\",\"width\":1713,\"height\":1548,\"caption\":\"Bruc Jard\u00ed\"},\"image\":{\"@id\":\"https:\\\/\\\/www.brucjardi.com\\\/fr\\\/#\\\/schema\\\/logo\\\/image\\\/\"},\"sameAs\":[\"https:\\\/\\\/www.facebook.com\\\/p\\\/Bruc-Jard-100064062129504\\\/?paipv=0&eav=AfYBgNTLyCD_XE-2sHqF-2NhCAlhfUu6pU6jIP4Cig42OkIfyGuVIdQjWqlOtRoWBJs&_rdr\",\"https:\\\/\\\/www.instagram.com\\\/brucjardi_oficial\\\/?hl=es\"]}]}<\/script>\n<!-- \/ Yoast SEO plugin. -->","yoast_head_json":{"title":"Agrafe fixation gazon synth\u00e9tique - Bruc Jard\u00ed","description":"L'agrafe de fixation de gazon synth\u00e9tique de Bruc Jard\u00ed est sp\u00e9cialement con\u00e7ue pour la pose de gazon synth\u00e9tique dans des zones \u00e0 forte pente.","robots":{"index":"index","follow":"follow","max-snippet":"max-snippet:-1","max-image-preview":"max-image-preview:large","max-video-preview":"max-video-preview:-1"},"canonical":"https:\/\/www.brucjardi.com\/fr\/producto\/agrafe-fixation-gazon-synthetique\/","og_locale":"fr_FR","og_type":"article","og_title":"Agrafe fixation gazon synth\u00e9tique - Bruc Jard\u00ed","og_description":"L'agrafe de fixation de gazon synth\u00e9tique de Bruc Jard\u00ed est sp\u00e9cialement con\u00e7ue pour la pose de gazon synth\u00e9tique dans des zones \u00e0 forte pente.","og_url":"https:\/\/www.brucjardi.com\/fr\/producto\/agrafe-fixation-gazon-synthetique\/","og_site_name":"Bruc Jard\u00ed","article_publisher":"https:\/\/www.facebook.com\/p\/Bruc-Jard-100064062129504\/?paipv=0&eav=AfYBgNTLyCD_XE-2sHqF-2NhCAlhfUu6pU6jIP4Cig42OkIfyGuVIdQjWqlOtRoWBJs&_rdr","article_modified_time":"2026-04-02T10:54:32+00:00","og_image":[{"width":600,"height":600,"url":"https:\/\/www.brucjardi.com\/wp-content\/uploads\/2023\/12\/grapa-fijacion-cesped-artificial-min-600x600-1.jpg","type":"image\/jpeg"}],"twitter_card":"summary_large_image","twitter_misc":{"Dur\u00e9e de lecture estim\u00e9e":"2 minutes"},"schema":{"@context":"https:\/\/schema.org","@graph":[{"@type":"WebPage","@id":"https:\/\/www.brucjardi.com\/fr\/producto\/agrafe-fixation-gazon-synthetique\/","url":"https:\/\/www.brucjardi.com\/fr\/producto\/agrafe-fixation-gazon-synthetique\/","name":"Agrafe fixation gazon synth\u00e9tique - Bruc Jard\u00ed","isPartOf":{"@id":"https:\/\/www.brucjardi.com\/fr\/#website"},"primaryImageOfPage":{"@id":"https:\/\/www.brucjardi.com\/fr\/producto\/agrafe-fixation-gazon-synthetique\/#primaryimage"},"image":{"@id":"https:\/\/www.brucjardi.com\/fr\/producto\/agrafe-fixation-gazon-synthetique\/#primaryimage"},"thumbnailUrl":"https:\/\/www.brucjardi.com\/wp-content\/uploads\/2023\/12\/grapa-fijacion-cesped-artificial-min-600x600-1.jpg","datePublished":"2023-12-29T14:01:59+00:00","dateModified":"2026-04-02T10:54:32+00:00","description":"L'agrafe de fixation de gazon synth\u00e9tique de Bruc Jard\u00ed est sp\u00e9cialement con\u00e7ue pour la pose de gazon synth\u00e9tique dans des zones \u00e0 forte pente.","breadcrumb":{"@id":"https:\/\/www.brucjardi.com\/fr\/producto\/agrafe-fixation-gazon-synthetique\/#breadcrumb"},"inLanguage":"fr-FR","potentialAction":[{"@type":"ReadAction","target":["https:\/\/www.brucjardi.com\/fr\/producto\/agrafe-fixation-gazon-synthetique\/"]}]},{"@type":"ImageObject","inLanguage":"fr-FR","@id":"https:\/\/www.brucjardi.com\/fr\/producto\/agrafe-fixation-gazon-synthetique\/#primaryimage","url":"https:\/\/www.brucjardi.com\/wp-content\/uploads\/2023\/12\/grapa-fijacion-cesped-artificial-min-600x600-1.jpg","contentUrl":"https:\/\/www.brucjardi.com\/wp-content\/uploads\/2023\/12\/grapa-fijacion-cesped-artificial-min-600x600-1.jpg","width":600,"height":600,"caption":"Agrafe fixation gazon synth\u00e9tique"},{"@type":"BreadcrumbList","@id":"https:\/\/www.brucjardi.com\/fr\/producto\/agrafe-fixation-gazon-synthetique\/#breadcrumb","itemListElement":[{"@type":"ListItem","position":1,"name":"Produits","item":"https:\/\/www.brucjardi.com\/fr\/shop\/"},{"@type":"ListItem","position":2,"name":"Agrafe fixation gazon synth\u00e9tique"}]},{"@type":"WebSite","@id":"https:\/\/www.brucjardi.com\/fr\/#website","url":"https:\/\/www.brucjardi.com\/fr\/","name":"Bruc Jard\u00ed","description":"","publisher":{"@id":"https:\/\/www.brucjardi.com\/fr\/#organization"},"alternateName":"BJ","potentialAction":[{"@type":"SearchAction","target":{"@type":"EntryPoint","urlTemplate":"https:\/\/www.brucjardi.com\/fr\/?s={search_term_string}"},"query-input":{"@type":"PropertyValueSpecification","valueRequired":true,"valueName":"search_term_string"}}],"inLanguage":"fr-FR"},{"@type":"Organization","@id":"https:\/\/www.brucjardi.com\/fr\/#organization","name":"Bruc Jard\u00ed","url":"https:\/\/www.brucjardi.com\/fr\/","logo":{"@type":"ImageObject","inLanguage":"fr-FR","@id":"https:\/\/www.brucjardi.com\/fr\/#\/schema\/logo\/image\/","url":"https:\/\/www.brucjardi.com\/wp-content\/uploads\/2023\/09\/logo-BJ.png","contentUrl":"https:\/\/www.brucjardi.com\/wp-content\/uploads\/2023\/09\/logo-BJ.png","width":1713,"height":1548,"caption":"Bruc Jard\u00ed"},"image":{"@id":"https:\/\/www.brucjardi.com\/fr\/#\/schema\/logo\/image\/"},"sameAs":["https:\/\/www.facebook.com\/p\/Bruc-Jard-100064062129504\/?paipv=0&eav=AfYBgNTLyCD_XE-2sHqF-2NhCAlhfUu6pU6jIP4Cig42OkIfyGuVIdQjWqlOtRoWBJs&_rdr","https:\/\/www.instagram.com\/brucjardi_oficial\/?hl=es"]}]}},"_links":{"self":[{"href":"https:\/\/www.brucjardi.com\/fr\/wp-json\/wp\/v2\/product\/9826","targetHints":{"allow":["GET"]}}],"collection":[{"href":"https:\/\/www.brucjardi.com\/fr\/wp-json\/wp\/v2\/product"}],"about":[{"href":"https:\/\/www.brucjardi.com\/fr\/wp-json\/wp\/v2\/types\/product"}],"wp:featuredmedia":[{"embeddable":true,"href":"https:\/\/www.brucjardi.com\/fr\/wp-json\/wp\/v2\/media\/8133"}],"wp:attachment":[{"href":"https:\/\/www.brucjardi.com\/fr\/wp-json\/wp\/v2\/media?parent=9826"}],"wp:term":[{"taxonomy":"product_brand","embeddable":true,"href":"https:\/\/www.brucjardi.com\/fr\/wp-json\/wp\/v2\/product_brand?post=9826"},{"taxonomy":"product_cat","embeddable":true,"href":"https:\/\/www.brucjardi.com\/fr\/wp-json\/wp\/v2\/product_cat?post=9826"},{"taxonomy":"product_tag","embeddable":true,"href":"https:\/\/www.brucjardi.com\/fr\/wp-json\/wp\/v2\/product_tag?post=9826"}],"curies":[{"name":"wp","href":"https:\/\/api.w.org\/{rel}","templated":true}]}}