{"id":9828,"date":"2023-12-29T15:32:19","date_gmt":"2023-12-29T14:32:19","guid":{"rendered":"https:\/\/dev.brucjardi.com\/producto\/plaque-recyplack\/"},"modified":"2024-02-20T14:37:50","modified_gmt":"2024-02-20T13:37:50","slug":"plaque-recyplack","status":"publish","type":"product","link":"https:\/\/www.brucjardi.com\/fr\/producto\/plaque-recyplack\/","title":{"rendered":"Plaque recyplack"},"content":{"rendered":"<p>La plaque de gazon synth\u00e9tique Recyplack est un produit multifonctionnel con\u00e7u pour fournir une surface amortissante et s\u00e9curis\u00e9e, notamment dans les zones o\u00f9 la protection contre les chutes est cruciale.<\/p>\n<p>La fonction principale de la plaque est d&rsquo;agir comme une base amortissante. Cela est essentiel dans les aires de jeux, les terrains de sport et autres endroits o\u00f9 l&rsquo;objectif est de r\u00e9duire l&rsquo;impact en cas de chute, offrant ainsi un environnement plus s\u00fbr.<\/p>\n<p>La plaque est id\u00e9ale pour \u00eatre install\u00e9e dans les aires de jeux pour enfants, o\u00f9 la s\u00e9curit\u00e9 des enfants est une priorit\u00e9. Elle respecte les normes de s\u00e9curit\u00e9 telles que les exigences de la norme EN1177:2018, qui \u00e9value la capacit\u00e9 d&rsquo;absorption des chocs.<\/p>\n<p>En plus de son utilisation dans les aires de jeux pour enfants, la plaque est \u00e9galement utilis\u00e9e dans les terrains de sport. Sa capacit\u00e9 amortissante la rend adapt\u00e9e aux installations sportives o\u00f9 l&rsquo;on cherche \u00e0 r\u00e9duire le risque de blessures dues aux chutes ou aux chocs.<\/p>\n<p>A \u00e9t\u00e9 soumise \u00e0 des tests et r\u00e9pond aux normes de s\u00e9curit\u00e9, telles que la norme HIC selon EN1177:2018. Ce type de tests \u00e9value la capacit\u00e9 de la surface \u00e0 absorber les chocs et \u00e0 r\u00e9duire le risque de blessures \u00e0 la t\u00eate.<\/p>\n<p>La qualit\u00e9 de la plaque se refl\u00e8te dans sa pr\u00e9sence sur les terrains de football certifi\u00e9s FIFA quality pro. Cette reconnaissance soutient sa pertinence pour les installations sportives de haut niveau.<\/p>\n<p>La plaque Recyplack pr\u00e9sente d&rsquo;excellentes propri\u00e9t\u00e9s de drainage. Cela est b\u00e9n\u00e9fique pour \u00e9viter les probl\u00e8mes d&rsquo;accumulation d&rsquo;eau et garantir une surface s\u00e8che et utilisable m\u00eame apr\u00e8s de fortes pluies.<\/p>\n<p>La facilit\u00e9 d&rsquo;installation est un aspect marquant de la plaque. Son design de type puzzle permet un montage simple et efficace, facilitant ainsi le processus d&rsquo;installation.<\/p>\n","protected":false},"excerpt":{"rendered":"<p>Recy-plack a une fonction amortissante. C\u2019est un produit destin\u00e9 \u00e0 l\u2019installation d\u2019aires de jeux, de terrains de sport et de toutes sortes de surfaces n\u00e9cessitant un excellent niveau d\u2019amortissement contre les chutes. Plaque absorbant les chocs test\u00e9e HIC selon EN1177:2018 et pr\u00e9sentes sur les terrains de football FIFA QUALITY PRO. La plaque est durable et r\u00e9sistante, avec d\u2019excellentes propri\u00e9t\u00e9s de drainage. Assemblage facile de type puzzle et sans entretien.<\/p>\n","protected":false},"featured_media":8139,"template":"","meta":{"_acf_changed":false},"product_brand":[],"product_cat":[375,304,410],"product_tag":[],"class_list":{"0":"post-9828","1":"product","2":"type-product","3":"status-publish","4":"has-post-thumbnail","6":"product_cat-complements-gazon-synthetique","7":"product_cat-gazon-synthetique","8":"product_cat-plaque-recyplack","10":"first","11":"instock","12":"shipping-taxable","13":"product-type-simple"},"acf":[],"yoast_head":"<!-- This site is optimized with the Yoast SEO plugin v27.6 - https:\/\/yoast.com\/product\/yoast-seo-wordpress\/ -->\n<title>Plaque recyplack - Bruc Jard\u00ed<\/title>\n<meta name=\"description\" content=\"La plaque Recyplack a une fonction amortissante. C&#039;est un produit destin\u00e9 \u00e0 l&#039;installation dans les aires de jeux pour enfants, les terrains de sport et d&#039;autres surfaces similaires.\" \/>\n<meta name=\"robots\" content=\"index, follow, max-snippet:-1, max-image-preview:large, max-video-preview:-1\" \/>\n<link rel=\"canonical\" href=\"https:\/\/www.brucjardi.com\/fr\/producto\/plaque-recyplack\/\" \/>\n<meta property=\"og:locale\" content=\"fr_FR\" \/>\n<meta property=\"og:type\" content=\"article\" \/>\n<meta property=\"og:title\" content=\"Plaque recyplack - Bruc Jard\u00ed\" \/>\n<meta property=\"og:description\" content=\"La plaque Recyplack a une fonction amortissante. C&#039;est un produit destin\u00e9 \u00e0 l&#039;installation dans les aires de jeux pour enfants, les terrains de sport et d&#039;autres surfaces similaires.\" \/>\n<meta property=\"og:url\" content=\"https:\/\/www.brucjardi.com\/fr\/producto\/plaque-recyplack\/\" \/>\n<meta property=\"og:site_name\" content=\"Bruc Jard\u00ed\" \/>\n<meta property=\"article:publisher\" content=\"https:\/\/www.facebook.com\/p\/Bruc-Jard-100064062129504\/?paipv=0&amp;eav=AfYBgNTLyCD_XE-2sHqF-2NhCAlhfUu6pU6jIP4Cig42OkIfyGuVIdQjWqlOtRoWBJs&amp;_rdr\" \/>\n<meta property=\"article:modified_time\" content=\"2024-02-20T13:37:50+00:00\" \/>\n<meta property=\"og:image\" content=\"https:\/\/i0.wp.com\/www.brucjardi.com\/wp-content\/uploads\/2023\/12\/Placa-Cesped-Artificial-Recy-plack-600x600-1.jpg?fit=600%2C600&ssl=1\" \/>\n\t<meta property=\"og:image:width\" content=\"600\" \/>\n\t<meta property=\"og:image:height\" content=\"600\" \/>\n\t<meta property=\"og:image:type\" content=\"image\/jpeg\" \/>\n<meta name=\"twitter:card\" content=\"summary_large_image\" \/>\n<meta name=\"twitter:label1\" content=\"Dur\u00e9e de lecture estim\u00e9e\" \/>\n\t<meta name=\"twitter:data1\" content=\"2 minutes\" \/>\n<script type=\"application\/ld+json\" class=\"yoast-schema-graph\">{\"@context\":\"https:\\\/\\\/schema.org\",\"@graph\":[{\"@type\":\"WebPage\",\"@id\":\"https:\\\/\\\/www.brucjardi.com\\\/fr\\\/producto\\\/plaque-recyplack\\\/\",\"url\":\"https:\\\/\\\/www.brucjardi.com\\\/fr\\\/producto\\\/plaque-recyplack\\\/\",\"name\":\"Plaque recyplack - Bruc Jard\u00ed\",\"isPartOf\":{\"@id\":\"https:\\\/\\\/www.brucjardi.com\\\/fr\\\/#website\"},\"primaryImageOfPage\":{\"@id\":\"https:\\\/\\\/www.brucjardi.com\\\/fr\\\/producto\\\/plaque-recyplack\\\/#primaryimage\"},\"image\":{\"@id\":\"https:\\\/\\\/www.brucjardi.com\\\/fr\\\/producto\\\/plaque-recyplack\\\/#primaryimage\"},\"thumbnailUrl\":\"https:\\\/\\\/www.brucjardi.com\\\/wp-content\\\/uploads\\\/2023\\\/12\\\/Placa-Cesped-Artificial-Recy-plack-600x600-1.jpg\",\"datePublished\":\"2023-12-29T14:32:19+00:00\",\"dateModified\":\"2024-02-20T13:37:50+00:00\",\"description\":\"La plaque Recyplack a une fonction amortissante. C'est un produit destin\u00e9 \u00e0 l'installation dans les aires de jeux pour enfants, les terrains de sport et d'autres surfaces similaires.\",\"breadcrumb\":{\"@id\":\"https:\\\/\\\/www.brucjardi.com\\\/fr\\\/producto\\\/plaque-recyplack\\\/#breadcrumb\"},\"inLanguage\":\"fr-FR\",\"potentialAction\":[{\"@type\":\"ReadAction\",\"target\":[\"https:\\\/\\\/www.brucjardi.com\\\/fr\\\/producto\\\/plaque-recyplack\\\/\"]}]},{\"@type\":\"ImageObject\",\"inLanguage\":\"fr-FR\",\"@id\":\"https:\\\/\\\/www.brucjardi.com\\\/fr\\\/producto\\\/plaque-recyplack\\\/#primaryimage\",\"url\":\"https:\\\/\\\/www.brucjardi.com\\\/wp-content\\\/uploads\\\/2023\\\/12\\\/Placa-Cesped-Artificial-Recy-plack-600x600-1.jpg\",\"contentUrl\":\"https:\\\/\\\/www.brucjardi.com\\\/wp-content\\\/uploads\\\/2023\\\/12\\\/Placa-Cesped-Artificial-Recy-plack-600x600-1.jpg\",\"width\":600,\"height\":600,\"caption\":\"Plaque recyplack\"},{\"@type\":\"BreadcrumbList\",\"@id\":\"https:\\\/\\\/www.brucjardi.com\\\/fr\\\/producto\\\/plaque-recyplack\\\/#breadcrumb\",\"itemListElement\":[{\"@type\":\"ListItem\",\"position\":1,\"name\":\"Produits\",\"item\":\"https:\\\/\\\/www.brucjardi.com\\\/fr\\\/shop\\\/\"},{\"@type\":\"ListItem\",\"position\":2,\"name\":\"Plaque recyplack\"}]},{\"@type\":\"WebSite\",\"@id\":\"https:\\\/\\\/www.brucjardi.com\\\/fr\\\/#website\",\"url\":\"https:\\\/\\\/www.brucjardi.com\\\/fr\\\/\",\"name\":\"Bruc Jard\u00ed\",\"description\":\"\",\"publisher\":{\"@id\":\"https:\\\/\\\/www.brucjardi.com\\\/fr\\\/#organization\"},\"alternateName\":\"BJ\",\"potentialAction\":[{\"@type\":\"SearchAction\",\"target\":{\"@type\":\"EntryPoint\",\"urlTemplate\":\"https:\\\/\\\/www.brucjardi.com\\\/fr\\\/?s={search_term_string}\"},\"query-input\":{\"@type\":\"PropertyValueSpecification\",\"valueRequired\":true,\"valueName\":\"search_term_string\"}}],\"inLanguage\":\"fr-FR\"},{\"@type\":\"Organization\",\"@id\":\"https:\\\/\\\/www.brucjardi.com\\\/fr\\\/#organization\",\"name\":\"Bruc Jard\u00ed\",\"url\":\"https:\\\/\\\/www.brucjardi.com\\\/fr\\\/\",\"logo\":{\"@type\":\"ImageObject\",\"inLanguage\":\"fr-FR\",\"@id\":\"https:\\\/\\\/www.brucjardi.com\\\/fr\\\/#\\\/schema\\\/logo\\\/image\\\/\",\"url\":\"https:\\\/\\\/www.brucjardi.com\\\/wp-content\\\/uploads\\\/2023\\\/09\\\/logo-BJ.png\",\"contentUrl\":\"https:\\\/\\\/www.brucjardi.com\\\/wp-content\\\/uploads\\\/2023\\\/09\\\/logo-BJ.png\",\"width\":1713,\"height\":1548,\"caption\":\"Bruc Jard\u00ed\"},\"image\":{\"@id\":\"https:\\\/\\\/www.brucjardi.com\\\/fr\\\/#\\\/schema\\\/logo\\\/image\\\/\"},\"sameAs\":[\"https:\\\/\\\/www.facebook.com\\\/p\\\/Bruc-Jard-100064062129504\\\/?paipv=0&eav=AfYBgNTLyCD_XE-2sHqF-2NhCAlhfUu6pU6jIP4Cig42OkIfyGuVIdQjWqlOtRoWBJs&_rdr\",\"https:\\\/\\\/www.instagram.com\\\/brucjardi_oficial\\\/?hl=es\"]}]}<\/script>\n<!-- \/ Yoast SEO plugin. -->","yoast_head_json":{"title":"Plaque recyplack - Bruc Jard\u00ed","description":"La plaque Recyplack a une fonction amortissante. C'est un produit destin\u00e9 \u00e0 l'installation dans les aires de jeux pour enfants, les terrains de sport et d'autres surfaces similaires.","robots":{"index":"index","follow":"follow","max-snippet":"max-snippet:-1","max-image-preview":"max-image-preview:large","max-video-preview":"max-video-preview:-1"},"canonical":"https:\/\/www.brucjardi.com\/fr\/producto\/plaque-recyplack\/","og_locale":"fr_FR","og_type":"article","og_title":"Plaque recyplack - Bruc Jard\u00ed","og_description":"La plaque Recyplack a une fonction amortissante. C'est un produit destin\u00e9 \u00e0 l'installation dans les aires de jeux pour enfants, les terrains de sport et d'autres surfaces similaires.","og_url":"https:\/\/www.brucjardi.com\/fr\/producto\/plaque-recyplack\/","og_site_name":"Bruc Jard\u00ed","article_publisher":"https:\/\/www.facebook.com\/p\/Bruc-Jard-100064062129504\/?paipv=0&eav=AfYBgNTLyCD_XE-2sHqF-2NhCAlhfUu6pU6jIP4Cig42OkIfyGuVIdQjWqlOtRoWBJs&_rdr","article_modified_time":"2024-02-20T13:37:50+00:00","og_image":[{"width":600,"height":600,"url":"https:\/\/i0.wp.com\/www.brucjardi.com\/wp-content\/uploads\/2023\/12\/Placa-Cesped-Artificial-Recy-plack-600x600-1.jpg?fit=600%2C600&ssl=1","type":"image\/jpeg"}],"twitter_card":"summary_large_image","twitter_misc":{"Dur\u00e9e de lecture estim\u00e9e":"2 minutes"},"schema":{"@context":"https:\/\/schema.org","@graph":[{"@type":"WebPage","@id":"https:\/\/www.brucjardi.com\/fr\/producto\/plaque-recyplack\/","url":"https:\/\/www.brucjardi.com\/fr\/producto\/plaque-recyplack\/","name":"Plaque recyplack - Bruc Jard\u00ed","isPartOf":{"@id":"https:\/\/www.brucjardi.com\/fr\/#website"},"primaryImageOfPage":{"@id":"https:\/\/www.brucjardi.com\/fr\/producto\/plaque-recyplack\/#primaryimage"},"image":{"@id":"https:\/\/www.brucjardi.com\/fr\/producto\/plaque-recyplack\/#primaryimage"},"thumbnailUrl":"https:\/\/www.brucjardi.com\/wp-content\/uploads\/2023\/12\/Placa-Cesped-Artificial-Recy-plack-600x600-1.jpg","datePublished":"2023-12-29T14:32:19+00:00","dateModified":"2024-02-20T13:37:50+00:00","description":"La plaque Recyplack a une fonction amortissante. C'est un produit destin\u00e9 \u00e0 l'installation dans les aires de jeux pour enfants, les terrains de sport et d'autres surfaces similaires.","breadcrumb":{"@id":"https:\/\/www.brucjardi.com\/fr\/producto\/plaque-recyplack\/#breadcrumb"},"inLanguage":"fr-FR","potentialAction":[{"@type":"ReadAction","target":["https:\/\/www.brucjardi.com\/fr\/producto\/plaque-recyplack\/"]}]},{"@type":"ImageObject","inLanguage":"fr-FR","@id":"https:\/\/www.brucjardi.com\/fr\/producto\/plaque-recyplack\/#primaryimage","url":"https:\/\/www.brucjardi.com\/wp-content\/uploads\/2023\/12\/Placa-Cesped-Artificial-Recy-plack-600x600-1.jpg","contentUrl":"https:\/\/www.brucjardi.com\/wp-content\/uploads\/2023\/12\/Placa-Cesped-Artificial-Recy-plack-600x600-1.jpg","width":600,"height":600,"caption":"Plaque recyplack"},{"@type":"BreadcrumbList","@id":"https:\/\/www.brucjardi.com\/fr\/producto\/plaque-recyplack\/#breadcrumb","itemListElement":[{"@type":"ListItem","position":1,"name":"Produits","item":"https:\/\/www.brucjardi.com\/fr\/shop\/"},{"@type":"ListItem","position":2,"name":"Plaque recyplack"}]},{"@type":"WebSite","@id":"https:\/\/www.brucjardi.com\/fr\/#website","url":"https:\/\/www.brucjardi.com\/fr\/","name":"Bruc Jard\u00ed","description":"","publisher":{"@id":"https:\/\/www.brucjardi.com\/fr\/#organization"},"alternateName":"BJ","potentialAction":[{"@type":"SearchAction","target":{"@type":"EntryPoint","urlTemplate":"https:\/\/www.brucjardi.com\/fr\/?s={search_term_string}"},"query-input":{"@type":"PropertyValueSpecification","valueRequired":true,"valueName":"search_term_string"}}],"inLanguage":"fr-FR"},{"@type":"Organization","@id":"https:\/\/www.brucjardi.com\/fr\/#organization","name":"Bruc Jard\u00ed","url":"https:\/\/www.brucjardi.com\/fr\/","logo":{"@type":"ImageObject","inLanguage":"fr-FR","@id":"https:\/\/www.brucjardi.com\/fr\/#\/schema\/logo\/image\/","url":"https:\/\/www.brucjardi.com\/wp-content\/uploads\/2023\/09\/logo-BJ.png","contentUrl":"https:\/\/www.brucjardi.com\/wp-content\/uploads\/2023\/09\/logo-BJ.png","width":1713,"height":1548,"caption":"Bruc Jard\u00ed"},"image":{"@id":"https:\/\/www.brucjardi.com\/fr\/#\/schema\/logo\/image\/"},"sameAs":["https:\/\/www.facebook.com\/p\/Bruc-Jard-100064062129504\/?paipv=0&eav=AfYBgNTLyCD_XE-2sHqF-2NhCAlhfUu6pU6jIP4Cig42OkIfyGuVIdQjWqlOtRoWBJs&_rdr","https:\/\/www.instagram.com\/brucjardi_oficial\/?hl=es"]}]}},"_links":{"self":[{"href":"https:\/\/www.brucjardi.com\/fr\/wp-json\/wp\/v2\/product\/9828","targetHints":{"allow":["GET"]}}],"collection":[{"href":"https:\/\/www.brucjardi.com\/fr\/wp-json\/wp\/v2\/product"}],"about":[{"href":"https:\/\/www.brucjardi.com\/fr\/wp-json\/wp\/v2\/types\/product"}],"wp:featuredmedia":[{"embeddable":true,"href":"https:\/\/www.brucjardi.com\/fr\/wp-json\/wp\/v2\/media\/8139"}],"wp:attachment":[{"href":"https:\/\/www.brucjardi.com\/fr\/wp-json\/wp\/v2\/media?parent=9828"}],"wp:term":[{"taxonomy":"product_brand","embeddable":true,"href":"https:\/\/www.brucjardi.com\/fr\/wp-json\/wp\/v2\/product_brand?post=9828"},{"taxonomy":"product_cat","embeddable":true,"href":"https:\/\/www.brucjardi.com\/fr\/wp-json\/wp\/v2\/product_cat?post=9828"},{"taxonomy":"product_tag","embeddable":true,"href":"https:\/\/www.brucjardi.com\/fr\/wp-json\/wp\/v2\/product_tag?post=9828"}],"curies":[{"name":"wp","href":"https:\/\/api.w.org\/{rel}","templated":true}]}}