{"id":9834,"date":"2024-01-17T09:19:53","date_gmt":"2024-01-17T08:19:53","guid":{"rendered":"https:\/\/dev.brucjardi.com\/producto\/gazon-sportif-padel-advance\/"},"modified":"2024-03-01T12:37:28","modified_gmt":"2024-03-01T11:37:28","slug":"gazon-sportif-padel-advance","status":"publish","type":"product","link":"https:\/\/www.brucjardi.com\/fr\/producto\/gazon-sportif-padel-advance\/","title":{"rendered":"Gazon sportif padel advance"},"content":{"rendered":"<p>Le gazon sportif padel Advance se pr\u00e9sente comme le choix id\u00e9al pour les terrains de padel. Il offre une surface durable et r\u00e9sistante avec une longue dur\u00e9e de vie. Contrairement aux solutions fibrill\u00e9es et textur\u00e9es, ce gazon sportif utilise un filament de monofilament en poly\u00e9thyl\u00e8ne. Cela lui conf\u00e8re une surface l\u00e9g\u00e8rement plus ferme, r\u00e9sistante et avec une r\u00e9ponse qui ralentit l\u00e9g\u00e8rement la balle.<\/p>\n<p>La composition sp\u00e9cifique du monofilament en poly\u00e9thyl\u00e8ne garantit non seulement la durabilit\u00e9 et la r\u00e9sistance du gazon sportif, mais il est \u00e9galement conforme aux normes et homologations des f\u00e9d\u00e9rations internationales. Cela assure que le court de padel \u00e9quip\u00e9 de ce gazon offre des performances exceptionnelles et respecte les normes requises pour les comp\u00e9titions et les entra\u00eenements professionnels.<\/p>\n<p>Le choix d&rsquo;un filament de monofilament en poly\u00e9thyl\u00e8ne conf\u00e8re au gazon sportif padel Advance une plus grande r\u00e9sistance \u00e0 l&rsquo;usure. Cette caract\u00e9ristique contribue \u00e0 une longue dur\u00e9e de vie du gazon, garantissant que la surface reste en parfait \u00e9tat pendant des ann\u00e9es de jeu continu.<\/p>\n<p>En r\u00e9sum\u00e9, le gazon sportif padel Advance est le choix parfait pour ceux qui recherchent une surface de padel durable, r\u00e9sistante et homologu\u00e9e par les f\u00e9d\u00e9rations internationales. Il offre un environnement de jeu coh\u00e9rent et de qualit\u00e9, soutenu par la robustesse du monofilament en poly\u00e9thyl\u00e8ne, assurant des ann\u00e9es de plaisir et des performances exceptionnelles sur le court de padel.<\/p>\n","protected":false},"excerpt":{"rendered":"<p>Le gazon sportif Advance est con\u00e7u pour une piste de padel l\u00e9g\u00e8re avec une longue dur\u00e9e de vie. Compar\u00e9 aux solutions fibrill\u00e9es et textur\u00e9es, le fil monofilament en poly\u00e9thyl\u00e8ne est l\u00e9g\u00e8rement plus dur, plus r\u00e9sistant et ralentit un peu la balle. Homologu\u00e9 par les f\u00e9d\u00e9rations internationales, il vous offrira des ann\u00e9es de jeu.<\/p>\n<p><strong>Certifications:<\/strong><\/p>\n<p><img decoding=\"async\" class=\"alignnone wp-image-5539 lazyload\" data-src=\"https:\/\/www.brucjardi.com\/wp-content\/uploads\/2024\/01\/Certif-logo-Domenech-12advance-232x300.png\" alt=\"\" width=\"41\" height=\"53\" data-srcset=\"https:\/\/www.brucjardi.com\/wp-content\/uploads\/2024\/01\/Certif-logo-Domenech-12advance-232x300.png 232w, https:\/\/www.brucjardi.com\/wp-content\/uploads\/2024\/01\/Certif-logo-Domenech-12advance.png 385w\" data-sizes=\"(max-width: 41px) 100vw, 41px\" src=\"data:image\/svg+xml;base64,PHN2ZyB3aWR0aD0iMSIgaGVpZ2h0PSIxIiB4bWxucz0iaHR0cDovL3d3dy53My5vcmcvMjAwMC9zdmciPjwvc3ZnPg==\" style=\"--smush-placeholder-width: 41px; --smush-placeholder-aspect-ratio: 41\/53;\" \/> <img decoding=\"async\" class=\"alignnone wp-image-5540 lazyload\" data-src=\"https:\/\/www.brucjardi.com\/wp-content\/uploads\/2024\/01\/ITF_CLASSIFIED-COURT-PACE_4MEDIUM-FAST_COLOUR-300x300.jpg\" alt=\"\" width=\"50\" height=\"50\" data-srcset=\"https:\/\/www.brucjardi.com\/wp-content\/uploads\/2024\/01\/ITF_CLASSIFIED-COURT-PACE_4MEDIUM-FAST_COLOUR-300x300.jpg 300w, https:\/\/www.brucjardi.com\/wp-content\/uploads\/2024\/01\/ITF_CLASSIFIED-COURT-PACE_4MEDIUM-FAST_COLOUR-1024x1024.jpg 1024w, https:\/\/www.brucjardi.com\/wp-content\/uploads\/2024\/01\/ITF_CLASSIFIED-COURT-PACE_4MEDIUM-FAST_COLOUR-150x150.jpg 150w, https:\/\/www.brucjardi.com\/wp-content\/uploads\/2024\/01\/ITF_CLASSIFIED-COURT-PACE_4MEDIUM-FAST_COLOUR-768x768.jpg 768w, https:\/\/www.brucjardi.com\/wp-content\/uploads\/2024\/01\/ITF_CLASSIFIED-COURT-PACE_4MEDIUM-FAST_COLOUR-1536x1536.jpg 1536w, https:\/\/www.brucjardi.com\/wp-content\/uploads\/2024\/01\/ITF_CLASSIFIED-COURT-PACE_4MEDIUM-FAST_COLOUR-600x600.jpg 600w, https:\/\/www.brucjardi.com\/wp-content\/uploads\/2024\/01\/ITF_CLASSIFIED-COURT-PACE_4MEDIUM-FAST_COLOUR-100x100.jpg 100w, https:\/\/www.brucjardi.com\/wp-content\/uploads\/2024\/01\/ITF_CLASSIFIED-COURT-PACE_4MEDIUM-FAST_COLOUR.jpg 1772w\" data-sizes=\"(max-width: 50px) 100vw, 50px\" src=\"data:image\/svg+xml;base64,PHN2ZyB3aWR0aD0iMSIgaGVpZ2h0PSIxIiB4bWxucz0iaHR0cDovL3d3dy53My5vcmcvMjAwMC9zdmciPjwvc3ZnPg==\" style=\"--smush-placeholder-width: 50px; --smush-placeholder-aspect-ratio: 50\/50;\" \/><\/p>\n<p><strong>Couleurs disponibles:<\/strong><\/p>\n<p><img decoding=\"async\" class=\"alignnone wp-image-5538 lazyload\" data-src=\"https:\/\/www.brucjardi.com\/wp-content\/uploads\/2024\/01\/colores-cesped-deportivo-300x91.png\" alt=\"\" width=\"270\" height=\"82\" data-srcset=\"https:\/\/www.brucjardi.com\/wp-content\/uploads\/2024\/01\/colores-cesped-deportivo-300x91.png 300w, https:\/\/www.brucjardi.com\/wp-content\/uploads\/2024\/01\/colores-cesped-deportivo.png 310w\" data-sizes=\"(max-width: 270px) 100vw, 270px\" src=\"data:image\/svg+xml;base64,PHN2ZyB3aWR0aD0iMSIgaGVpZ2h0PSIxIiB4bWxucz0iaHR0cDovL3d3dy53My5vcmcvMjAwMC9zdmciPjwvc3ZnPg==\" style=\"--smush-placeholder-width: 270px; --smush-placeholder-aspect-ratio: 270\/82;\" \/><\/p>\n<p>&nbsp;<\/p>\n<p>&nbsp;<\/p>\n","protected":false},"featured_media":8548,"template":"","meta":{"_acf_changed":false},"product_brand":[],"product_cat":[412,413],"product_tag":[],"class_list":{"0":"post-9834","1":"product","2":"type-product","3":"status-publish","4":"has-post-thumbnail","6":"product_cat-gazon-padel","7":"product_cat-gazon-sportif","9":"first","10":"instock","11":"shipping-taxable","12":"product-type-simple"},"acf":[],"yoast_head":"<!-- This site is optimized with the Yoast SEO plugin v27.6 - https:\/\/yoast.com\/product\/yoast-seo-wordpress\/ -->\n<title>Gazon sportif padel advance - Bruc Jard\u00ed<\/title>\n<meta name=\"description\" content=\"Le gazon sportif padel advance est une surface l\u00e9g\u00e8re avec une longue dur\u00e9e de vie. Il est fabriqu\u00e9 avec un fil de monofilament en poly\u00e9thyl\u00e8ne.\" \/>\n<meta name=\"robots\" content=\"index, follow, max-snippet:-1, max-image-preview:large, max-video-preview:-1\" \/>\n<link rel=\"canonical\" href=\"https:\/\/www.brucjardi.com\/fr\/producto\/gazon-sportif-padel-advance\/\" \/>\n<meta property=\"og:locale\" content=\"fr_FR\" \/>\n<meta property=\"og:type\" content=\"article\" \/>\n<meta property=\"og:title\" content=\"Gazon sportif padel advance - Bruc Jard\u00ed\" \/>\n<meta property=\"og:description\" content=\"Le gazon sportif padel advance est une surface l\u00e9g\u00e8re avec une longue dur\u00e9e de vie. Il est fabriqu\u00e9 avec un fil de monofilament en poly\u00e9thyl\u00e8ne.\" \/>\n<meta property=\"og:url\" content=\"https:\/\/www.brucjardi.com\/fr\/producto\/gazon-sportif-padel-advance\/\" \/>\n<meta property=\"og:site_name\" content=\"Bruc Jard\u00ed\" \/>\n<meta property=\"article:publisher\" content=\"https:\/\/www.facebook.com\/p\/Bruc-Jard-100064062129504\/?paipv=0&amp;eav=AfYBgNTLyCD_XE-2sHqF-2NhCAlhfUu6pU6jIP4Cig42OkIfyGuVIdQjWqlOtRoWBJs&amp;_rdr\" \/>\n<meta property=\"article:modified_time\" content=\"2024-03-01T11:37:28+00:00\" \/>\n<meta property=\"og:image\" content=\"https:\/\/www.brucjardi.com\/wp-content\/uploads\/2024\/01\/advancenegro.jpg\" \/>\n\t<meta property=\"og:image:width\" content=\"600\" \/>\n\t<meta property=\"og:image:height\" content=\"600\" \/>\n\t<meta property=\"og:image:type\" content=\"image\/jpeg\" \/>\n<meta name=\"twitter:card\" content=\"summary_large_image\" \/>\n<meta name=\"twitter:label1\" content=\"Dur\u00e9e de lecture estim\u00e9e\" \/>\n\t<meta name=\"twitter:data1\" content=\"2 minutes\" \/>\n<script type=\"application\/ld+json\" class=\"yoast-schema-graph\">{\"@context\":\"https:\\\/\\\/schema.org\",\"@graph\":[{\"@type\":\"WebPage\",\"@id\":\"https:\\\/\\\/www.brucjardi.com\\\/fr\\\/producto\\\/gazon-sportif-padel-advance\\\/\",\"url\":\"https:\\\/\\\/www.brucjardi.com\\\/fr\\\/producto\\\/gazon-sportif-padel-advance\\\/\",\"name\":\"Gazon sportif padel advance - Bruc Jard\u00ed\",\"isPartOf\":{\"@id\":\"https:\\\/\\\/www.brucjardi.com\\\/fr\\\/#website\"},\"primaryImageOfPage\":{\"@id\":\"https:\\\/\\\/www.brucjardi.com\\\/fr\\\/producto\\\/gazon-sportif-padel-advance\\\/#primaryimage\"},\"image\":{\"@id\":\"https:\\\/\\\/www.brucjardi.com\\\/fr\\\/producto\\\/gazon-sportif-padel-advance\\\/#primaryimage\"},\"thumbnailUrl\":\"https:\\\/\\\/www.brucjardi.com\\\/wp-content\\\/uploads\\\/2024\\\/01\\\/advancenegro.jpg\",\"datePublished\":\"2024-01-17T08:19:53+00:00\",\"dateModified\":\"2024-03-01T11:37:28+00:00\",\"description\":\"Le gazon sportif padel advance est une surface l\u00e9g\u00e8re avec une longue dur\u00e9e de vie. Il est fabriqu\u00e9 avec un fil de monofilament en poly\u00e9thyl\u00e8ne.\",\"breadcrumb\":{\"@id\":\"https:\\\/\\\/www.brucjardi.com\\\/fr\\\/producto\\\/gazon-sportif-padel-advance\\\/#breadcrumb\"},\"inLanguage\":\"fr-FR\",\"potentialAction\":[{\"@type\":\"ReadAction\",\"target\":[\"https:\\\/\\\/www.brucjardi.com\\\/fr\\\/producto\\\/gazon-sportif-padel-advance\\\/\"]}]},{\"@type\":\"ImageObject\",\"inLanguage\":\"fr-FR\",\"@id\":\"https:\\\/\\\/www.brucjardi.com\\\/fr\\\/producto\\\/gazon-sportif-padel-advance\\\/#primaryimage\",\"url\":\"https:\\\/\\\/www.brucjardi.com\\\/wp-content\\\/uploads\\\/2024\\\/01\\\/advancenegro.jpg\",\"contentUrl\":\"https:\\\/\\\/www.brucjardi.com\\\/wp-content\\\/uploads\\\/2024\\\/01\\\/advancenegro.jpg\",\"width\":600,\"height\":600,\"caption\":\"Gazon sportif padel advance\"},{\"@type\":\"BreadcrumbList\",\"@id\":\"https:\\\/\\\/www.brucjardi.com\\\/fr\\\/producto\\\/gazon-sportif-padel-advance\\\/#breadcrumb\",\"itemListElement\":[{\"@type\":\"ListItem\",\"position\":1,\"name\":\"Produits\",\"item\":\"https:\\\/\\\/www.brucjardi.com\\\/fr\\\/shop\\\/\"},{\"@type\":\"ListItem\",\"position\":2,\"name\":\"Gazon sportif padel advance\"}]},{\"@type\":\"WebSite\",\"@id\":\"https:\\\/\\\/www.brucjardi.com\\\/fr\\\/#website\",\"url\":\"https:\\\/\\\/www.brucjardi.com\\\/fr\\\/\",\"name\":\"Bruc Jard\u00ed\",\"description\":\"\",\"publisher\":{\"@id\":\"https:\\\/\\\/www.brucjardi.com\\\/fr\\\/#organization\"},\"alternateName\":\"BJ\",\"potentialAction\":[{\"@type\":\"SearchAction\",\"target\":{\"@type\":\"EntryPoint\",\"urlTemplate\":\"https:\\\/\\\/www.brucjardi.com\\\/fr\\\/?s={search_term_string}\"},\"query-input\":{\"@type\":\"PropertyValueSpecification\",\"valueRequired\":true,\"valueName\":\"search_term_string\"}}],\"inLanguage\":\"fr-FR\"},{\"@type\":\"Organization\",\"@id\":\"https:\\\/\\\/www.brucjardi.com\\\/fr\\\/#organization\",\"name\":\"Bruc Jard\u00ed\",\"url\":\"https:\\\/\\\/www.brucjardi.com\\\/fr\\\/\",\"logo\":{\"@type\":\"ImageObject\",\"inLanguage\":\"fr-FR\",\"@id\":\"https:\\\/\\\/www.brucjardi.com\\\/fr\\\/#\\\/schema\\\/logo\\\/image\\\/\",\"url\":\"https:\\\/\\\/www.brucjardi.com\\\/wp-content\\\/uploads\\\/2023\\\/09\\\/logo-BJ.png\",\"contentUrl\":\"https:\\\/\\\/www.brucjardi.com\\\/wp-content\\\/uploads\\\/2023\\\/09\\\/logo-BJ.png\",\"width\":1713,\"height\":1548,\"caption\":\"Bruc Jard\u00ed\"},\"image\":{\"@id\":\"https:\\\/\\\/www.brucjardi.com\\\/fr\\\/#\\\/schema\\\/logo\\\/image\\\/\"},\"sameAs\":[\"https:\\\/\\\/www.facebook.com\\\/p\\\/Bruc-Jard-100064062129504\\\/?paipv=0&eav=AfYBgNTLyCD_XE-2sHqF-2NhCAlhfUu6pU6jIP4Cig42OkIfyGuVIdQjWqlOtRoWBJs&_rdr\",\"https:\\\/\\\/www.instagram.com\\\/brucjardi_oficial\\\/?hl=es\"]}]}<\/script>\n<!-- \/ Yoast SEO plugin. -->","yoast_head_json":{"title":"Gazon sportif padel advance - Bruc Jard\u00ed","description":"Le gazon sportif padel advance est une surface l\u00e9g\u00e8re avec une longue dur\u00e9e de vie. Il est fabriqu\u00e9 avec un fil de monofilament en poly\u00e9thyl\u00e8ne.","robots":{"index":"index","follow":"follow","max-snippet":"max-snippet:-1","max-image-preview":"max-image-preview:large","max-video-preview":"max-video-preview:-1"},"canonical":"https:\/\/www.brucjardi.com\/fr\/producto\/gazon-sportif-padel-advance\/","og_locale":"fr_FR","og_type":"article","og_title":"Gazon sportif padel advance - Bruc Jard\u00ed","og_description":"Le gazon sportif padel advance est une surface l\u00e9g\u00e8re avec une longue dur\u00e9e de vie. Il est fabriqu\u00e9 avec un fil de monofilament en poly\u00e9thyl\u00e8ne.","og_url":"https:\/\/www.brucjardi.com\/fr\/producto\/gazon-sportif-padel-advance\/","og_site_name":"Bruc Jard\u00ed","article_publisher":"https:\/\/www.facebook.com\/p\/Bruc-Jard-100064062129504\/?paipv=0&eav=AfYBgNTLyCD_XE-2sHqF-2NhCAlhfUu6pU6jIP4Cig42OkIfyGuVIdQjWqlOtRoWBJs&_rdr","article_modified_time":"2024-03-01T11:37:28+00:00","og_image":[{"width":600,"height":600,"url":"https:\/\/www.brucjardi.com\/wp-content\/uploads\/2024\/01\/advancenegro.jpg","type":"image\/jpeg"}],"twitter_card":"summary_large_image","twitter_misc":{"Dur\u00e9e de lecture estim\u00e9e":"2 minutes"},"schema":{"@context":"https:\/\/schema.org","@graph":[{"@type":"WebPage","@id":"https:\/\/www.brucjardi.com\/fr\/producto\/gazon-sportif-padel-advance\/","url":"https:\/\/www.brucjardi.com\/fr\/producto\/gazon-sportif-padel-advance\/","name":"Gazon sportif padel advance - Bruc Jard\u00ed","isPartOf":{"@id":"https:\/\/www.brucjardi.com\/fr\/#website"},"primaryImageOfPage":{"@id":"https:\/\/www.brucjardi.com\/fr\/producto\/gazon-sportif-padel-advance\/#primaryimage"},"image":{"@id":"https:\/\/www.brucjardi.com\/fr\/producto\/gazon-sportif-padel-advance\/#primaryimage"},"thumbnailUrl":"https:\/\/www.brucjardi.com\/wp-content\/uploads\/2024\/01\/advancenegro.jpg","datePublished":"2024-01-17T08:19:53+00:00","dateModified":"2024-03-01T11:37:28+00:00","description":"Le gazon sportif padel advance est une surface l\u00e9g\u00e8re avec une longue dur\u00e9e de vie. Il est fabriqu\u00e9 avec un fil de monofilament en poly\u00e9thyl\u00e8ne.","breadcrumb":{"@id":"https:\/\/www.brucjardi.com\/fr\/producto\/gazon-sportif-padel-advance\/#breadcrumb"},"inLanguage":"fr-FR","potentialAction":[{"@type":"ReadAction","target":["https:\/\/www.brucjardi.com\/fr\/producto\/gazon-sportif-padel-advance\/"]}]},{"@type":"ImageObject","inLanguage":"fr-FR","@id":"https:\/\/www.brucjardi.com\/fr\/producto\/gazon-sportif-padel-advance\/#primaryimage","url":"https:\/\/www.brucjardi.com\/wp-content\/uploads\/2024\/01\/advancenegro.jpg","contentUrl":"https:\/\/www.brucjardi.com\/wp-content\/uploads\/2024\/01\/advancenegro.jpg","width":600,"height":600,"caption":"Gazon sportif padel advance"},{"@type":"BreadcrumbList","@id":"https:\/\/www.brucjardi.com\/fr\/producto\/gazon-sportif-padel-advance\/#breadcrumb","itemListElement":[{"@type":"ListItem","position":1,"name":"Produits","item":"https:\/\/www.brucjardi.com\/fr\/shop\/"},{"@type":"ListItem","position":2,"name":"Gazon sportif padel advance"}]},{"@type":"WebSite","@id":"https:\/\/www.brucjardi.com\/fr\/#website","url":"https:\/\/www.brucjardi.com\/fr\/","name":"Bruc Jard\u00ed","description":"","publisher":{"@id":"https:\/\/www.brucjardi.com\/fr\/#organization"},"alternateName":"BJ","potentialAction":[{"@type":"SearchAction","target":{"@type":"EntryPoint","urlTemplate":"https:\/\/www.brucjardi.com\/fr\/?s={search_term_string}"},"query-input":{"@type":"PropertyValueSpecification","valueRequired":true,"valueName":"search_term_string"}}],"inLanguage":"fr-FR"},{"@type":"Organization","@id":"https:\/\/www.brucjardi.com\/fr\/#organization","name":"Bruc Jard\u00ed","url":"https:\/\/www.brucjardi.com\/fr\/","logo":{"@type":"ImageObject","inLanguage":"fr-FR","@id":"https:\/\/www.brucjardi.com\/fr\/#\/schema\/logo\/image\/","url":"https:\/\/www.brucjardi.com\/wp-content\/uploads\/2023\/09\/logo-BJ.png","contentUrl":"https:\/\/www.brucjardi.com\/wp-content\/uploads\/2023\/09\/logo-BJ.png","width":1713,"height":1548,"caption":"Bruc Jard\u00ed"},"image":{"@id":"https:\/\/www.brucjardi.com\/fr\/#\/schema\/logo\/image\/"},"sameAs":["https:\/\/www.facebook.com\/p\/Bruc-Jard-100064062129504\/?paipv=0&eav=AfYBgNTLyCD_XE-2sHqF-2NhCAlhfUu6pU6jIP4Cig42OkIfyGuVIdQjWqlOtRoWBJs&_rdr","https:\/\/www.instagram.com\/brucjardi_oficial\/?hl=es"]}]}},"_links":{"self":[{"href":"https:\/\/www.brucjardi.com\/fr\/wp-json\/wp\/v2\/product\/9834","targetHints":{"allow":["GET"]}}],"collection":[{"href":"https:\/\/www.brucjardi.com\/fr\/wp-json\/wp\/v2\/product"}],"about":[{"href":"https:\/\/www.brucjardi.com\/fr\/wp-json\/wp\/v2\/types\/product"}],"wp:featuredmedia":[{"embeddable":true,"href":"https:\/\/www.brucjardi.com\/fr\/wp-json\/wp\/v2\/media\/8548"}],"wp:attachment":[{"href":"https:\/\/www.brucjardi.com\/fr\/wp-json\/wp\/v2\/media?parent=9834"}],"wp:term":[{"taxonomy":"product_brand","embeddable":true,"href":"https:\/\/www.brucjardi.com\/fr\/wp-json\/wp\/v2\/product_brand?post=9834"},{"taxonomy":"product_cat","embeddable":true,"href":"https:\/\/www.brucjardi.com\/fr\/wp-json\/wp\/v2\/product_cat?post=9834"},{"taxonomy":"product_tag","embeddable":true,"href":"https:\/\/www.brucjardi.com\/fr\/wp-json\/wp\/v2\/product_tag?post=9834"}],"curies":[{"name":"wp","href":"https:\/\/api.w.org\/{rel}","templated":true}]}}