{"id":9835,"date":"2024-01-17T09:37:14","date_gmt":"2024-01-17T08:37:14","guid":{"rendered":"https:\/\/dev.brucjardi.com\/producto\/gazon-sportif-padel-score\/"},"modified":"2024-03-01T12:37:44","modified_gmt":"2024-03-01T11:37:44","slug":"gazon-sportif-padel-score","status":"publish","type":"product","link":"https:\/\/www.brucjardi.com\/fr\/producto\/gazon-sportif-padel-score\/","title":{"rendered":"Gazon sportif padel score"},"content":{"rendered":"<p>Le gazon sportif padel score se distingue comme un court de padel textur\u00e9 int\u00e9grant un fil de poly\u00e9thyl\u00e8ne, \u00e9tant un produit phare de la gamme Act Sports. Ce design et cette fabrication soign\u00e9s garantissent des performances exceptionnelles, une r\u00e9sistance \u00e0 une utilisation intensive et une dur\u00e9e de vie prolong\u00e9e, le tout avec des besoins minimes en entretien.<\/p>\n<p>Con\u00e7u sp\u00e9cifiquement pour supporter une utilisation intensive, le padel score offre aux joueurs une adh\u00e9rence exceptionnelle sur le court. La texture du gazon contribue \u00e0 cette caract\u00e9ristique, am\u00e9liorant la traction pendant le jeu et offrant une exp\u00e9rience de jeu plus s\u00fbre et confortable. De plus, la faible teneur en silice n\u00e9cessaire dans ce gazon sportif r\u00e9duit le risque de glissade, sans compromettre la vitesse du jeu.<\/p>\n<p>La vari\u00e9t\u00e9 de couleurs disponibles, telles que le bleu, le vert et le rouge tuile, non seulement ajoute des options esth\u00e9tiques, mais permet \u00e9galement la personnalisation des courts selon les pr\u00e9f\u00e9rences et le style de l&rsquo;endroit o\u00f9 le gazon est install\u00e9. Cela ajoute une touche visuelle attrayante aux installations de padel et contribue \u00e0 une exp\u00e9rience de jeu immersive.<\/p>\n<p>En r\u00e9sum\u00e9, le gazon sportif padel Score est un choix remarquable pour ceux qui recherchent un court de padel durable, r\u00e9sistant et \u00e0 faible entretien. Sa combinaison de texture, de fil de poly\u00e9thyl\u00e8ne et d&rsquo;options de couleur en fait une option polyvalente et efficace pour les installations de padel haute performance.<\/p>\n","protected":false},"excerpt":{"rendered":"<p>C&rsquo;est un terrain de padel textur\u00e9, avec un fil de poly\u00e9thyl\u00e8ne. C&rsquo;est un produit phare de la gamme Act Sports, con\u00e7u et fabriqu\u00e9 pour une utilisation intensive et une longue dur\u00e9e de vie, avec des besoins de maintenance minimes. Il offre une excellente adh\u00e9rence aux joueurs et, gr\u00e2ce \u00e0 la faible quantit\u00e9 de silice n\u00e9cessaire, il est moins glissant, sans affecter la vitesse de jeu. Disponible en bleu, vert et rouge.<\/p>\n<p><strong>Certifications:<\/strong><\/p>\n<p><img decoding=\"async\" class=\"alignnone wp-image-5539 lazyload\" data-src=\"https:\/\/www.brucjardi.com\/wp-content\/uploads\/2024\/01\/Certif-logo-Domenech-12advance-232x300.png\" alt=\"\" width=\"41\" height=\"53\" data-srcset=\"https:\/\/www.brucjardi.com\/wp-content\/uploads\/2024\/01\/Certif-logo-Domenech-12advance-232x300.png 232w, https:\/\/www.brucjardi.com\/wp-content\/uploads\/2024\/01\/Certif-logo-Domenech-12advance.png 385w\" data-sizes=\"(max-width: 41px) 100vw, 41px\" src=\"data:image\/svg+xml;base64,PHN2ZyB3aWR0aD0iMSIgaGVpZ2h0PSIxIiB4bWxucz0iaHR0cDovL3d3dy53My5vcmcvMjAwMC9zdmciPjwvc3ZnPg==\" style=\"--smush-placeholder-width: 41px; --smush-placeholder-aspect-ratio: 41\/53;\" \/> <img decoding=\"async\" class=\"alignnone wp-image-5540 lazyload\" data-src=\"https:\/\/www.brucjardi.com\/wp-content\/uploads\/2024\/01\/ITF_CLASSIFIED-COURT-PACE_4MEDIUM-FAST_COLOUR-300x300.jpg\" alt=\"\" width=\"50\" height=\"50\" data-srcset=\"https:\/\/www.brucjardi.com\/wp-content\/uploads\/2024\/01\/ITF_CLASSIFIED-COURT-PACE_4MEDIUM-FAST_COLOUR-300x300.jpg 300w, https:\/\/www.brucjardi.com\/wp-content\/uploads\/2024\/01\/ITF_CLASSIFIED-COURT-PACE_4MEDIUM-FAST_COLOUR-1024x1024.jpg 1024w, https:\/\/www.brucjardi.com\/wp-content\/uploads\/2024\/01\/ITF_CLASSIFIED-COURT-PACE_4MEDIUM-FAST_COLOUR-150x150.jpg 150w, https:\/\/www.brucjardi.com\/wp-content\/uploads\/2024\/01\/ITF_CLASSIFIED-COURT-PACE_4MEDIUM-FAST_COLOUR-768x768.jpg 768w, https:\/\/www.brucjardi.com\/wp-content\/uploads\/2024\/01\/ITF_CLASSIFIED-COURT-PACE_4MEDIUM-FAST_COLOUR-1536x1536.jpg 1536w, https:\/\/www.brucjardi.com\/wp-content\/uploads\/2024\/01\/ITF_CLASSIFIED-COURT-PACE_4MEDIUM-FAST_COLOUR-600x600.jpg 600w, https:\/\/www.brucjardi.com\/wp-content\/uploads\/2024\/01\/ITF_CLASSIFIED-COURT-PACE_4MEDIUM-FAST_COLOUR-100x100.jpg 100w, https:\/\/www.brucjardi.com\/wp-content\/uploads\/2024\/01\/ITF_CLASSIFIED-COURT-PACE_4MEDIUM-FAST_COLOUR.jpg 1772w\" data-sizes=\"(max-width: 50px) 100vw, 50px\" src=\"data:image\/svg+xml;base64,PHN2ZyB3aWR0aD0iMSIgaGVpZ2h0PSIxIiB4bWxucz0iaHR0cDovL3d3dy53My5vcmcvMjAwMC9zdmciPjwvc3ZnPg==\" style=\"--smush-placeholder-width: 50px; --smush-placeholder-aspect-ratio: 50\/50;\" \/><\/p>\n<p><strong>Couleurs disponibles:<\/strong><\/p>\n<p><img decoding=\"async\" class=\"alignnone wp-image-5542 lazyload\" data-src=\"https:\/\/www.brucjardi.com\/wp-content\/uploads\/2024\/01\/colores-padel-score.png\" alt=\"\" width=\"179\" height=\"80\" src=\"data:image\/svg+xml;base64,PHN2ZyB3aWR0aD0iMSIgaGVpZ2h0PSIxIiB4bWxucz0iaHR0cDovL3d3dy53My5vcmcvMjAwMC9zdmciPjwvc3ZnPg==\" style=\"--smush-placeholder-width: 179px; --smush-placeholder-aspect-ratio: 179\/80;\" \/><\/p>\n","protected":false},"featured_media":8574,"template":"","meta":{"_acf_changed":false},"product_brand":[],"product_cat":[412,413],"product_tag":[],"class_list":{"0":"post-9835","1":"product","2":"type-product","3":"status-publish","4":"has-post-thumbnail","6":"product_cat-gazon-padel","7":"product_cat-gazon-sportif","9":"first","10":"instock","11":"shipping-taxable","12":"product-type-simple"},"acf":[],"yoast_head":"<!-- This site is optimized with the Yoast SEO plugin v27.6 - https:\/\/yoast.com\/product\/yoast-seo-wordpress\/ -->\n<title>Gazon sportif padel score - Bruc Jard\u00ed<\/title>\n<meta name=\"description\" content=\"Le gazon sportif padel Score offre une excellente adh\u00e9rence aux joueurs et, gr\u00e2ce \u00e0 la faible quantit\u00e9 de silice, il est moins glissant.\" \/>\n<meta name=\"robots\" content=\"index, follow, max-snippet:-1, max-image-preview:large, max-video-preview:-1\" \/>\n<link rel=\"canonical\" href=\"https:\/\/www.brucjardi.com\/fr\/producto\/gazon-sportif-padel-score\/\" \/>\n<meta property=\"og:locale\" content=\"fr_FR\" \/>\n<meta property=\"og:type\" content=\"article\" \/>\n<meta property=\"og:title\" content=\"Gazon sportif padel score - Bruc Jard\u00ed\" \/>\n<meta property=\"og:description\" content=\"Le gazon sportif padel Score offre une excellente adh\u00e9rence aux joueurs et, gr\u00e2ce \u00e0 la faible quantit\u00e9 de silice, il est moins glissant.\" \/>\n<meta property=\"og:url\" content=\"https:\/\/www.brucjardi.com\/fr\/producto\/gazon-sportif-padel-score\/\" \/>\n<meta property=\"og:site_name\" content=\"Bruc Jard\u00ed\" \/>\n<meta property=\"article:publisher\" content=\"https:\/\/www.facebook.com\/p\/Bruc-Jard-100064062129504\/?paipv=0&amp;eav=AfYBgNTLyCD_XE-2sHqF-2NhCAlhfUu6pU6jIP4Cig42OkIfyGuVIdQjWqlOtRoWBJs&amp;_rdr\" \/>\n<meta property=\"article:modified_time\" content=\"2024-03-01T11:37:44+00:00\" \/>\n<meta property=\"og:image\" content=\"https:\/\/www.brucjardi.com\/wp-content\/uploads\/2024\/01\/advanceteja-1.jpg\" \/>\n\t<meta property=\"og:image:width\" content=\"600\" \/>\n\t<meta property=\"og:image:height\" content=\"600\" \/>\n\t<meta property=\"og:image:type\" content=\"image\/jpeg\" \/>\n<meta name=\"twitter:card\" content=\"summary_large_image\" \/>\n<meta name=\"twitter:label1\" content=\"Dur\u00e9e de lecture estim\u00e9e\" \/>\n\t<meta name=\"twitter:data1\" content=\"2 minutes\" \/>\n<script type=\"application\/ld+json\" class=\"yoast-schema-graph\">{\"@context\":\"https:\\\/\\\/schema.org\",\"@graph\":[{\"@type\":\"WebPage\",\"@id\":\"https:\\\/\\\/www.brucjardi.com\\\/fr\\\/producto\\\/gazon-sportif-padel-score\\\/\",\"url\":\"https:\\\/\\\/www.brucjardi.com\\\/fr\\\/producto\\\/gazon-sportif-padel-score\\\/\",\"name\":\"Gazon sportif padel score - Bruc Jard\u00ed\",\"isPartOf\":{\"@id\":\"https:\\\/\\\/www.brucjardi.com\\\/fr\\\/#website\"},\"primaryImageOfPage\":{\"@id\":\"https:\\\/\\\/www.brucjardi.com\\\/fr\\\/producto\\\/gazon-sportif-padel-score\\\/#primaryimage\"},\"image\":{\"@id\":\"https:\\\/\\\/www.brucjardi.com\\\/fr\\\/producto\\\/gazon-sportif-padel-score\\\/#primaryimage\"},\"thumbnailUrl\":\"https:\\\/\\\/www.brucjardi.com\\\/wp-content\\\/uploads\\\/2024\\\/01\\\/advanceteja-1.jpg\",\"datePublished\":\"2024-01-17T08:37:14+00:00\",\"dateModified\":\"2024-03-01T11:37:44+00:00\",\"description\":\"Le gazon sportif padel Score offre une excellente adh\u00e9rence aux joueurs et, gr\u00e2ce \u00e0 la faible quantit\u00e9 de silice, il est moins glissant.\",\"breadcrumb\":{\"@id\":\"https:\\\/\\\/www.brucjardi.com\\\/fr\\\/producto\\\/gazon-sportif-padel-score\\\/#breadcrumb\"},\"inLanguage\":\"fr-FR\",\"potentialAction\":[{\"@type\":\"ReadAction\",\"target\":[\"https:\\\/\\\/www.brucjardi.com\\\/fr\\\/producto\\\/gazon-sportif-padel-score\\\/\"]}]},{\"@type\":\"ImageObject\",\"inLanguage\":\"fr-FR\",\"@id\":\"https:\\\/\\\/www.brucjardi.com\\\/fr\\\/producto\\\/gazon-sportif-padel-score\\\/#primaryimage\",\"url\":\"https:\\\/\\\/www.brucjardi.com\\\/wp-content\\\/uploads\\\/2024\\\/01\\\/advanceteja-1.jpg\",\"contentUrl\":\"https:\\\/\\\/www.brucjardi.com\\\/wp-content\\\/uploads\\\/2024\\\/01\\\/advanceteja-1.jpg\",\"width\":600,\"height\":600,\"caption\":\"Gazon sportif padel score rouge\"},{\"@type\":\"BreadcrumbList\",\"@id\":\"https:\\\/\\\/www.brucjardi.com\\\/fr\\\/producto\\\/gazon-sportif-padel-score\\\/#breadcrumb\",\"itemListElement\":[{\"@type\":\"ListItem\",\"position\":1,\"name\":\"Produits\",\"item\":\"https:\\\/\\\/www.brucjardi.com\\\/fr\\\/shop\\\/\"},{\"@type\":\"ListItem\",\"position\":2,\"name\":\"Gazon sportif padel score\"}]},{\"@type\":\"WebSite\",\"@id\":\"https:\\\/\\\/www.brucjardi.com\\\/fr\\\/#website\",\"url\":\"https:\\\/\\\/www.brucjardi.com\\\/fr\\\/\",\"name\":\"Bruc Jard\u00ed\",\"description\":\"\",\"publisher\":{\"@id\":\"https:\\\/\\\/www.brucjardi.com\\\/fr\\\/#organization\"},\"alternateName\":\"BJ\",\"potentialAction\":[{\"@type\":\"SearchAction\",\"target\":{\"@type\":\"EntryPoint\",\"urlTemplate\":\"https:\\\/\\\/www.brucjardi.com\\\/fr\\\/?s={search_term_string}\"},\"query-input\":{\"@type\":\"PropertyValueSpecification\",\"valueRequired\":true,\"valueName\":\"search_term_string\"}}],\"inLanguage\":\"fr-FR\"},{\"@type\":\"Organization\",\"@id\":\"https:\\\/\\\/www.brucjardi.com\\\/fr\\\/#organization\",\"name\":\"Bruc Jard\u00ed\",\"url\":\"https:\\\/\\\/www.brucjardi.com\\\/fr\\\/\",\"logo\":{\"@type\":\"ImageObject\",\"inLanguage\":\"fr-FR\",\"@id\":\"https:\\\/\\\/www.brucjardi.com\\\/fr\\\/#\\\/schema\\\/logo\\\/image\\\/\",\"url\":\"https:\\\/\\\/www.brucjardi.com\\\/wp-content\\\/uploads\\\/2023\\\/09\\\/logo-BJ.png\",\"contentUrl\":\"https:\\\/\\\/www.brucjardi.com\\\/wp-content\\\/uploads\\\/2023\\\/09\\\/logo-BJ.png\",\"width\":1713,\"height\":1548,\"caption\":\"Bruc Jard\u00ed\"},\"image\":{\"@id\":\"https:\\\/\\\/www.brucjardi.com\\\/fr\\\/#\\\/schema\\\/logo\\\/image\\\/\"},\"sameAs\":[\"https:\\\/\\\/www.facebook.com\\\/p\\\/Bruc-Jard-100064062129504\\\/?paipv=0&eav=AfYBgNTLyCD_XE-2sHqF-2NhCAlhfUu6pU6jIP4Cig42OkIfyGuVIdQjWqlOtRoWBJs&_rdr\",\"https:\\\/\\\/www.instagram.com\\\/brucjardi_oficial\\\/?hl=es\"]}]}<\/script>\n<!-- \/ Yoast SEO plugin. -->","yoast_head_json":{"title":"Gazon sportif padel score - Bruc Jard\u00ed","description":"Le gazon sportif padel Score offre une excellente adh\u00e9rence aux joueurs et, gr\u00e2ce \u00e0 la faible quantit\u00e9 de silice, il est moins glissant.","robots":{"index":"index","follow":"follow","max-snippet":"max-snippet:-1","max-image-preview":"max-image-preview:large","max-video-preview":"max-video-preview:-1"},"canonical":"https:\/\/www.brucjardi.com\/fr\/producto\/gazon-sportif-padel-score\/","og_locale":"fr_FR","og_type":"article","og_title":"Gazon sportif padel score - Bruc Jard\u00ed","og_description":"Le gazon sportif padel Score offre une excellente adh\u00e9rence aux joueurs et, gr\u00e2ce \u00e0 la faible quantit\u00e9 de silice, il est moins glissant.","og_url":"https:\/\/www.brucjardi.com\/fr\/producto\/gazon-sportif-padel-score\/","og_site_name":"Bruc Jard\u00ed","article_publisher":"https:\/\/www.facebook.com\/p\/Bruc-Jard-100064062129504\/?paipv=0&eav=AfYBgNTLyCD_XE-2sHqF-2NhCAlhfUu6pU6jIP4Cig42OkIfyGuVIdQjWqlOtRoWBJs&_rdr","article_modified_time":"2024-03-01T11:37:44+00:00","og_image":[{"width":600,"height":600,"url":"https:\/\/www.brucjardi.com\/wp-content\/uploads\/2024\/01\/advanceteja-1.jpg","type":"image\/jpeg"}],"twitter_card":"summary_large_image","twitter_misc":{"Dur\u00e9e de lecture estim\u00e9e":"2 minutes"},"schema":{"@context":"https:\/\/schema.org","@graph":[{"@type":"WebPage","@id":"https:\/\/www.brucjardi.com\/fr\/producto\/gazon-sportif-padel-score\/","url":"https:\/\/www.brucjardi.com\/fr\/producto\/gazon-sportif-padel-score\/","name":"Gazon sportif padel score - Bruc Jard\u00ed","isPartOf":{"@id":"https:\/\/www.brucjardi.com\/fr\/#website"},"primaryImageOfPage":{"@id":"https:\/\/www.brucjardi.com\/fr\/producto\/gazon-sportif-padel-score\/#primaryimage"},"image":{"@id":"https:\/\/www.brucjardi.com\/fr\/producto\/gazon-sportif-padel-score\/#primaryimage"},"thumbnailUrl":"https:\/\/www.brucjardi.com\/wp-content\/uploads\/2024\/01\/advanceteja-1.jpg","datePublished":"2024-01-17T08:37:14+00:00","dateModified":"2024-03-01T11:37:44+00:00","description":"Le gazon sportif padel Score offre une excellente adh\u00e9rence aux joueurs et, gr\u00e2ce \u00e0 la faible quantit\u00e9 de silice, il est moins glissant.","breadcrumb":{"@id":"https:\/\/www.brucjardi.com\/fr\/producto\/gazon-sportif-padel-score\/#breadcrumb"},"inLanguage":"fr-FR","potentialAction":[{"@type":"ReadAction","target":["https:\/\/www.brucjardi.com\/fr\/producto\/gazon-sportif-padel-score\/"]}]},{"@type":"ImageObject","inLanguage":"fr-FR","@id":"https:\/\/www.brucjardi.com\/fr\/producto\/gazon-sportif-padel-score\/#primaryimage","url":"https:\/\/www.brucjardi.com\/wp-content\/uploads\/2024\/01\/advanceteja-1.jpg","contentUrl":"https:\/\/www.brucjardi.com\/wp-content\/uploads\/2024\/01\/advanceteja-1.jpg","width":600,"height":600,"caption":"Gazon sportif padel score rouge"},{"@type":"BreadcrumbList","@id":"https:\/\/www.brucjardi.com\/fr\/producto\/gazon-sportif-padel-score\/#breadcrumb","itemListElement":[{"@type":"ListItem","position":1,"name":"Produits","item":"https:\/\/www.brucjardi.com\/fr\/shop\/"},{"@type":"ListItem","position":2,"name":"Gazon sportif padel score"}]},{"@type":"WebSite","@id":"https:\/\/www.brucjardi.com\/fr\/#website","url":"https:\/\/www.brucjardi.com\/fr\/","name":"Bruc Jard\u00ed","description":"","publisher":{"@id":"https:\/\/www.brucjardi.com\/fr\/#organization"},"alternateName":"BJ","potentialAction":[{"@type":"SearchAction","target":{"@type":"EntryPoint","urlTemplate":"https:\/\/www.brucjardi.com\/fr\/?s={search_term_string}"},"query-input":{"@type":"PropertyValueSpecification","valueRequired":true,"valueName":"search_term_string"}}],"inLanguage":"fr-FR"},{"@type":"Organization","@id":"https:\/\/www.brucjardi.com\/fr\/#organization","name":"Bruc Jard\u00ed","url":"https:\/\/www.brucjardi.com\/fr\/","logo":{"@type":"ImageObject","inLanguage":"fr-FR","@id":"https:\/\/www.brucjardi.com\/fr\/#\/schema\/logo\/image\/","url":"https:\/\/www.brucjardi.com\/wp-content\/uploads\/2023\/09\/logo-BJ.png","contentUrl":"https:\/\/www.brucjardi.com\/wp-content\/uploads\/2023\/09\/logo-BJ.png","width":1713,"height":1548,"caption":"Bruc Jard\u00ed"},"image":{"@id":"https:\/\/www.brucjardi.com\/fr\/#\/schema\/logo\/image\/"},"sameAs":["https:\/\/www.facebook.com\/p\/Bruc-Jard-100064062129504\/?paipv=0&eav=AfYBgNTLyCD_XE-2sHqF-2NhCAlhfUu6pU6jIP4Cig42OkIfyGuVIdQjWqlOtRoWBJs&_rdr","https:\/\/www.instagram.com\/brucjardi_oficial\/?hl=es"]}]}},"_links":{"self":[{"href":"https:\/\/www.brucjardi.com\/fr\/wp-json\/wp\/v2\/product\/9835","targetHints":{"allow":["GET"]}}],"collection":[{"href":"https:\/\/www.brucjardi.com\/fr\/wp-json\/wp\/v2\/product"}],"about":[{"href":"https:\/\/www.brucjardi.com\/fr\/wp-json\/wp\/v2\/types\/product"}],"wp:featuredmedia":[{"embeddable":true,"href":"https:\/\/www.brucjardi.com\/fr\/wp-json\/wp\/v2\/media\/8574"}],"wp:attachment":[{"href":"https:\/\/www.brucjardi.com\/fr\/wp-json\/wp\/v2\/media?parent=9835"}],"wp:term":[{"taxonomy":"product_brand","embeddable":true,"href":"https:\/\/www.brucjardi.com\/fr\/wp-json\/wp\/v2\/product_brand?post=9835"},{"taxonomy":"product_cat","embeddable":true,"href":"https:\/\/www.brucjardi.com\/fr\/wp-json\/wp\/v2\/product_cat?post=9835"},{"taxonomy":"product_tag","embeddable":true,"href":"https:\/\/www.brucjardi.com\/fr\/wp-json\/wp\/v2\/product_tag?post=9835"}],"curies":[{"name":"wp","href":"https:\/\/api.w.org\/{rel}","templated":true}]}}