{"id":9843,"date":"2024-01-08T15:45:13","date_gmt":"2024-01-08T14:45:13","guid":{"rendered":"https:\/\/dev.brucjardi.com\/producto\/gazon-synthetique-preto-25\/"},"modified":"2025-01-28T11:35:34","modified_gmt":"2025-01-28T10:35:34","slug":"gazon-synthetique-preto-25","status":"publish","type":"product","link":"https:\/\/www.brucjardi.com\/fr\/producto\/gazon-synthetique-preto-25\/","title":{"rendered":"Gazon synth\u00e9tique Preto 25"},"content":{"rendered":"<p>D\u00e9couvrez l&rsquo;excellence du gazon synth\u00e9tique Preto 25, un produit offrant un aspect naturel exceptionnel en combinant des tons verts et beige, cr\u00e9ant un \u00e9quilibre parfait entre douceur et r\u00e9cup\u00e9ration. Avec son apparence r\u00e9aliste, ce gazon est id\u00e9al pour \u00e9clairer les zones sombres ou se coordonner harmonieusement avec la v\u00e9g\u00e9tation de votre jardin. Nous vous assurons que vous ne ferez pas la diff\u00e9rence entre Preto et le gazon naturel.<\/p>\n<p>Le gazon Preto 25 va au-del\u00e0 en repr\u00e9sentant la technologie \u00e0 son apog\u00e9e. Fabriqu\u00e9 avec une s\u00e9rie innovante de monofilaments cr\u00e9\u00e9e exclusivement par Beaulieu International Group pour ce produit, Preto garantit des performances exceptionnelles et une apparence unique. De plus, un fil textur\u00e9 r\u00e9volutionnaire a \u00e9t\u00e9 utilis\u00e9, renfor\u00e7ant encore davantage les caract\u00e9ristiques remarquables de ce gazon synth\u00e9tique.<\/p>\n<p>Ce produit exceptionnel se distingue non seulement par son aspect naturel et sa technologie avanc\u00e9e, mais aussi par sa durabilit\u00e9 et son entretien facile. Avec Preto 25, vous profiterez d&rsquo;un gazon synth\u00e9tique qui transforme votre environnement en un espace vert luxuriant et agr\u00e9able, sans les soucis associ\u00e9s au gazon naturel. Faites le pas vers la perfection en mati\u00e8re de gazon synth\u00e9tique Preto 25. Si vous envisagez d&rsquo;ajouter du gazon synth\u00e9tique d\u00e9coratif \u00e0 votre projet de jardinage, contactez Bruc Jard\u00ed.<\/p>\n","protected":false},"excerpt":{"rendered":"<p>Preto est un gazon synth\u00e9tique au look tr\u00e8s naturel qui marie des tons verts et beige, offrant un excellent \u00e9quilibre entre douceur et r\u00e9cup\u00e9ration. Id\u00e9al pour \u00e9clairer les zones sombres ou coordonner avec la v\u00e9g\u00e9tation de votre jardin&#8230; Nous vous assurons que vous ne ferez pas la diff\u00e9rence. Notre produit Preto est une technologie pure. Ce produit exceptionnel a \u00e9t\u00e9 fabriqu\u00e9 avec une nouvelle s\u00e9rie de monofilaments, sp\u00e9cialement con\u00e7ue par Beaulieu International Group pour ce produit. De plus, un fil textur\u00e9 r\u00e9volutionnaire a \u00e9t\u00e9 utilis\u00e9 pour le Preto.<\/p>\n<p><strong>**SUR COMMANDE**<\/strong><\/p>\n<p><strong>(*) Vente par m\u00b2: Nos produits sont vendus en rouleaux de 2 m\u00e8tres de largeur. En ce qui concerne la longueur, elle peut \u00eatre s\u00e9lectionn\u00e9e par incr\u00e9ments de 5 m\u00e8tres. Cela signifie un rouleau de 2&#215;5, 2&#215;10, 2&#215;15, 2&#215;20&#8230;<\/strong><\/p>\n<p><strong>Conditionnements disponibles:<\/strong><\/p>\n<h6><img decoding=\"async\" class=\"alignnone wp-image-9859 lazyload\" data-src=\"https:\/\/www.brucjardi.com\/wp-content\/uploads\/2024\/01\/cesped-fr-alc-r.png\" alt=\"\" width=\"132\" height=\"84\" src=\"data:image\/svg+xml;base64,PHN2ZyB3aWR0aD0iMSIgaGVpZ2h0PSIxIiB4bWxucz0iaHR0cDovL3d3dy53My5vcmcvMjAwMC9zdmciPjwvc3ZnPg==\" style=\"--smush-placeholder-width: 132px; --smush-placeholder-aspect-ratio: 132\/84;\" \/><\/h6>\n<p><img decoding=\"async\" class=\"alignnone wp-image-5173 lazyload\" data-src=\"https:\/\/www.brucjardi.com\/wp-content\/uploads\/2024\/01\/logos-preto25-1.png\" alt=\"\" width=\"249\" height=\"61\" src=\"data:image\/svg+xml;base64,PHN2ZyB3aWR0aD0iMSIgaGVpZ2h0PSIxIiB4bWxucz0iaHR0cDovL3d3dy53My5vcmcvMjAwMC9zdmciPjwvc3ZnPg==\" style=\"--smush-placeholder-width: 249px; --smush-placeholder-aspect-ratio: 249\/61;\" \/><\/p>\n<p><img decoding=\"async\" class=\"alignnone wp-image-5174 lazyload\" data-src=\"https:\/\/www.brucjardi.com\/wp-content\/uploads\/2024\/01\/logos-pretoo.png\" alt=\"\" width=\"250\" height=\"60\" src=\"data:image\/svg+xml;base64,PHN2ZyB3aWR0aD0iMSIgaGVpZ2h0PSIxIiB4bWxucz0iaHR0cDovL3d3dy53My5vcmcvMjAwMC9zdmciPjwvc3ZnPg==\" style=\"--smush-placeholder-width: 250px; --smush-placeholder-aspect-ratio: 250\/60;\" \/><\/p>\n<p>&nbsp;<\/p>\n","protected":false},"featured_media":8445,"template":"","meta":{"_acf_changed":false},"product_brand":[],"product_cat":[418,416,304],"product_tag":[],"class_list":{"0":"post-9843","1":"product","2":"type-product","3":"status-publish","4":"has-post-thumbnail","6":"product_cat-gazon-25mm","7":"product_cat-gazon-decoratif","8":"product_cat-gazon-synthetique","10":"first","11":"instock","12":"shipping-taxable","13":"product-type-simple"},"acf":[],"yoast_head":"<!-- This site is optimized with the Yoast SEO plugin v27.6 - https:\/\/yoast.com\/product\/yoast-seo-wordpress\/ -->\n<title>Gazon synth\u00e9tique Preto 25 - Bruc Jard\u00ed<\/title>\n<meta name=\"description\" content=\"D\u00e9couvrez l&#039;excellence du gazon synth\u00e9tique avec Preto 25 mm de Bruc Jardi, un produit offrant un aspect naturel exceptionnel.\" \/>\n<meta name=\"robots\" content=\"index, follow, max-snippet:-1, max-image-preview:large, max-video-preview:-1\" \/>\n<link rel=\"canonical\" href=\"https:\/\/www.brucjardi.com\/fr\/producto\/gazon-synthetique-preto-25\/\" \/>\n<meta property=\"og:locale\" content=\"fr_FR\" \/>\n<meta property=\"og:type\" content=\"article\" \/>\n<meta property=\"og:title\" content=\"Gazon synth\u00e9tique Preto 25 - Bruc Jard\u00ed\" \/>\n<meta property=\"og:description\" content=\"D\u00e9couvrez l&#039;excellence du gazon synth\u00e9tique avec Preto 25 mm de Bruc Jardi, un produit offrant un aspect naturel exceptionnel.\" \/>\n<meta property=\"og:url\" content=\"https:\/\/www.brucjardi.com\/fr\/producto\/gazon-synthetique-preto-25\/\" \/>\n<meta property=\"og:site_name\" content=\"Bruc Jard\u00ed\" \/>\n<meta property=\"article:publisher\" content=\"https:\/\/www.facebook.com\/p\/Bruc-Jard-100064062129504\/?paipv=0&amp;eav=AfYBgNTLyCD_XE-2sHqF-2NhCAlhfUu6pU6jIP4Cig42OkIfyGuVIdQjWqlOtRoWBJs&amp;_rdr\" \/>\n<meta property=\"article:modified_time\" content=\"2025-01-28T10:35:34+00:00\" \/>\n<meta property=\"og:image\" content=\"https:\/\/www.brucjardi.com\/wp-content\/uploads\/2024\/01\/Preto-min-600x600-1.jpg\" \/>\n\t<meta property=\"og:image:width\" content=\"600\" \/>\n\t<meta property=\"og:image:height\" content=\"600\" \/>\n\t<meta property=\"og:image:type\" content=\"image\/jpeg\" \/>\n<meta name=\"twitter:card\" content=\"summary_large_image\" \/>\n<meta name=\"twitter:label1\" content=\"Dur\u00e9e de lecture estim\u00e9e\" \/>\n\t<meta name=\"twitter:data1\" content=\"2 minutes\" \/>\n<script type=\"application\/ld+json\" class=\"yoast-schema-graph\">{\"@context\":\"https:\\\/\\\/schema.org\",\"@graph\":[{\"@type\":\"WebPage\",\"@id\":\"https:\\\/\\\/www.brucjardi.com\\\/fr\\\/producto\\\/gazon-synthetique-preto-25\\\/\",\"url\":\"https:\\\/\\\/www.brucjardi.com\\\/fr\\\/producto\\\/gazon-synthetique-preto-25\\\/\",\"name\":\"Gazon synth\u00e9tique Preto 25 - Bruc Jard\u00ed\",\"isPartOf\":{\"@id\":\"https:\\\/\\\/www.brucjardi.com\\\/fr\\\/#website\"},\"primaryImageOfPage\":{\"@id\":\"https:\\\/\\\/www.brucjardi.com\\\/fr\\\/producto\\\/gazon-synthetique-preto-25\\\/#primaryimage\"},\"image\":{\"@id\":\"https:\\\/\\\/www.brucjardi.com\\\/fr\\\/producto\\\/gazon-synthetique-preto-25\\\/#primaryimage\"},\"thumbnailUrl\":\"https:\\\/\\\/www.brucjardi.com\\\/wp-content\\\/uploads\\\/2024\\\/01\\\/Preto-min-600x600-1.jpg\",\"datePublished\":\"2024-01-08T14:45:13+00:00\",\"dateModified\":\"2025-01-28T10:35:34+00:00\",\"description\":\"D\u00e9couvrez l'excellence du gazon synth\u00e9tique avec Preto 25 mm de Bruc Jardi, un produit offrant un aspect naturel exceptionnel.\",\"breadcrumb\":{\"@id\":\"https:\\\/\\\/www.brucjardi.com\\\/fr\\\/producto\\\/gazon-synthetique-preto-25\\\/#breadcrumb\"},\"inLanguage\":\"fr-FR\",\"potentialAction\":[{\"@type\":\"ReadAction\",\"target\":[\"https:\\\/\\\/www.brucjardi.com\\\/fr\\\/producto\\\/gazon-synthetique-preto-25\\\/\"]}]},{\"@type\":\"ImageObject\",\"inLanguage\":\"fr-FR\",\"@id\":\"https:\\\/\\\/www.brucjardi.com\\\/fr\\\/producto\\\/gazon-synthetique-preto-25\\\/#primaryimage\",\"url\":\"https:\\\/\\\/www.brucjardi.com\\\/wp-content\\\/uploads\\\/2024\\\/01\\\/Preto-min-600x600-1.jpg\",\"contentUrl\":\"https:\\\/\\\/www.brucjardi.com\\\/wp-content\\\/uploads\\\/2024\\\/01\\\/Preto-min-600x600-1.jpg\",\"width\":600,\"height\":600,\"caption\":\"Gazon synth\u00e9tique Preto 25\"},{\"@type\":\"BreadcrumbList\",\"@id\":\"https:\\\/\\\/www.brucjardi.com\\\/fr\\\/producto\\\/gazon-synthetique-preto-25\\\/#breadcrumb\",\"itemListElement\":[{\"@type\":\"ListItem\",\"position\":1,\"name\":\"Produits\",\"item\":\"https:\\\/\\\/www.brucjardi.com\\\/fr\\\/shop\\\/\"},{\"@type\":\"ListItem\",\"position\":2,\"name\":\"Gazon synth\u00e9tique Preto 25\"}]},{\"@type\":\"WebSite\",\"@id\":\"https:\\\/\\\/www.brucjardi.com\\\/fr\\\/#website\",\"url\":\"https:\\\/\\\/www.brucjardi.com\\\/fr\\\/\",\"name\":\"Bruc Jard\u00ed\",\"description\":\"\",\"publisher\":{\"@id\":\"https:\\\/\\\/www.brucjardi.com\\\/fr\\\/#organization\"},\"alternateName\":\"BJ\",\"potentialAction\":[{\"@type\":\"SearchAction\",\"target\":{\"@type\":\"EntryPoint\",\"urlTemplate\":\"https:\\\/\\\/www.brucjardi.com\\\/fr\\\/?s={search_term_string}\"},\"query-input\":{\"@type\":\"PropertyValueSpecification\",\"valueRequired\":true,\"valueName\":\"search_term_string\"}}],\"inLanguage\":\"fr-FR\"},{\"@type\":\"Organization\",\"@id\":\"https:\\\/\\\/www.brucjardi.com\\\/fr\\\/#organization\",\"name\":\"Bruc Jard\u00ed\",\"url\":\"https:\\\/\\\/www.brucjardi.com\\\/fr\\\/\",\"logo\":{\"@type\":\"ImageObject\",\"inLanguage\":\"fr-FR\",\"@id\":\"https:\\\/\\\/www.brucjardi.com\\\/fr\\\/#\\\/schema\\\/logo\\\/image\\\/\",\"url\":\"https:\\\/\\\/www.brucjardi.com\\\/wp-content\\\/uploads\\\/2023\\\/09\\\/logo-BJ.png\",\"contentUrl\":\"https:\\\/\\\/www.brucjardi.com\\\/wp-content\\\/uploads\\\/2023\\\/09\\\/logo-BJ.png\",\"width\":1713,\"height\":1548,\"caption\":\"Bruc Jard\u00ed\"},\"image\":{\"@id\":\"https:\\\/\\\/www.brucjardi.com\\\/fr\\\/#\\\/schema\\\/logo\\\/image\\\/\"},\"sameAs\":[\"https:\\\/\\\/www.facebook.com\\\/p\\\/Bruc-Jard-100064062129504\\\/?paipv=0&eav=AfYBgNTLyCD_XE-2sHqF-2NhCAlhfUu6pU6jIP4Cig42OkIfyGuVIdQjWqlOtRoWBJs&_rdr\",\"https:\\\/\\\/www.instagram.com\\\/brucjardi_oficial\\\/?hl=es\"]}]}<\/script>\n<!-- \/ Yoast SEO plugin. -->","yoast_head_json":{"title":"Gazon synth\u00e9tique Preto 25 - Bruc Jard\u00ed","description":"D\u00e9couvrez l'excellence du gazon synth\u00e9tique avec Preto 25 mm de Bruc Jardi, un produit offrant un aspect naturel exceptionnel.","robots":{"index":"index","follow":"follow","max-snippet":"max-snippet:-1","max-image-preview":"max-image-preview:large","max-video-preview":"max-video-preview:-1"},"canonical":"https:\/\/www.brucjardi.com\/fr\/producto\/gazon-synthetique-preto-25\/","og_locale":"fr_FR","og_type":"article","og_title":"Gazon synth\u00e9tique Preto 25 - Bruc Jard\u00ed","og_description":"D\u00e9couvrez l'excellence du gazon synth\u00e9tique avec Preto 25 mm de Bruc Jardi, un produit offrant un aspect naturel exceptionnel.","og_url":"https:\/\/www.brucjardi.com\/fr\/producto\/gazon-synthetique-preto-25\/","og_site_name":"Bruc Jard\u00ed","article_publisher":"https:\/\/www.facebook.com\/p\/Bruc-Jard-100064062129504\/?paipv=0&eav=AfYBgNTLyCD_XE-2sHqF-2NhCAlhfUu6pU6jIP4Cig42OkIfyGuVIdQjWqlOtRoWBJs&_rdr","article_modified_time":"2025-01-28T10:35:34+00:00","og_image":[{"width":600,"height":600,"url":"https:\/\/www.brucjardi.com\/wp-content\/uploads\/2024\/01\/Preto-min-600x600-1.jpg","type":"image\/jpeg"}],"twitter_card":"summary_large_image","twitter_misc":{"Dur\u00e9e de lecture estim\u00e9e":"2 minutes"},"schema":{"@context":"https:\/\/schema.org","@graph":[{"@type":"WebPage","@id":"https:\/\/www.brucjardi.com\/fr\/producto\/gazon-synthetique-preto-25\/","url":"https:\/\/www.brucjardi.com\/fr\/producto\/gazon-synthetique-preto-25\/","name":"Gazon synth\u00e9tique Preto 25 - Bruc Jard\u00ed","isPartOf":{"@id":"https:\/\/www.brucjardi.com\/fr\/#website"},"primaryImageOfPage":{"@id":"https:\/\/www.brucjardi.com\/fr\/producto\/gazon-synthetique-preto-25\/#primaryimage"},"image":{"@id":"https:\/\/www.brucjardi.com\/fr\/producto\/gazon-synthetique-preto-25\/#primaryimage"},"thumbnailUrl":"https:\/\/www.brucjardi.com\/wp-content\/uploads\/2024\/01\/Preto-min-600x600-1.jpg","datePublished":"2024-01-08T14:45:13+00:00","dateModified":"2025-01-28T10:35:34+00:00","description":"D\u00e9couvrez l'excellence du gazon synth\u00e9tique avec Preto 25 mm de Bruc Jardi, un produit offrant un aspect naturel exceptionnel.","breadcrumb":{"@id":"https:\/\/www.brucjardi.com\/fr\/producto\/gazon-synthetique-preto-25\/#breadcrumb"},"inLanguage":"fr-FR","potentialAction":[{"@type":"ReadAction","target":["https:\/\/www.brucjardi.com\/fr\/producto\/gazon-synthetique-preto-25\/"]}]},{"@type":"ImageObject","inLanguage":"fr-FR","@id":"https:\/\/www.brucjardi.com\/fr\/producto\/gazon-synthetique-preto-25\/#primaryimage","url":"https:\/\/www.brucjardi.com\/wp-content\/uploads\/2024\/01\/Preto-min-600x600-1.jpg","contentUrl":"https:\/\/www.brucjardi.com\/wp-content\/uploads\/2024\/01\/Preto-min-600x600-1.jpg","width":600,"height":600,"caption":"Gazon synth\u00e9tique Preto 25"},{"@type":"BreadcrumbList","@id":"https:\/\/www.brucjardi.com\/fr\/producto\/gazon-synthetique-preto-25\/#breadcrumb","itemListElement":[{"@type":"ListItem","position":1,"name":"Produits","item":"https:\/\/www.brucjardi.com\/fr\/shop\/"},{"@type":"ListItem","position":2,"name":"Gazon synth\u00e9tique Preto 25"}]},{"@type":"WebSite","@id":"https:\/\/www.brucjardi.com\/fr\/#website","url":"https:\/\/www.brucjardi.com\/fr\/","name":"Bruc Jard\u00ed","description":"","publisher":{"@id":"https:\/\/www.brucjardi.com\/fr\/#organization"},"alternateName":"BJ","potentialAction":[{"@type":"SearchAction","target":{"@type":"EntryPoint","urlTemplate":"https:\/\/www.brucjardi.com\/fr\/?s={search_term_string}"},"query-input":{"@type":"PropertyValueSpecification","valueRequired":true,"valueName":"search_term_string"}}],"inLanguage":"fr-FR"},{"@type":"Organization","@id":"https:\/\/www.brucjardi.com\/fr\/#organization","name":"Bruc Jard\u00ed","url":"https:\/\/www.brucjardi.com\/fr\/","logo":{"@type":"ImageObject","inLanguage":"fr-FR","@id":"https:\/\/www.brucjardi.com\/fr\/#\/schema\/logo\/image\/","url":"https:\/\/www.brucjardi.com\/wp-content\/uploads\/2023\/09\/logo-BJ.png","contentUrl":"https:\/\/www.brucjardi.com\/wp-content\/uploads\/2023\/09\/logo-BJ.png","width":1713,"height":1548,"caption":"Bruc Jard\u00ed"},"image":{"@id":"https:\/\/www.brucjardi.com\/fr\/#\/schema\/logo\/image\/"},"sameAs":["https:\/\/www.facebook.com\/p\/Bruc-Jard-100064062129504\/?paipv=0&eav=AfYBgNTLyCD_XE-2sHqF-2NhCAlhfUu6pU6jIP4Cig42OkIfyGuVIdQjWqlOtRoWBJs&_rdr","https:\/\/www.instagram.com\/brucjardi_oficial\/?hl=es"]}]}},"_links":{"self":[{"href":"https:\/\/www.brucjardi.com\/fr\/wp-json\/wp\/v2\/product\/9843","targetHints":{"allow":["GET"]}}],"collection":[{"href":"https:\/\/www.brucjardi.com\/fr\/wp-json\/wp\/v2\/product"}],"about":[{"href":"https:\/\/www.brucjardi.com\/fr\/wp-json\/wp\/v2\/types\/product"}],"wp:featuredmedia":[{"embeddable":true,"href":"https:\/\/www.brucjardi.com\/fr\/wp-json\/wp\/v2\/media\/8445"}],"wp:attachment":[{"href":"https:\/\/www.brucjardi.com\/fr\/wp-json\/wp\/v2\/media?parent=9843"}],"wp:term":[{"taxonomy":"product_brand","embeddable":true,"href":"https:\/\/www.brucjardi.com\/fr\/wp-json\/wp\/v2\/product_brand?post=9843"},{"taxonomy":"product_cat","embeddable":true,"href":"https:\/\/www.brucjardi.com\/fr\/wp-json\/wp\/v2\/product_cat?post=9843"},{"taxonomy":"product_tag","embeddable":true,"href":"https:\/\/www.brucjardi.com\/fr\/wp-json\/wp\/v2\/product_tag?post=9843"}],"curies":[{"name":"wp","href":"https:\/\/api.w.org\/{rel}","templated":true}]}}