{"id":9885,"date":"2024-01-08T16:37:25","date_gmt":"2024-01-08T15:37:25","guid":{"rendered":"https:\/\/dev.brucjardi.com\/producto\/gazon-synthetique-euphoria-40\/"},"modified":"2025-01-28T12:05:45","modified_gmt":"2025-01-28T11:05:45","slug":"gazon-synthetique-euphoria-40","status":"publish","type":"product","link":"https:\/\/www.brucjardi.com\/fr\/producto\/gazon-synthetique-euphoria-40\/","title":{"rendered":"Gazon synth\u00e9tique Euphoria 40"},"content":{"rendered":"<p>D\u00e9couvrez l&rsquo;excellence en mati\u00e8re de gazon synth\u00e9tique avec l&rsquo;Euphoria 40, un produit qui d\u00e9fie les attentes en offrant la meilleure combinaison de r\u00e9cup\u00e9ration et de douceur dans sa cat\u00e9gorie. Nous sommes convaincus qu&rsquo;il n&rsquo;y a pas d&rsquo;autre produit de 40 mm sur le march\u00e9 qui puisse rivaliser avec la qualit\u00e9 sup\u00e9rieure de l&rsquo;Euphoria. Sa combinaison exclusive de couleurs ajoute vitalit\u00e9 et joie au gazon, en utilisant non seulement les trois nuances de vert, mais aussi du beige et du marron pour cr\u00e9er une palette de couleurs naturelles unique.<\/p>\n<p>L&rsquo;Euphoria \u00e9tablit un standard \u00e9lev\u00e9 en utilisant des fibres de monofilament de la section C et une texture r\u00e9volutionnaire d\u00e9velopp\u00e9e par Beaulieu International Group. Cette combinaison unique conf\u00e8re au gazon une excellente r\u00e9cup\u00e9ration et r\u00e9silience, garantissant un aspect luxuriant et une sensation douce au toucher. La palette de couleurs naturelles, combin\u00e9e \u00e0 la qualit\u00e9 des fibres, cr\u00e9e un gazon synth\u00e9tique qui n&rsquo;est pas seulement visuellement impressionnant, mais aussi durable et r\u00e9sistant \u00e0 l&rsquo;usure quotidienne.<\/p>\n<p>L&rsquo;innovation derri\u00e8re l&rsquo;Euphoria ne r\u00e9side pas seulement dans son esth\u00e9tique exceptionnelle, mais aussi dans sa capacit\u00e9 \u00e0 conserver un aspect impeccable au fil du temps. D\u00e9couvrez la sup\u00e9riorit\u00e9 du gazon synth\u00e9tique avec l&rsquo;Euphoria 40, un choix id\u00e9al pour ceux qui recherchent la combinaison parfaite de beaut\u00e9 et de performance dans leur espace ext\u00e9rieur.<\/p>\n","protected":false},"excerpt":{"rendered":"<p>Nous sommes convaincus qu&rsquo;aucun autre produit de 40 mm sur le march\u00e9 n&rsquo;offre une meilleure combinaison de r\u00e9cup\u00e9ration et de douceur que Euphoria. C&rsquo;est simplement un produit sup\u00e9rieur. Sa combinaison de couleurs unique conf\u00e8re une vivacit\u00e9 et une joie exceptionnelles au gazon. Euphoria associe 5 couleurs diff\u00e9rentes, allant au-del\u00e0 des trois nuances de vert en incluant du beige et du marron, cr\u00e9ant ainsi une palette de couleurs naturelles captivante.<\/p>\n<p>Fabriqu\u00e9 avec des fibres de monofilament de la section C et une texture r\u00e9volutionnaire d\u00e9velopp\u00e9e par le groupe international Beaulieu, qui conf\u00e8rent une excellente r\u00e9cup\u00e9ration \u00e0 ce produit. La grande r\u00e9silience d&rsquo;Euphoria est due \u00e0 l&rsquo;utilisation de la fibre de monofilament de la section C et d&rsquo;un nouveau fil textur\u00e9.<\/p>\n<p><strong>(*) Vente par m\u00b2: Nos produits sont vendus en rouleaux de 2 m\u00e8tres de largeur. En ce qui concerne la longueur, elle peut \u00eatre s\u00e9lectionn\u00e9e par incr\u00e9ments de 5 m\u00e8tres. Cela signifie un rouleau de 2&#215;5, 2&#215;10, 2&#215;15, 2&#215;20&#8230;<\/strong><\/p>\n<p><strong>Conditionnements disponibles:<\/strong><\/p>\n<p><img decoding=\"async\" class=\"alignnone size-full wp-image-9860 lazyload\" data-src=\"https:\/\/www.brucjardi.com\/wp-content\/uploads\/2024\/01\/cesped-fr-alc-r.png\" alt=\"\" width=\"148\" height=\"94\" src=\"data:image\/svg+xml;base64,PHN2ZyB3aWR0aD0iMSIgaGVpZ2h0PSIxIiB4bWxucz0iaHR0cDovL3d3dy53My5vcmcvMjAwMC9zdmciPjwvc3ZnPg==\" style=\"--smush-placeholder-width: 148px; --smush-placeholder-aspect-ratio: 148\/94;\" \/><\/p>\n<p><img decoding=\"async\" class=\"alignnone wp-image-5173 lazyload\" data-src=\"https:\/\/www.brucjardi.com\/wp-content\/uploads\/2024\/01\/logos-preto25-1.png\" alt=\"\" width=\"257\" height=\"63\" src=\"data:image\/svg+xml;base64,PHN2ZyB3aWR0aD0iMSIgaGVpZ2h0PSIxIiB4bWxucz0iaHR0cDovL3d3dy53My5vcmcvMjAwMC9zdmciPjwvc3ZnPg==\" style=\"--smush-placeholder-width: 257px; --smush-placeholder-aspect-ratio: 257\/63;\" \/><\/p>\n<p><img decoding=\"async\" class=\"alignnone wp-image-5174 lazyload\" data-src=\"https:\/\/www.brucjardi.com\/wp-content\/uploads\/2024\/01\/logos-pretoo.png\" alt=\"\" width=\"259\" height=\"62\" src=\"data:image\/svg+xml;base64,PHN2ZyB3aWR0aD0iMSIgaGVpZ2h0PSIxIiB4bWxucz0iaHR0cDovL3d3dy53My5vcmcvMjAwMC9zdmciPjwvc3ZnPg==\" style=\"--smush-placeholder-width: 259px; --smush-placeholder-aspect-ratio: 259\/62;\" \/><\/p>\n","protected":false},"featured_media":8453,"template":"","meta":{"_acf_changed":false},"product_brand":[],"product_cat":[425,416,304],"product_tag":[],"class_list":{"0":"post-9885","1":"product","2":"type-product","3":"status-publish","4":"has-post-thumbnail","6":"product_cat-gazon-40mm","7":"product_cat-gazon-decoratif","8":"product_cat-gazon-synthetique","10":"first","11":"instock","12":"shipping-taxable","13":"product-type-simple"},"acf":[],"yoast_head":"<!-- This site is optimized with the Yoast SEO plugin v27.6 - https:\/\/yoast.com\/product\/yoast-seo-wordpress\/ -->\n<title>Gazon synth\u00e9tique Euphoria 40 - Bruc Jard\u00ed<\/title>\n<meta name=\"description\" content=\"Le gazon synth\u00e9tique Euphoria 40 est un produit qui d\u00e9fie les attentes en offrant la meilleure combinaison de r\u00e9cup\u00e9ration et de douceur dans sa cat\u00e9gorie.\" \/>\n<meta name=\"robots\" content=\"index, follow, max-snippet:-1, max-image-preview:large, max-video-preview:-1\" \/>\n<link rel=\"canonical\" href=\"https:\/\/www.brucjardi.com\/fr\/producto\/gazon-synthetique-euphoria-40\/\" \/>\n<meta property=\"og:locale\" content=\"fr_FR\" \/>\n<meta property=\"og:type\" content=\"article\" \/>\n<meta property=\"og:title\" content=\"Gazon synth\u00e9tique Euphoria 40 - Bruc Jard\u00ed\" \/>\n<meta property=\"og:description\" content=\"Le gazon synth\u00e9tique Euphoria 40 est un produit qui d\u00e9fie les attentes en offrant la meilleure combinaison de r\u00e9cup\u00e9ration et de douceur dans sa cat\u00e9gorie.\" \/>\n<meta property=\"og:url\" content=\"https:\/\/www.brucjardi.com\/fr\/producto\/gazon-synthetique-euphoria-40\/\" \/>\n<meta property=\"og:site_name\" content=\"Bruc Jard\u00ed\" \/>\n<meta property=\"article:publisher\" content=\"https:\/\/www.facebook.com\/p\/Bruc-Jard-100064062129504\/?paipv=0&amp;eav=AfYBgNTLyCD_XE-2sHqF-2NhCAlhfUu6pU6jIP4Cig42OkIfyGuVIdQjWqlOtRoWBJs&amp;_rdr\" \/>\n<meta property=\"article:modified_time\" content=\"2025-01-28T11:05:45+00:00\" \/>\n<meta property=\"og:image\" content=\"https:\/\/www.brucjardi.com\/wp-content\/uploads\/2024\/01\/Euphoria3-min-600x600-1-e1705399987648.jpg\" \/>\n\t<meta property=\"og:image:width\" content=\"600\" \/>\n\t<meta property=\"og:image:height\" content=\"600\" \/>\n\t<meta property=\"og:image:type\" content=\"image\/jpeg\" \/>\n<meta name=\"twitter:card\" content=\"summary_large_image\" \/>\n<meta name=\"twitter:label1\" content=\"Dur\u00e9e de lecture estim\u00e9e\" \/>\n\t<meta name=\"twitter:data1\" content=\"2 minutes\" \/>\n<script type=\"application\/ld+json\" class=\"yoast-schema-graph\">{\"@context\":\"https:\\\/\\\/schema.org\",\"@graph\":[{\"@type\":\"WebPage\",\"@id\":\"https:\\\/\\\/www.brucjardi.com\\\/fr\\\/producto\\\/gazon-synthetique-euphoria-40\\\/\",\"url\":\"https:\\\/\\\/www.brucjardi.com\\\/fr\\\/producto\\\/gazon-synthetique-euphoria-40\\\/\",\"name\":\"Gazon synth\u00e9tique Euphoria 40 - Bruc Jard\u00ed\",\"isPartOf\":{\"@id\":\"https:\\\/\\\/www.brucjardi.com\\\/fr\\\/#website\"},\"primaryImageOfPage\":{\"@id\":\"https:\\\/\\\/www.brucjardi.com\\\/fr\\\/producto\\\/gazon-synthetique-euphoria-40\\\/#primaryimage\"},\"image\":{\"@id\":\"https:\\\/\\\/www.brucjardi.com\\\/fr\\\/producto\\\/gazon-synthetique-euphoria-40\\\/#primaryimage\"},\"thumbnailUrl\":\"https:\\\/\\\/www.brucjardi.com\\\/wp-content\\\/uploads\\\/2024\\\/01\\\/Euphoria3-min-600x600-1-e1705399987648.jpg\",\"datePublished\":\"2024-01-08T15:37:25+00:00\",\"dateModified\":\"2025-01-28T11:05:45+00:00\",\"description\":\"Le gazon synth\u00e9tique Euphoria 40 est un produit qui d\u00e9fie les attentes en offrant la meilleure combinaison de r\u00e9cup\u00e9ration et de douceur dans sa cat\u00e9gorie.\",\"breadcrumb\":{\"@id\":\"https:\\\/\\\/www.brucjardi.com\\\/fr\\\/producto\\\/gazon-synthetique-euphoria-40\\\/#breadcrumb\"},\"inLanguage\":\"fr-FR\",\"potentialAction\":[{\"@type\":\"ReadAction\",\"target\":[\"https:\\\/\\\/www.brucjardi.com\\\/fr\\\/producto\\\/gazon-synthetique-euphoria-40\\\/\"]}]},{\"@type\":\"ImageObject\",\"inLanguage\":\"fr-FR\",\"@id\":\"https:\\\/\\\/www.brucjardi.com\\\/fr\\\/producto\\\/gazon-synthetique-euphoria-40\\\/#primaryimage\",\"url\":\"https:\\\/\\\/www.brucjardi.com\\\/wp-content\\\/uploads\\\/2024\\\/01\\\/Euphoria3-min-600x600-1-e1705399987648.jpg\",\"contentUrl\":\"https:\\\/\\\/www.brucjardi.com\\\/wp-content\\\/uploads\\\/2024\\\/01\\\/Euphoria3-min-600x600-1-e1705399987648.jpg\",\"width\":600,\"height\":600,\"caption\":\"Gazon synth\u00e9tique Euphoria 40\"},{\"@type\":\"BreadcrumbList\",\"@id\":\"https:\\\/\\\/www.brucjardi.com\\\/fr\\\/producto\\\/gazon-synthetique-euphoria-40\\\/#breadcrumb\",\"itemListElement\":[{\"@type\":\"ListItem\",\"position\":1,\"name\":\"Produits\",\"item\":\"https:\\\/\\\/www.brucjardi.com\\\/fr\\\/shop\\\/\"},{\"@type\":\"ListItem\",\"position\":2,\"name\":\"Gazon synth\u00e9tique Euphoria 40\"}]},{\"@type\":\"WebSite\",\"@id\":\"https:\\\/\\\/www.brucjardi.com\\\/fr\\\/#website\",\"url\":\"https:\\\/\\\/www.brucjardi.com\\\/fr\\\/\",\"name\":\"Bruc Jard\u00ed\",\"description\":\"\",\"publisher\":{\"@id\":\"https:\\\/\\\/www.brucjardi.com\\\/fr\\\/#organization\"},\"alternateName\":\"BJ\",\"potentialAction\":[{\"@type\":\"SearchAction\",\"target\":{\"@type\":\"EntryPoint\",\"urlTemplate\":\"https:\\\/\\\/www.brucjardi.com\\\/fr\\\/?s={search_term_string}\"},\"query-input\":{\"@type\":\"PropertyValueSpecification\",\"valueRequired\":true,\"valueName\":\"search_term_string\"}}],\"inLanguage\":\"fr-FR\"},{\"@type\":\"Organization\",\"@id\":\"https:\\\/\\\/www.brucjardi.com\\\/fr\\\/#organization\",\"name\":\"Bruc Jard\u00ed\",\"url\":\"https:\\\/\\\/www.brucjardi.com\\\/fr\\\/\",\"logo\":{\"@type\":\"ImageObject\",\"inLanguage\":\"fr-FR\",\"@id\":\"https:\\\/\\\/www.brucjardi.com\\\/fr\\\/#\\\/schema\\\/logo\\\/image\\\/\",\"url\":\"https:\\\/\\\/www.brucjardi.com\\\/wp-content\\\/uploads\\\/2023\\\/09\\\/logo-BJ.png\",\"contentUrl\":\"https:\\\/\\\/www.brucjardi.com\\\/wp-content\\\/uploads\\\/2023\\\/09\\\/logo-BJ.png\",\"width\":1713,\"height\":1548,\"caption\":\"Bruc Jard\u00ed\"},\"image\":{\"@id\":\"https:\\\/\\\/www.brucjardi.com\\\/fr\\\/#\\\/schema\\\/logo\\\/image\\\/\"},\"sameAs\":[\"https:\\\/\\\/www.facebook.com\\\/p\\\/Bruc-Jard-100064062129504\\\/?paipv=0&eav=AfYBgNTLyCD_XE-2sHqF-2NhCAlhfUu6pU6jIP4Cig42OkIfyGuVIdQjWqlOtRoWBJs&_rdr\",\"https:\\\/\\\/www.instagram.com\\\/brucjardi_oficial\\\/?hl=es\"]}]}<\/script>\n<!-- \/ Yoast SEO plugin. -->","yoast_head_json":{"title":"Gazon synth\u00e9tique Euphoria 40 - Bruc Jard\u00ed","description":"Le gazon synth\u00e9tique Euphoria 40 est un produit qui d\u00e9fie les attentes en offrant la meilleure combinaison de r\u00e9cup\u00e9ration et de douceur dans sa cat\u00e9gorie.","robots":{"index":"index","follow":"follow","max-snippet":"max-snippet:-1","max-image-preview":"max-image-preview:large","max-video-preview":"max-video-preview:-1"},"canonical":"https:\/\/www.brucjardi.com\/fr\/producto\/gazon-synthetique-euphoria-40\/","og_locale":"fr_FR","og_type":"article","og_title":"Gazon synth\u00e9tique Euphoria 40 - Bruc Jard\u00ed","og_description":"Le gazon synth\u00e9tique Euphoria 40 est un produit qui d\u00e9fie les attentes en offrant la meilleure combinaison de r\u00e9cup\u00e9ration et de douceur dans sa cat\u00e9gorie.","og_url":"https:\/\/www.brucjardi.com\/fr\/producto\/gazon-synthetique-euphoria-40\/","og_site_name":"Bruc Jard\u00ed","article_publisher":"https:\/\/www.facebook.com\/p\/Bruc-Jard-100064062129504\/?paipv=0&eav=AfYBgNTLyCD_XE-2sHqF-2NhCAlhfUu6pU6jIP4Cig42OkIfyGuVIdQjWqlOtRoWBJs&_rdr","article_modified_time":"2025-01-28T11:05:45+00:00","og_image":[{"width":600,"height":600,"url":"https:\/\/www.brucjardi.com\/wp-content\/uploads\/2024\/01\/Euphoria3-min-600x600-1-e1705399987648.jpg","type":"image\/jpeg"}],"twitter_card":"summary_large_image","twitter_misc":{"Dur\u00e9e de lecture estim\u00e9e":"2 minutes"},"schema":{"@context":"https:\/\/schema.org","@graph":[{"@type":"WebPage","@id":"https:\/\/www.brucjardi.com\/fr\/producto\/gazon-synthetique-euphoria-40\/","url":"https:\/\/www.brucjardi.com\/fr\/producto\/gazon-synthetique-euphoria-40\/","name":"Gazon synth\u00e9tique Euphoria 40 - Bruc Jard\u00ed","isPartOf":{"@id":"https:\/\/www.brucjardi.com\/fr\/#website"},"primaryImageOfPage":{"@id":"https:\/\/www.brucjardi.com\/fr\/producto\/gazon-synthetique-euphoria-40\/#primaryimage"},"image":{"@id":"https:\/\/www.brucjardi.com\/fr\/producto\/gazon-synthetique-euphoria-40\/#primaryimage"},"thumbnailUrl":"https:\/\/www.brucjardi.com\/wp-content\/uploads\/2024\/01\/Euphoria3-min-600x600-1-e1705399987648.jpg","datePublished":"2024-01-08T15:37:25+00:00","dateModified":"2025-01-28T11:05:45+00:00","description":"Le gazon synth\u00e9tique Euphoria 40 est un produit qui d\u00e9fie les attentes en offrant la meilleure combinaison de r\u00e9cup\u00e9ration et de douceur dans sa cat\u00e9gorie.","breadcrumb":{"@id":"https:\/\/www.brucjardi.com\/fr\/producto\/gazon-synthetique-euphoria-40\/#breadcrumb"},"inLanguage":"fr-FR","potentialAction":[{"@type":"ReadAction","target":["https:\/\/www.brucjardi.com\/fr\/producto\/gazon-synthetique-euphoria-40\/"]}]},{"@type":"ImageObject","inLanguage":"fr-FR","@id":"https:\/\/www.brucjardi.com\/fr\/producto\/gazon-synthetique-euphoria-40\/#primaryimage","url":"https:\/\/www.brucjardi.com\/wp-content\/uploads\/2024\/01\/Euphoria3-min-600x600-1-e1705399987648.jpg","contentUrl":"https:\/\/www.brucjardi.com\/wp-content\/uploads\/2024\/01\/Euphoria3-min-600x600-1-e1705399987648.jpg","width":600,"height":600,"caption":"Gazon synth\u00e9tique Euphoria 40"},{"@type":"BreadcrumbList","@id":"https:\/\/www.brucjardi.com\/fr\/producto\/gazon-synthetique-euphoria-40\/#breadcrumb","itemListElement":[{"@type":"ListItem","position":1,"name":"Produits","item":"https:\/\/www.brucjardi.com\/fr\/shop\/"},{"@type":"ListItem","position":2,"name":"Gazon synth\u00e9tique Euphoria 40"}]},{"@type":"WebSite","@id":"https:\/\/www.brucjardi.com\/fr\/#website","url":"https:\/\/www.brucjardi.com\/fr\/","name":"Bruc Jard\u00ed","description":"","publisher":{"@id":"https:\/\/www.brucjardi.com\/fr\/#organization"},"alternateName":"BJ","potentialAction":[{"@type":"SearchAction","target":{"@type":"EntryPoint","urlTemplate":"https:\/\/www.brucjardi.com\/fr\/?s={search_term_string}"},"query-input":{"@type":"PropertyValueSpecification","valueRequired":true,"valueName":"search_term_string"}}],"inLanguage":"fr-FR"},{"@type":"Organization","@id":"https:\/\/www.brucjardi.com\/fr\/#organization","name":"Bruc Jard\u00ed","url":"https:\/\/www.brucjardi.com\/fr\/","logo":{"@type":"ImageObject","inLanguage":"fr-FR","@id":"https:\/\/www.brucjardi.com\/fr\/#\/schema\/logo\/image\/","url":"https:\/\/www.brucjardi.com\/wp-content\/uploads\/2023\/09\/logo-BJ.png","contentUrl":"https:\/\/www.brucjardi.com\/wp-content\/uploads\/2023\/09\/logo-BJ.png","width":1713,"height":1548,"caption":"Bruc Jard\u00ed"},"image":{"@id":"https:\/\/www.brucjardi.com\/fr\/#\/schema\/logo\/image\/"},"sameAs":["https:\/\/www.facebook.com\/p\/Bruc-Jard-100064062129504\/?paipv=0&eav=AfYBgNTLyCD_XE-2sHqF-2NhCAlhfUu6pU6jIP4Cig42OkIfyGuVIdQjWqlOtRoWBJs&_rdr","https:\/\/www.instagram.com\/brucjardi_oficial\/?hl=es"]}]}},"_links":{"self":[{"href":"https:\/\/www.brucjardi.com\/fr\/wp-json\/wp\/v2\/product\/9885","targetHints":{"allow":["GET"]}}],"collection":[{"href":"https:\/\/www.brucjardi.com\/fr\/wp-json\/wp\/v2\/product"}],"about":[{"href":"https:\/\/www.brucjardi.com\/fr\/wp-json\/wp\/v2\/types\/product"}],"wp:featuredmedia":[{"embeddable":true,"href":"https:\/\/www.brucjardi.com\/fr\/wp-json\/wp\/v2\/media\/8453"}],"wp:attachment":[{"href":"https:\/\/www.brucjardi.com\/fr\/wp-json\/wp\/v2\/media?parent=9885"}],"wp:term":[{"taxonomy":"product_brand","embeddable":true,"href":"https:\/\/www.brucjardi.com\/fr\/wp-json\/wp\/v2\/product_brand?post=9885"},{"taxonomy":"product_cat","embeddable":true,"href":"https:\/\/www.brucjardi.com\/fr\/wp-json\/wp\/v2\/product_cat?post=9885"},{"taxonomy":"product_tag","embeddable":true,"href":"https:\/\/www.brucjardi.com\/fr\/wp-json\/wp\/v2\/product_tag?post=9885"}],"curies":[{"name":"wp","href":"https:\/\/api.w.org\/{rel}","templated":true}]}}