{"id":9887,"date":"2024-01-08T16:25:44","date_gmt":"2024-01-08T15:25:44","guid":{"rendered":"https:\/\/dev.brucjardi.com\/producto\/gazon-synthetique-hillside-40\/"},"modified":"2025-01-28T12:07:17","modified_gmt":"2025-01-28T11:07:17","slug":"gazon-synthetique-hillside-40","status":"publish","type":"product","link":"https:\/\/www.brucjardi.com\/fr\/producto\/gazon-synthetique-hillside-40\/","title":{"rendered":"Gazon synth\u00e9tique Hillside 40"},"content":{"rendered":"<p>Plongez dans l&rsquo;exp\u00e9rience de la nature avec le gazon synth\u00e9tique Hillside 40, une option exceptionnelle avec sa densit\u00e9 et sa hauteur de brin de 40 mm, offrant juste les niveaux appropri\u00e9s de douceur et de r\u00e9sistance pour devenir votre choix pr\u00e9f\u00e9r\u00e9. Ce gazon synth\u00e9tique, dense et luxuriant, poss\u00e8de une apparence et une sensation propres au gazon naturel, et sa base l\u00e9g\u00e8re le rend facile \u00e0 manipuler. Ainsi, le gazon s&rsquo;adapte sans effort \u00e0 tout endroit o\u00f9 un gazon \u00e0 l&rsquo;aspect impeccable et aux performances \u00e9lev\u00e9es est recherch\u00e9.<\/p>\n<p>La hauteur de 40 mm des brins du gazon synth\u00e9tique Hillside 40 cr\u00e9e une surface luxuriante qui ajoute une dimension visuelle unique \u00e0 votre environnement ext\u00e9rieur. Sa densit\u00e9, similaire \u00e0 celle du gazon naturel, offre une esth\u00e9tique saisissante et une exp\u00e9rience tactile agr\u00e9able. De plus, sa base l\u00e9g\u00e8re facilite sa manipulation et sa pose, ce qui signifie que vous pouvez profiter d&rsquo;un gazon de qualit\u00e9 dans divers environnements, que ce soit dans votre jardin, sur votre terrasse ou dans une aire de loisirs.<\/p>\n<p>Opter pour le gazon Hillside 40 ne vous offre pas seulement une solution esth\u00e9tiquement impressionnante, mais vous garantit \u00e9galement des performances \u00e9lev\u00e9es et une durabilit\u00e9 au fil du temps. Profitez d&rsquo;un gazon synth\u00e9tique qui transforme votre espace ext\u00e9rieur en un oasis de verdure avec le Hillside 40, un choix parfait pour ceux qui recherchent le meilleur en termes d&rsquo;esth\u00e9tique et de fonctionnalit\u00e9.<\/p>\n","protected":false},"excerpt":{"rendered":"<p>Ce gazon dense et \u00e0 poil haut (40 mm) pr\u00e9sente les niveaux parfaits de douceur et de r\u00e9sistance pour devenir votre choix pr\u00e9f\u00e9r\u00e9. Sa densit\u00e9 et sa masse sont similaires \u00e0 celles d&rsquo;un gazon naturel, et sa base l\u00e9g\u00e8re le rend facile \u00e0 manipuler. Cela signifie qu&rsquo;il s&rsquo;adapte \u00e0 tout endroit o\u00f9 un gazon de bonne apparence et offrant des performances \u00e9lev\u00e9es est n\u00e9cessaire.<\/p>\n<p><strong>(*) Vente par m\u00b2: Nos produits sont vendus en rouleaux de 2 m\u00e8tres de largeur. En ce qui concerne la longueur, elle peut \u00eatre s\u00e9lectionn\u00e9e par incr\u00e9ments de 5 m\u00e8tres. Cela signifie un rouleau de 2&#215;5, 2&#215;10, 2&#215;15, 2&#215;20&#8230;<\/strong><\/p>\n<p><strong>Conditionnements disponibles:<\/strong><\/p>\n<p><img decoding=\"async\" class=\"alignnone size-full wp-image-9860 lazyload\" data-src=\"https:\/\/www.brucjardi.com\/wp-content\/uploads\/2024\/01\/cesped-fr-alc-r.png\" alt=\"\" width=\"148\" height=\"94\" src=\"data:image\/svg+xml;base64,PHN2ZyB3aWR0aD0iMSIgaGVpZ2h0PSIxIiB4bWxucz0iaHR0cDovL3d3dy53My5vcmcvMjAwMC9zdmciPjwvc3ZnPg==\" style=\"--smush-placeholder-width: 148px; --smush-placeholder-aspect-ratio: 148\/94;\" \/><\/p>\n<p><img decoding=\"async\" class=\"alignnone wp-image-5173 lazyload\" data-src=\"https:\/\/www.brucjardi.com\/wp-content\/uploads\/2024\/01\/logos-preto25-1.png\" alt=\"\" width=\"257\" height=\"63\" src=\"data:image\/svg+xml;base64,PHN2ZyB3aWR0aD0iMSIgaGVpZ2h0PSIxIiB4bWxucz0iaHR0cDovL3d3dy53My5vcmcvMjAwMC9zdmciPjwvc3ZnPg==\" style=\"--smush-placeholder-width: 257px; --smush-placeholder-aspect-ratio: 257\/63;\" \/><\/p>\n<p><img decoding=\"async\" class=\"alignnone wp-image-5174 lazyload\" data-src=\"https:\/\/www.brucjardi.com\/wp-content\/uploads\/2024\/01\/logos-pretoo.png\" alt=\"\" width=\"259\" height=\"62\" src=\"data:image\/svg+xml;base64,PHN2ZyB3aWR0aD0iMSIgaGVpZ2h0PSIxIiB4bWxucz0iaHR0cDovL3d3dy53My5vcmcvMjAwMC9zdmciPjwvc3ZnPg==\" style=\"--smush-placeholder-width: 259px; --smush-placeholder-aspect-ratio: 259\/62;\" \/><\/p>\n","protected":false},"featured_media":8459,"template":"","meta":{"_acf_changed":false},"product_brand":[],"product_cat":[425,416,304],"product_tag":[],"class_list":{"0":"post-9887","1":"product","2":"type-product","3":"status-publish","4":"has-post-thumbnail","6":"product_cat-gazon-40mm","7":"product_cat-gazon-decoratif","8":"product_cat-gazon-synthetique","10":"first","11":"instock","12":"shipping-taxable","13":"product-type-simple"},"acf":[],"yoast_head":"<!-- This site is optimized with the Yoast SEO plugin v27.6 - https:\/\/yoast.com\/product\/yoast-seo-wordpress\/ -->\n<title>Gazon synth\u00e9tique Hillside 40 - Bruc Jard\u00ed<\/title>\n<meta name=\"description\" content=\"Le gazon synth\u00e9tique Hillside 40 s&#039;adapte sans effort \u00e0 tout endroit o\u00f9 l&#039;on recherche un gazon \u00e0 l&#039;aspect impeccable et aux performances \u00e9lev\u00e9es.\" \/>\n<meta name=\"robots\" content=\"index, follow, max-snippet:-1, max-image-preview:large, max-video-preview:-1\" \/>\n<link rel=\"canonical\" href=\"https:\/\/www.brucjardi.com\/fr\/producto\/gazon-synthetique-hillside-40\/\" \/>\n<meta property=\"og:locale\" content=\"fr_FR\" \/>\n<meta property=\"og:type\" content=\"article\" \/>\n<meta property=\"og:title\" content=\"Gazon synth\u00e9tique Hillside 40 - Bruc Jard\u00ed\" \/>\n<meta property=\"og:description\" content=\"Le gazon synth\u00e9tique Hillside 40 s&#039;adapte sans effort \u00e0 tout endroit o\u00f9 l&#039;on recherche un gazon \u00e0 l&#039;aspect impeccable et aux performances \u00e9lev\u00e9es.\" \/>\n<meta property=\"og:url\" content=\"https:\/\/www.brucjardi.com\/fr\/producto\/gazon-synthetique-hillside-40\/\" \/>\n<meta property=\"og:site_name\" content=\"Bruc Jard\u00ed\" \/>\n<meta property=\"article:publisher\" content=\"https:\/\/www.facebook.com\/p\/Bruc-Jard-100064062129504\/?paipv=0&amp;eav=AfYBgNTLyCD_XE-2sHqF-2NhCAlhfUu6pU6jIP4Cig42OkIfyGuVIdQjWqlOtRoWBJs&amp;_rdr\" \/>\n<meta property=\"article:modified_time\" content=\"2025-01-28T11:07:17+00:00\" \/>\n<meta property=\"og:image\" content=\"https:\/\/www.brucjardi.com\/wp-content\/uploads\/2024\/01\/Hillside2-min-600x600-1.jpg\" \/>\n\t<meta property=\"og:image:width\" content=\"600\" \/>\n\t<meta property=\"og:image:height\" content=\"600\" \/>\n\t<meta property=\"og:image:type\" content=\"image\/jpeg\" \/>\n<meta name=\"twitter:card\" content=\"summary_large_image\" \/>\n<meta name=\"twitter:label1\" content=\"Dur\u00e9e de lecture estim\u00e9e\" \/>\n\t<meta name=\"twitter:data1\" content=\"2 minutes\" \/>\n<script type=\"application\/ld+json\" class=\"yoast-schema-graph\">{\"@context\":\"https:\\\/\\\/schema.org\",\"@graph\":[{\"@type\":\"WebPage\",\"@id\":\"https:\\\/\\\/www.brucjardi.com\\\/fr\\\/producto\\\/gazon-synthetique-hillside-40\\\/\",\"url\":\"https:\\\/\\\/www.brucjardi.com\\\/fr\\\/producto\\\/gazon-synthetique-hillside-40\\\/\",\"name\":\"Gazon synth\u00e9tique Hillside 40 - Bruc Jard\u00ed\",\"isPartOf\":{\"@id\":\"https:\\\/\\\/www.brucjardi.com\\\/fr\\\/#website\"},\"primaryImageOfPage\":{\"@id\":\"https:\\\/\\\/www.brucjardi.com\\\/fr\\\/producto\\\/gazon-synthetique-hillside-40\\\/#primaryimage\"},\"image\":{\"@id\":\"https:\\\/\\\/www.brucjardi.com\\\/fr\\\/producto\\\/gazon-synthetique-hillside-40\\\/#primaryimage\"},\"thumbnailUrl\":\"https:\\\/\\\/www.brucjardi.com\\\/wp-content\\\/uploads\\\/2024\\\/01\\\/Hillside2-min-600x600-1.jpg\",\"datePublished\":\"2024-01-08T15:25:44+00:00\",\"dateModified\":\"2025-01-28T11:07:17+00:00\",\"description\":\"Le gazon synth\u00e9tique Hillside 40 s'adapte sans effort \u00e0 tout endroit o\u00f9 l'on recherche un gazon \u00e0 l'aspect impeccable et aux performances \u00e9lev\u00e9es.\",\"breadcrumb\":{\"@id\":\"https:\\\/\\\/www.brucjardi.com\\\/fr\\\/producto\\\/gazon-synthetique-hillside-40\\\/#breadcrumb\"},\"inLanguage\":\"fr-FR\",\"potentialAction\":[{\"@type\":\"ReadAction\",\"target\":[\"https:\\\/\\\/www.brucjardi.com\\\/fr\\\/producto\\\/gazon-synthetique-hillside-40\\\/\"]}]},{\"@type\":\"ImageObject\",\"inLanguage\":\"fr-FR\",\"@id\":\"https:\\\/\\\/www.brucjardi.com\\\/fr\\\/producto\\\/gazon-synthetique-hillside-40\\\/#primaryimage\",\"url\":\"https:\\\/\\\/www.brucjardi.com\\\/wp-content\\\/uploads\\\/2024\\\/01\\\/Hillside2-min-600x600-1.jpg\",\"contentUrl\":\"https:\\\/\\\/www.brucjardi.com\\\/wp-content\\\/uploads\\\/2024\\\/01\\\/Hillside2-min-600x600-1.jpg\",\"width\":600,\"height\":600,\"caption\":\"Gazon synth\u00e9tique Hillside 40\"},{\"@type\":\"BreadcrumbList\",\"@id\":\"https:\\\/\\\/www.brucjardi.com\\\/fr\\\/producto\\\/gazon-synthetique-hillside-40\\\/#breadcrumb\",\"itemListElement\":[{\"@type\":\"ListItem\",\"position\":1,\"name\":\"Produits\",\"item\":\"https:\\\/\\\/www.brucjardi.com\\\/fr\\\/shop\\\/\"},{\"@type\":\"ListItem\",\"position\":2,\"name\":\"Gazon synth\u00e9tique Hillside 40\"}]},{\"@type\":\"WebSite\",\"@id\":\"https:\\\/\\\/www.brucjardi.com\\\/fr\\\/#website\",\"url\":\"https:\\\/\\\/www.brucjardi.com\\\/fr\\\/\",\"name\":\"Bruc Jard\u00ed\",\"description\":\"\",\"publisher\":{\"@id\":\"https:\\\/\\\/www.brucjardi.com\\\/fr\\\/#organization\"},\"alternateName\":\"BJ\",\"potentialAction\":[{\"@type\":\"SearchAction\",\"target\":{\"@type\":\"EntryPoint\",\"urlTemplate\":\"https:\\\/\\\/www.brucjardi.com\\\/fr\\\/?s={search_term_string}\"},\"query-input\":{\"@type\":\"PropertyValueSpecification\",\"valueRequired\":true,\"valueName\":\"search_term_string\"}}],\"inLanguage\":\"fr-FR\"},{\"@type\":\"Organization\",\"@id\":\"https:\\\/\\\/www.brucjardi.com\\\/fr\\\/#organization\",\"name\":\"Bruc Jard\u00ed\",\"url\":\"https:\\\/\\\/www.brucjardi.com\\\/fr\\\/\",\"logo\":{\"@type\":\"ImageObject\",\"inLanguage\":\"fr-FR\",\"@id\":\"https:\\\/\\\/www.brucjardi.com\\\/fr\\\/#\\\/schema\\\/logo\\\/image\\\/\",\"url\":\"https:\\\/\\\/www.brucjardi.com\\\/wp-content\\\/uploads\\\/2023\\\/09\\\/logo-BJ.png\",\"contentUrl\":\"https:\\\/\\\/www.brucjardi.com\\\/wp-content\\\/uploads\\\/2023\\\/09\\\/logo-BJ.png\",\"width\":1713,\"height\":1548,\"caption\":\"Bruc Jard\u00ed\"},\"image\":{\"@id\":\"https:\\\/\\\/www.brucjardi.com\\\/fr\\\/#\\\/schema\\\/logo\\\/image\\\/\"},\"sameAs\":[\"https:\\\/\\\/www.facebook.com\\\/p\\\/Bruc-Jard-100064062129504\\\/?paipv=0&eav=AfYBgNTLyCD_XE-2sHqF-2NhCAlhfUu6pU6jIP4Cig42OkIfyGuVIdQjWqlOtRoWBJs&_rdr\",\"https:\\\/\\\/www.instagram.com\\\/brucjardi_oficial\\\/?hl=es\"]}]}<\/script>\n<!-- \/ Yoast SEO plugin. -->","yoast_head_json":{"title":"Gazon synth\u00e9tique Hillside 40 - Bruc Jard\u00ed","description":"Le gazon synth\u00e9tique Hillside 40 s'adapte sans effort \u00e0 tout endroit o\u00f9 l'on recherche un gazon \u00e0 l'aspect impeccable et aux performances \u00e9lev\u00e9es.","robots":{"index":"index","follow":"follow","max-snippet":"max-snippet:-1","max-image-preview":"max-image-preview:large","max-video-preview":"max-video-preview:-1"},"canonical":"https:\/\/www.brucjardi.com\/fr\/producto\/gazon-synthetique-hillside-40\/","og_locale":"fr_FR","og_type":"article","og_title":"Gazon synth\u00e9tique Hillside 40 - Bruc Jard\u00ed","og_description":"Le gazon synth\u00e9tique Hillside 40 s'adapte sans effort \u00e0 tout endroit o\u00f9 l'on recherche un gazon \u00e0 l'aspect impeccable et aux performances \u00e9lev\u00e9es.","og_url":"https:\/\/www.brucjardi.com\/fr\/producto\/gazon-synthetique-hillside-40\/","og_site_name":"Bruc Jard\u00ed","article_publisher":"https:\/\/www.facebook.com\/p\/Bruc-Jard-100064062129504\/?paipv=0&eav=AfYBgNTLyCD_XE-2sHqF-2NhCAlhfUu6pU6jIP4Cig42OkIfyGuVIdQjWqlOtRoWBJs&_rdr","article_modified_time":"2025-01-28T11:07:17+00:00","og_image":[{"width":600,"height":600,"url":"https:\/\/www.brucjardi.com\/wp-content\/uploads\/2024\/01\/Hillside2-min-600x600-1.jpg","type":"image\/jpeg"}],"twitter_card":"summary_large_image","twitter_misc":{"Dur\u00e9e de lecture estim\u00e9e":"2 minutes"},"schema":{"@context":"https:\/\/schema.org","@graph":[{"@type":"WebPage","@id":"https:\/\/www.brucjardi.com\/fr\/producto\/gazon-synthetique-hillside-40\/","url":"https:\/\/www.brucjardi.com\/fr\/producto\/gazon-synthetique-hillside-40\/","name":"Gazon synth\u00e9tique Hillside 40 - Bruc Jard\u00ed","isPartOf":{"@id":"https:\/\/www.brucjardi.com\/fr\/#website"},"primaryImageOfPage":{"@id":"https:\/\/www.brucjardi.com\/fr\/producto\/gazon-synthetique-hillside-40\/#primaryimage"},"image":{"@id":"https:\/\/www.brucjardi.com\/fr\/producto\/gazon-synthetique-hillside-40\/#primaryimage"},"thumbnailUrl":"https:\/\/www.brucjardi.com\/wp-content\/uploads\/2024\/01\/Hillside2-min-600x600-1.jpg","datePublished":"2024-01-08T15:25:44+00:00","dateModified":"2025-01-28T11:07:17+00:00","description":"Le gazon synth\u00e9tique Hillside 40 s'adapte sans effort \u00e0 tout endroit o\u00f9 l'on recherche un gazon \u00e0 l'aspect impeccable et aux performances \u00e9lev\u00e9es.","breadcrumb":{"@id":"https:\/\/www.brucjardi.com\/fr\/producto\/gazon-synthetique-hillside-40\/#breadcrumb"},"inLanguage":"fr-FR","potentialAction":[{"@type":"ReadAction","target":["https:\/\/www.brucjardi.com\/fr\/producto\/gazon-synthetique-hillside-40\/"]}]},{"@type":"ImageObject","inLanguage":"fr-FR","@id":"https:\/\/www.brucjardi.com\/fr\/producto\/gazon-synthetique-hillside-40\/#primaryimage","url":"https:\/\/www.brucjardi.com\/wp-content\/uploads\/2024\/01\/Hillside2-min-600x600-1.jpg","contentUrl":"https:\/\/www.brucjardi.com\/wp-content\/uploads\/2024\/01\/Hillside2-min-600x600-1.jpg","width":600,"height":600,"caption":"Gazon synth\u00e9tique Hillside 40"},{"@type":"BreadcrumbList","@id":"https:\/\/www.brucjardi.com\/fr\/producto\/gazon-synthetique-hillside-40\/#breadcrumb","itemListElement":[{"@type":"ListItem","position":1,"name":"Produits","item":"https:\/\/www.brucjardi.com\/fr\/shop\/"},{"@type":"ListItem","position":2,"name":"Gazon synth\u00e9tique Hillside 40"}]},{"@type":"WebSite","@id":"https:\/\/www.brucjardi.com\/fr\/#website","url":"https:\/\/www.brucjardi.com\/fr\/","name":"Bruc Jard\u00ed","description":"","publisher":{"@id":"https:\/\/www.brucjardi.com\/fr\/#organization"},"alternateName":"BJ","potentialAction":[{"@type":"SearchAction","target":{"@type":"EntryPoint","urlTemplate":"https:\/\/www.brucjardi.com\/fr\/?s={search_term_string}"},"query-input":{"@type":"PropertyValueSpecification","valueRequired":true,"valueName":"search_term_string"}}],"inLanguage":"fr-FR"},{"@type":"Organization","@id":"https:\/\/www.brucjardi.com\/fr\/#organization","name":"Bruc Jard\u00ed","url":"https:\/\/www.brucjardi.com\/fr\/","logo":{"@type":"ImageObject","inLanguage":"fr-FR","@id":"https:\/\/www.brucjardi.com\/fr\/#\/schema\/logo\/image\/","url":"https:\/\/www.brucjardi.com\/wp-content\/uploads\/2023\/09\/logo-BJ.png","contentUrl":"https:\/\/www.brucjardi.com\/wp-content\/uploads\/2023\/09\/logo-BJ.png","width":1713,"height":1548,"caption":"Bruc Jard\u00ed"},"image":{"@id":"https:\/\/www.brucjardi.com\/fr\/#\/schema\/logo\/image\/"},"sameAs":["https:\/\/www.facebook.com\/p\/Bruc-Jard-100064062129504\/?paipv=0&eav=AfYBgNTLyCD_XE-2sHqF-2NhCAlhfUu6pU6jIP4Cig42OkIfyGuVIdQjWqlOtRoWBJs&_rdr","https:\/\/www.instagram.com\/brucjardi_oficial\/?hl=es"]}]}},"_links":{"self":[{"href":"https:\/\/www.brucjardi.com\/fr\/wp-json\/wp\/v2\/product\/9887","targetHints":{"allow":["GET"]}}],"collection":[{"href":"https:\/\/www.brucjardi.com\/fr\/wp-json\/wp\/v2\/product"}],"about":[{"href":"https:\/\/www.brucjardi.com\/fr\/wp-json\/wp\/v2\/types\/product"}],"wp:featuredmedia":[{"embeddable":true,"href":"https:\/\/www.brucjardi.com\/fr\/wp-json\/wp\/v2\/media\/8459"}],"wp:attachment":[{"href":"https:\/\/www.brucjardi.com\/fr\/wp-json\/wp\/v2\/media?parent=9887"}],"wp:term":[{"taxonomy":"product_brand","embeddable":true,"href":"https:\/\/www.brucjardi.com\/fr\/wp-json\/wp\/v2\/product_brand?post=9887"},{"taxonomy":"product_cat","embeddable":true,"href":"https:\/\/www.brucjardi.com\/fr\/wp-json\/wp\/v2\/product_cat?post=9887"},{"taxonomy":"product_tag","embeddable":true,"href":"https:\/\/www.brucjardi.com\/fr\/wp-json\/wp\/v2\/product_tag?post=9887"}],"curies":[{"name":"wp","href":"https:\/\/api.w.org\/{rel}","templated":true}]}}