{"id":9888,"date":"2024-01-15T16:33:33","date_gmt":"2024-01-15T15:33:33","guid":{"rendered":"https:\/\/dev.brucjardi.com\/producto\/gazon-synthetique-oasis-40\/"},"modified":"2025-01-28T12:09:35","modified_gmt":"2025-01-28T11:09:35","slug":"gazon-synthetique-oasis-40","status":"publish","type":"product","link":"https:\/\/www.brucjardi.com\/fr\/producto\/gazon-synthetique-oasis-40\/","title":{"rendered":"Gazon synth\u00e9tique Oasis 40"},"content":{"rendered":"<p>Le gazon synth\u00e9tique Oasis 40 se pr\u00e9sente comme une option d\u00e9corative exceptionnelle, compos\u00e9e de fibres mixtes de monofilaments dans une proportion de 45% de polypropyl\u00e8ne (PP) et 55% de poly\u00e9thyl\u00e8ne (PE). Cette combinaison \u00e9quilibr\u00e9e de mat\u00e9riaux garantit au gazon un m\u00e9lange unique de r\u00e9alisme, de douceur et de r\u00e9sistance, en faisant un choix optimal pour les applications d\u00e9coratives dans les jardins, les terrasses ou les balcons.<\/p>\n<p>Avec une hauteur de brin de 40 mm, le gazon Oasis 40 se distingue par son aspect naturel et agr\u00e9able \u00e0 l&rsquo;\u0153il. La longueur des brins contribue \u00e0 une esth\u00e9tique agr\u00e9able et naturelle, cr\u00e9ant un environnement ext\u00e9rieur accueillant et visuellement attrayant. De plus, les 5 tons verd\u00e2tres dans ses brins procurent une sensation visuelle de gazon naturel, ajoutant r\u00e9alisme et beaut\u00e9 \u00e0 l&rsquo;espace.<\/p>\n<p>La pr\u00e9dominance de poly\u00e9thyl\u00e8ne dans les fibres offre douceur et une apparence plus r\u00e9aliste, tandis que le polypropyl\u00e8ne ajoute r\u00e9sistance et durabilit\u00e9. Cette combinaison garantit que le gazon conserve sa beaut\u00e9 et sa r\u00e9sistance au fil du temps, m\u00eame dans des conditions climatiques difficiles.<\/p>\n<p>En r\u00e9sum\u00e9, le gazon synth\u00e9tique Oasis 40 est un choix remarquable pour ceux qui cherchent \u00e0 am\u00e9liorer et \u00e0 embellir leurs espaces ext\u00e9rieurs. Ce gazon d\u00e9coratif offre une solution durable et esth\u00e9tiquement attrayante, transformant les jardins, les terrasses ou les balcons en espaces accueillants et visuellement plaisants \u00e0 appr\u00e9cier \u00e0 tout moment.<\/p>\n","protected":false},"excerpt":{"rendered":"<p>Le gazon synth\u00e9tique Oasis 40 est un gazon d\u00e9coratif compos\u00e9 de fibres mixtes de monofilaments, avec 45% de polypropyl\u00e8ne (PP) et 55% de poly\u00e9thyl\u00e8ne (PE). La hauteur de sa fibre est de 40 mm. Il se distingue \u00e9galement par ses 5 tons verd\u00e2tres dans ses fibres, cr\u00e9ant une sensation visuelle de gazon naturel. Id\u00e9al pour d\u00e9corer les jardins, les terrasses ou les balcons.<\/p>\n<p><strong>**SUR COMMANDE**<\/strong><\/p>\n<p><strong>(*) Vente par m\u00b2: Nos produits sont vendus en rouleaux de 2 m\u00e8tres de largeur. En ce qui concerne la longueur, elle peut \u00eatre s\u00e9lectionn\u00e9e par incr\u00e9ments de 5 m\u00e8tres. Cela signifie un rouleau de 2&#215;5, 2&#215;10, 2&#215;15, 2&#215;20&#8230;<\/strong><\/p>\n<p><strong>Conditionnements disponibles:<\/strong><\/p>\n<p><img decoding=\"async\" class=\"alignnone size-full wp-image-9862 lazyload\" data-src=\"https:\/\/www.brucjardi.com\/wp-content\/uploads\/2024\/01\/rouleau-fr.png\" alt=\"\" width=\"68\" height=\"96\" src=\"data:image\/svg+xml;base64,PHN2ZyB3aWR0aD0iMSIgaGVpZ2h0PSIxIiB4bWxucz0iaHR0cDovL3d3dy53My5vcmcvMjAwMC9zdmciPjwvc3ZnPg==\" style=\"--smush-placeholder-width: 68px; --smush-placeholder-aspect-ratio: 68\/96;\" \/><\/p>\n<p><img decoding=\"async\" class=\"alignnone wp-image-5173 lazyload\" data-src=\"https:\/\/www.brucjardi.com\/wp-content\/uploads\/2024\/01\/logos-preto25-1.png\" alt=\"\" width=\"257\" height=\"63\" src=\"data:image\/svg+xml;base64,PHN2ZyB3aWR0aD0iMSIgaGVpZ2h0PSIxIiB4bWxucz0iaHR0cDovL3d3dy53My5vcmcvMjAwMC9zdmciPjwvc3ZnPg==\" style=\"--smush-placeholder-width: 257px; --smush-placeholder-aspect-ratio: 257\/63;\" \/><\/p>\n<p><img decoding=\"async\" class=\"alignnone wp-image-5174 lazyload\" data-src=\"https:\/\/www.brucjardi.com\/wp-content\/uploads\/2024\/01\/logos-pretoo.png\" alt=\"\" width=\"259\" height=\"62\" src=\"data:image\/svg+xml;base64,PHN2ZyB3aWR0aD0iMSIgaGVpZ2h0PSIxIiB4bWxucz0iaHR0cDovL3d3dy53My5vcmcvMjAwMC9zdmciPjwvc3ZnPg==\" style=\"--smush-placeholder-width: 259px; --smush-placeholder-aspect-ratio: 259\/62;\" \/><\/p>\n","protected":false},"featured_media":8526,"template":"","meta":{"_acf_changed":false},"product_brand":[],"product_cat":[425,416,304],"product_tag":[],"class_list":{"0":"post-9888","1":"product","2":"type-product","3":"status-publish","4":"has-post-thumbnail","6":"product_cat-gazon-40mm","7":"product_cat-gazon-decoratif","8":"product_cat-gazon-synthetique","10":"first","11":"instock","12":"shipping-taxable","13":"product-type-simple"},"acf":[],"yoast_head":"<!-- This site is optimized with the Yoast SEO plugin v27.6 - https:\/\/yoast.com\/product\/yoast-seo-wordpress\/ -->\n<title>Gazon synth\u00e9tique Oasis 40 - Bruc Jard\u00ed<\/title>\n<meta name=\"description\" content=\"Le gazon synth\u00e9tique Oasis 40 est compos\u00e9 d&#039;un m\u00e9lange de monofilaments de polypropyl\u00e8ne et de poly\u00e9thyl\u00e8ne. Il pr\u00e9sente une vari\u00e9t\u00e9 de tons de vert.\" \/>\n<meta name=\"robots\" content=\"index, follow, max-snippet:-1, max-image-preview:large, max-video-preview:-1\" \/>\n<link rel=\"canonical\" href=\"https:\/\/www.brucjardi.com\/fr\/producto\/gazon-synthetique-oasis-40\/\" \/>\n<meta property=\"og:locale\" content=\"fr_FR\" \/>\n<meta property=\"og:type\" content=\"article\" \/>\n<meta property=\"og:title\" content=\"Gazon synth\u00e9tique Oasis 40 - Bruc Jard\u00ed\" \/>\n<meta property=\"og:description\" content=\"Le gazon synth\u00e9tique Oasis 40 est compos\u00e9 d&#039;un m\u00e9lange de monofilaments de polypropyl\u00e8ne et de poly\u00e9thyl\u00e8ne. Il pr\u00e9sente une vari\u00e9t\u00e9 de tons de vert.\" \/>\n<meta property=\"og:url\" content=\"https:\/\/www.brucjardi.com\/fr\/producto\/gazon-synthetique-oasis-40\/\" \/>\n<meta property=\"og:site_name\" content=\"Bruc Jard\u00ed\" \/>\n<meta property=\"article:publisher\" content=\"https:\/\/www.facebook.com\/p\/Bruc-Jard-100064062129504\/?paipv=0&amp;eav=AfYBgNTLyCD_XE-2sHqF-2NhCAlhfUu6pU6jIP4Cig42OkIfyGuVIdQjWqlOtRoWBJs&amp;_rdr\" \/>\n<meta property=\"article:modified_time\" content=\"2025-01-28T11:09:35+00:00\" \/>\n<meta property=\"og:image\" content=\"https:\/\/www.brucjardi.com\/wp-content\/uploads\/2024\/01\/oasis1.jpg\" \/>\n\t<meta property=\"og:image:width\" content=\"600\" \/>\n\t<meta property=\"og:image:height\" content=\"600\" \/>\n\t<meta property=\"og:image:type\" content=\"image\/jpeg\" \/>\n<meta name=\"twitter:card\" content=\"summary_large_image\" \/>\n<meta name=\"twitter:label1\" content=\"Dur\u00e9e de lecture estim\u00e9e\" \/>\n\t<meta name=\"twitter:data1\" content=\"2 minutes\" \/>\n<script type=\"application\/ld+json\" class=\"yoast-schema-graph\">{\"@context\":\"https:\\\/\\\/schema.org\",\"@graph\":[{\"@type\":\"WebPage\",\"@id\":\"https:\\\/\\\/www.brucjardi.com\\\/fr\\\/producto\\\/gazon-synthetique-oasis-40\\\/\",\"url\":\"https:\\\/\\\/www.brucjardi.com\\\/fr\\\/producto\\\/gazon-synthetique-oasis-40\\\/\",\"name\":\"Gazon synth\u00e9tique Oasis 40 - Bruc Jard\u00ed\",\"isPartOf\":{\"@id\":\"https:\\\/\\\/www.brucjardi.com\\\/fr\\\/#website\"},\"primaryImageOfPage\":{\"@id\":\"https:\\\/\\\/www.brucjardi.com\\\/fr\\\/producto\\\/gazon-synthetique-oasis-40\\\/#primaryimage\"},\"image\":{\"@id\":\"https:\\\/\\\/www.brucjardi.com\\\/fr\\\/producto\\\/gazon-synthetique-oasis-40\\\/#primaryimage\"},\"thumbnailUrl\":\"https:\\\/\\\/www.brucjardi.com\\\/wp-content\\\/uploads\\\/2024\\\/01\\\/oasis1.jpg\",\"datePublished\":\"2024-01-15T15:33:33+00:00\",\"dateModified\":\"2025-01-28T11:09:35+00:00\",\"description\":\"Le gazon synth\u00e9tique Oasis 40 est compos\u00e9 d'un m\u00e9lange de monofilaments de polypropyl\u00e8ne et de poly\u00e9thyl\u00e8ne. Il pr\u00e9sente une vari\u00e9t\u00e9 de tons de vert.\",\"breadcrumb\":{\"@id\":\"https:\\\/\\\/www.brucjardi.com\\\/fr\\\/producto\\\/gazon-synthetique-oasis-40\\\/#breadcrumb\"},\"inLanguage\":\"fr-FR\",\"potentialAction\":[{\"@type\":\"ReadAction\",\"target\":[\"https:\\\/\\\/www.brucjardi.com\\\/fr\\\/producto\\\/gazon-synthetique-oasis-40\\\/\"]}]},{\"@type\":\"ImageObject\",\"inLanguage\":\"fr-FR\",\"@id\":\"https:\\\/\\\/www.brucjardi.com\\\/fr\\\/producto\\\/gazon-synthetique-oasis-40\\\/#primaryimage\",\"url\":\"https:\\\/\\\/www.brucjardi.com\\\/wp-content\\\/uploads\\\/2024\\\/01\\\/oasis1.jpg\",\"contentUrl\":\"https:\\\/\\\/www.brucjardi.com\\\/wp-content\\\/uploads\\\/2024\\\/01\\\/oasis1.jpg\",\"width\":600,\"height\":600,\"caption\":\"Gazon synth\u00e9tique Oasis 40\"},{\"@type\":\"BreadcrumbList\",\"@id\":\"https:\\\/\\\/www.brucjardi.com\\\/fr\\\/producto\\\/gazon-synthetique-oasis-40\\\/#breadcrumb\",\"itemListElement\":[{\"@type\":\"ListItem\",\"position\":1,\"name\":\"Produits\",\"item\":\"https:\\\/\\\/www.brucjardi.com\\\/fr\\\/shop\\\/\"},{\"@type\":\"ListItem\",\"position\":2,\"name\":\"Gazon synth\u00e9tique Oasis 40\"}]},{\"@type\":\"WebSite\",\"@id\":\"https:\\\/\\\/www.brucjardi.com\\\/fr\\\/#website\",\"url\":\"https:\\\/\\\/www.brucjardi.com\\\/fr\\\/\",\"name\":\"Bruc Jard\u00ed\",\"description\":\"\",\"publisher\":{\"@id\":\"https:\\\/\\\/www.brucjardi.com\\\/fr\\\/#organization\"},\"alternateName\":\"BJ\",\"potentialAction\":[{\"@type\":\"SearchAction\",\"target\":{\"@type\":\"EntryPoint\",\"urlTemplate\":\"https:\\\/\\\/www.brucjardi.com\\\/fr\\\/?s={search_term_string}\"},\"query-input\":{\"@type\":\"PropertyValueSpecification\",\"valueRequired\":true,\"valueName\":\"search_term_string\"}}],\"inLanguage\":\"fr-FR\"},{\"@type\":\"Organization\",\"@id\":\"https:\\\/\\\/www.brucjardi.com\\\/fr\\\/#organization\",\"name\":\"Bruc Jard\u00ed\",\"url\":\"https:\\\/\\\/www.brucjardi.com\\\/fr\\\/\",\"logo\":{\"@type\":\"ImageObject\",\"inLanguage\":\"fr-FR\",\"@id\":\"https:\\\/\\\/www.brucjardi.com\\\/fr\\\/#\\\/schema\\\/logo\\\/image\\\/\",\"url\":\"https:\\\/\\\/www.brucjardi.com\\\/wp-content\\\/uploads\\\/2023\\\/09\\\/logo-BJ.png\",\"contentUrl\":\"https:\\\/\\\/www.brucjardi.com\\\/wp-content\\\/uploads\\\/2023\\\/09\\\/logo-BJ.png\",\"width\":1713,\"height\":1548,\"caption\":\"Bruc Jard\u00ed\"},\"image\":{\"@id\":\"https:\\\/\\\/www.brucjardi.com\\\/fr\\\/#\\\/schema\\\/logo\\\/image\\\/\"},\"sameAs\":[\"https:\\\/\\\/www.facebook.com\\\/p\\\/Bruc-Jard-100064062129504\\\/?paipv=0&eav=AfYBgNTLyCD_XE-2sHqF-2NhCAlhfUu6pU6jIP4Cig42OkIfyGuVIdQjWqlOtRoWBJs&_rdr\",\"https:\\\/\\\/www.instagram.com\\\/brucjardi_oficial\\\/?hl=es\"]}]}<\/script>\n<!-- \/ Yoast SEO plugin. -->","yoast_head_json":{"title":"Gazon synth\u00e9tique Oasis 40 - Bruc Jard\u00ed","description":"Le gazon synth\u00e9tique Oasis 40 est compos\u00e9 d'un m\u00e9lange de monofilaments de polypropyl\u00e8ne et de poly\u00e9thyl\u00e8ne. Il pr\u00e9sente une vari\u00e9t\u00e9 de tons de vert.","robots":{"index":"index","follow":"follow","max-snippet":"max-snippet:-1","max-image-preview":"max-image-preview:large","max-video-preview":"max-video-preview:-1"},"canonical":"https:\/\/www.brucjardi.com\/fr\/producto\/gazon-synthetique-oasis-40\/","og_locale":"fr_FR","og_type":"article","og_title":"Gazon synth\u00e9tique Oasis 40 - Bruc Jard\u00ed","og_description":"Le gazon synth\u00e9tique Oasis 40 est compos\u00e9 d'un m\u00e9lange de monofilaments de polypropyl\u00e8ne et de poly\u00e9thyl\u00e8ne. Il pr\u00e9sente une vari\u00e9t\u00e9 de tons de vert.","og_url":"https:\/\/www.brucjardi.com\/fr\/producto\/gazon-synthetique-oasis-40\/","og_site_name":"Bruc Jard\u00ed","article_publisher":"https:\/\/www.facebook.com\/p\/Bruc-Jard-100064062129504\/?paipv=0&eav=AfYBgNTLyCD_XE-2sHqF-2NhCAlhfUu6pU6jIP4Cig42OkIfyGuVIdQjWqlOtRoWBJs&_rdr","article_modified_time":"2025-01-28T11:09:35+00:00","og_image":[{"width":600,"height":600,"url":"https:\/\/www.brucjardi.com\/wp-content\/uploads\/2024\/01\/oasis1.jpg","type":"image\/jpeg"}],"twitter_card":"summary_large_image","twitter_misc":{"Dur\u00e9e de lecture estim\u00e9e":"2 minutes"},"schema":{"@context":"https:\/\/schema.org","@graph":[{"@type":"WebPage","@id":"https:\/\/www.brucjardi.com\/fr\/producto\/gazon-synthetique-oasis-40\/","url":"https:\/\/www.brucjardi.com\/fr\/producto\/gazon-synthetique-oasis-40\/","name":"Gazon synth\u00e9tique Oasis 40 - Bruc Jard\u00ed","isPartOf":{"@id":"https:\/\/www.brucjardi.com\/fr\/#website"},"primaryImageOfPage":{"@id":"https:\/\/www.brucjardi.com\/fr\/producto\/gazon-synthetique-oasis-40\/#primaryimage"},"image":{"@id":"https:\/\/www.brucjardi.com\/fr\/producto\/gazon-synthetique-oasis-40\/#primaryimage"},"thumbnailUrl":"https:\/\/www.brucjardi.com\/wp-content\/uploads\/2024\/01\/oasis1.jpg","datePublished":"2024-01-15T15:33:33+00:00","dateModified":"2025-01-28T11:09:35+00:00","description":"Le gazon synth\u00e9tique Oasis 40 est compos\u00e9 d'un m\u00e9lange de monofilaments de polypropyl\u00e8ne et de poly\u00e9thyl\u00e8ne. Il pr\u00e9sente une vari\u00e9t\u00e9 de tons de vert.","breadcrumb":{"@id":"https:\/\/www.brucjardi.com\/fr\/producto\/gazon-synthetique-oasis-40\/#breadcrumb"},"inLanguage":"fr-FR","potentialAction":[{"@type":"ReadAction","target":["https:\/\/www.brucjardi.com\/fr\/producto\/gazon-synthetique-oasis-40\/"]}]},{"@type":"ImageObject","inLanguage":"fr-FR","@id":"https:\/\/www.brucjardi.com\/fr\/producto\/gazon-synthetique-oasis-40\/#primaryimage","url":"https:\/\/www.brucjardi.com\/wp-content\/uploads\/2024\/01\/oasis1.jpg","contentUrl":"https:\/\/www.brucjardi.com\/wp-content\/uploads\/2024\/01\/oasis1.jpg","width":600,"height":600,"caption":"Gazon synth\u00e9tique Oasis 40"},{"@type":"BreadcrumbList","@id":"https:\/\/www.brucjardi.com\/fr\/producto\/gazon-synthetique-oasis-40\/#breadcrumb","itemListElement":[{"@type":"ListItem","position":1,"name":"Produits","item":"https:\/\/www.brucjardi.com\/fr\/shop\/"},{"@type":"ListItem","position":2,"name":"Gazon synth\u00e9tique Oasis 40"}]},{"@type":"WebSite","@id":"https:\/\/www.brucjardi.com\/fr\/#website","url":"https:\/\/www.brucjardi.com\/fr\/","name":"Bruc Jard\u00ed","description":"","publisher":{"@id":"https:\/\/www.brucjardi.com\/fr\/#organization"},"alternateName":"BJ","potentialAction":[{"@type":"SearchAction","target":{"@type":"EntryPoint","urlTemplate":"https:\/\/www.brucjardi.com\/fr\/?s={search_term_string}"},"query-input":{"@type":"PropertyValueSpecification","valueRequired":true,"valueName":"search_term_string"}}],"inLanguage":"fr-FR"},{"@type":"Organization","@id":"https:\/\/www.brucjardi.com\/fr\/#organization","name":"Bruc Jard\u00ed","url":"https:\/\/www.brucjardi.com\/fr\/","logo":{"@type":"ImageObject","inLanguage":"fr-FR","@id":"https:\/\/www.brucjardi.com\/fr\/#\/schema\/logo\/image\/","url":"https:\/\/www.brucjardi.com\/wp-content\/uploads\/2023\/09\/logo-BJ.png","contentUrl":"https:\/\/www.brucjardi.com\/wp-content\/uploads\/2023\/09\/logo-BJ.png","width":1713,"height":1548,"caption":"Bruc Jard\u00ed"},"image":{"@id":"https:\/\/www.brucjardi.com\/fr\/#\/schema\/logo\/image\/"},"sameAs":["https:\/\/www.facebook.com\/p\/Bruc-Jard-100064062129504\/?paipv=0&eav=AfYBgNTLyCD_XE-2sHqF-2NhCAlhfUu6pU6jIP4Cig42OkIfyGuVIdQjWqlOtRoWBJs&_rdr","https:\/\/www.instagram.com\/brucjardi_oficial\/?hl=es"]}]}},"_links":{"self":[{"href":"https:\/\/www.brucjardi.com\/fr\/wp-json\/wp\/v2\/product\/9888","targetHints":{"allow":["GET"]}}],"collection":[{"href":"https:\/\/www.brucjardi.com\/fr\/wp-json\/wp\/v2\/product"}],"about":[{"href":"https:\/\/www.brucjardi.com\/fr\/wp-json\/wp\/v2\/types\/product"}],"wp:featuredmedia":[{"embeddable":true,"href":"https:\/\/www.brucjardi.com\/fr\/wp-json\/wp\/v2\/media\/8526"}],"wp:attachment":[{"href":"https:\/\/www.brucjardi.com\/fr\/wp-json\/wp\/v2\/media?parent=9888"}],"wp:term":[{"taxonomy":"product_brand","embeddable":true,"href":"https:\/\/www.brucjardi.com\/fr\/wp-json\/wp\/v2\/product_brand?post=9888"},{"taxonomy":"product_cat","embeddable":true,"href":"https:\/\/www.brucjardi.com\/fr\/wp-json\/wp\/v2\/product_cat?post=9888"},{"taxonomy":"product_tag","embeddable":true,"href":"https:\/\/www.brucjardi.com\/fr\/wp-json\/wp\/v2\/product_tag?post=9888"}],"curies":[{"name":"wp","href":"https:\/\/api.w.org\/{rel}","templated":true}]}}