{"id":9928,"date":"2024-01-24T08:15:55","date_gmt":"2024-01-24T07:15:55","guid":{"rendered":"https:\/\/dev.brucjardi.com\/producto\/angle-parement-bande-rubielos\/"},"modified":"2024-12-23T11:36:16","modified_gmt":"2024-12-23T10:36:16","slug":"angle-parement-bande-rubielos","status":"publish","type":"product","link":"https:\/\/www.brucjardi.com\/fr\/producto\/angle-parement-bande-rubielos\/","title":{"rendered":"Angle parement bande rubielos"},"content":{"rendered":"<p>L&rsquo;angle parement bande rubielos, fabriqu\u00e9s \u00e0 partir de calcaire europ\u00e9en, se distinguent par leur aspect rugueux et leur finition naturelle qui leur conf\u00e8re un caract\u00e8re distinctif. Ce produit de haute qualit\u00e9 a \u00e9t\u00e9 con\u00e7u pour rev\u00eatir des murs exclusifs, ajoutant une touche authentique et \u00e9l\u00e9gante \u00e0 tout espace. Offrant des options de hauteurs de 10 cm et 15 cm avec des longueurs variables.<\/p>\n<p>Le calcaire utilis\u00e9 dans ces coins offre non seulement une esth\u00e9tique unique, mais se distingue \u00e9galement par sa durabilit\u00e9 et sa r\u00e9sistance. Sa texture rugueuse ajoute un attrait visuel suppl\u00e9mentaire, cr\u00e9ant un effet visuel int\u00e9ressant \u00e0 l&rsquo;intersection des murs rev\u00eatus. La variabilit\u00e9 des hauteurs et des longueurs des coins permet une flexibilit\u00e9 de conception, s&rsquo;adaptant \u00e0 diff\u00e9rents styles et pr\u00e9f\u00e9rences esth\u00e9tiques.<\/p>\n<p>En incorporant les coins en bandes Rubielos dans un projet, on obtient une fusion harmonieuse entre sophistication et nature. Le calcaire europ\u00e9en apporte une touche authentique et intemporelle, devenant un \u00e9l\u00e9ment cl\u00e9 pour ceux qui recherchent une solution de rev\u00eatement de haute qualit\u00e9. Ces coins r\u00e9pondent non seulement aux normes esth\u00e9tiques les plus \u00e9lev\u00e9es, mais garantissent \u00e9galement une r\u00e9sistance durable, assurant que la beaut\u00e9 du rev\u00eatement perdure dans le temps. Avec l&rsquo;angle parement bande rubielos, on obtient une synth\u00e8se parfaite entre fonctionnalit\u00e9 et esth\u00e9tique, cr\u00e9ant des murs qui sont de v\u00e9ritables \u0153uvres d&rsquo;art.<\/p>\n","protected":false},"excerpt":{"rendered":"<div class=\"ocultar-ver-mas-mobile\">\n<p>L\u2019angle de parement bande Rubielos est une pierre calcaire d\u2019Europe, \u00e0 l\u2019aspect brut et \u00e0 la finition particuli\u00e8rement naturelle. Un produit de haute qualit\u00e9 pour un rev\u00eatement mural exclusif. Disponibles en hauteurs de 10cm et 15cm en longueurs variables.<\/p>\n<\/div>\n<p><strong>Pierre naturelle pouvant subir quelques variations de ton, de texture, de veines et de dimensions.<\/strong><\/p>\n<p><strong>Conditionnements disponibles:<\/strong><\/p>\n<p><img decoding=\"async\" class=\"alignnone wp-image-9896 lazyload\" data-src=\"https:\/\/www.brucjardi.com\/wp-content\/uploads\/2024\/02\/palette-fr.png\" alt=\"\" width=\"65\" height=\"88\" src=\"data:image\/svg+xml;base64,PHN2ZyB3aWR0aD0iMSIgaGVpZ2h0PSIxIiB4bWxucz0iaHR0cDovL3d3dy53My5vcmcvMjAwMC9zdmciPjwvc3ZnPg==\" style=\"--smush-placeholder-width: 65px; --smush-placeholder-aspect-ratio: 65\/88;\" \/><\/p>\n","protected":false},"featured_media":8764,"template":"","meta":{"_acf_changed":false},"product_brand":[],"product_cat":[426,431,432],"product_tag":[],"class_list":{"0":"post-9928","1":"product","2":"type-product","3":"status-publish","4":"has-post-thumbnail","6":"product_cat-catstones-pierre-naturelle","7":"product_cat-plaquette-parement","8":"product_cat-plaquette-parement-calcaire","10":"first","11":"instock","12":"shipping-taxable","13":"product-type-simple"},"acf":[],"yoast_head":"<!-- This site is optimized with the Yoast SEO plugin v27.6 - https:\/\/yoast.com\/product\/yoast-seo-wordpress\/ -->\n<title>Angle parement bande rubielos - Bruc Jard\u00ed<\/title>\n<meta name=\"description\" content=\"L&#039;angle parement bande rubielos de Bruc Jard\u00ed est une pierre calcaire originaire d&#039;Europe. Elle pr\u00e9sente une surface rugueuse et une finition naturelle.\" \/>\n<meta name=\"robots\" content=\"index, follow, max-snippet:-1, max-image-preview:large, max-video-preview:-1\" \/>\n<link rel=\"canonical\" href=\"https:\/\/www.brucjardi.com\/fr\/producto\/angle-parement-bande-rubielos\/\" \/>\n<meta property=\"og:locale\" content=\"fr_FR\" \/>\n<meta property=\"og:type\" content=\"article\" \/>\n<meta property=\"og:title\" content=\"Angle parement bande rubielos - Bruc Jard\u00ed\" \/>\n<meta property=\"og:description\" content=\"L&#039;angle parement bande rubielos de Bruc Jard\u00ed est une pierre calcaire originaire d&#039;Europe. Elle pr\u00e9sente une surface rugueuse et une finition naturelle.\" \/>\n<meta property=\"og:url\" content=\"https:\/\/www.brucjardi.com\/fr\/producto\/angle-parement-bande-rubielos\/\" \/>\n<meta property=\"og:site_name\" content=\"Bruc Jard\u00ed\" \/>\n<meta property=\"article:publisher\" content=\"https:\/\/www.facebook.com\/p\/Bruc-Jard-100064062129504\/?paipv=0&amp;eav=AfYBgNTLyCD_XE-2sHqF-2NhCAlhfUu6pU6jIP4Cig42OkIfyGuVIdQjWqlOtRoWBJs&amp;_rdr\" \/>\n<meta property=\"article:modified_time\" content=\"2024-12-23T10:36:16+00:00\" \/>\n<meta property=\"og:image\" content=\"https:\/\/www.brucjardi.com\/wp-content\/uploads\/2024\/01\/esquina-tiras-rubielos-600x600-1.jpg\" \/>\n\t<meta property=\"og:image:width\" content=\"600\" \/>\n\t<meta property=\"og:image:height\" content=\"600\" \/>\n\t<meta property=\"og:image:type\" content=\"image\/jpeg\" \/>\n<meta name=\"twitter:card\" content=\"summary_large_image\" \/>\n<meta name=\"twitter:label1\" content=\"Dur\u00e9e de lecture estim\u00e9e\" \/>\n\t<meta name=\"twitter:data1\" content=\"2 minutes\" \/>\n<script type=\"application\/ld+json\" class=\"yoast-schema-graph\">{\"@context\":\"https:\\\/\\\/schema.org\",\"@graph\":[{\"@type\":\"WebPage\",\"@id\":\"https:\\\/\\\/www.brucjardi.com\\\/fr\\\/producto\\\/angle-parement-bande-rubielos\\\/\",\"url\":\"https:\\\/\\\/www.brucjardi.com\\\/fr\\\/producto\\\/angle-parement-bande-rubielos\\\/\",\"name\":\"Angle parement bande rubielos - Bruc Jard\u00ed\",\"isPartOf\":{\"@id\":\"https:\\\/\\\/www.brucjardi.com\\\/fr\\\/#website\"},\"primaryImageOfPage\":{\"@id\":\"https:\\\/\\\/www.brucjardi.com\\\/fr\\\/producto\\\/angle-parement-bande-rubielos\\\/#primaryimage\"},\"image\":{\"@id\":\"https:\\\/\\\/www.brucjardi.com\\\/fr\\\/producto\\\/angle-parement-bande-rubielos\\\/#primaryimage\"},\"thumbnailUrl\":\"https:\\\/\\\/www.brucjardi.com\\\/wp-content\\\/uploads\\\/2024\\\/01\\\/esquina-tiras-rubielos-600x600-1.jpg\",\"datePublished\":\"2024-01-24T07:15:55+00:00\",\"dateModified\":\"2024-12-23T10:36:16+00:00\",\"description\":\"L'angle parement bande rubielos de Bruc Jard\u00ed est une pierre calcaire originaire d'Europe. Elle pr\u00e9sente une surface rugueuse et une finition naturelle.\",\"breadcrumb\":{\"@id\":\"https:\\\/\\\/www.brucjardi.com\\\/fr\\\/producto\\\/angle-parement-bande-rubielos\\\/#breadcrumb\"},\"inLanguage\":\"fr-FR\",\"potentialAction\":[{\"@type\":\"ReadAction\",\"target\":[\"https:\\\/\\\/www.brucjardi.com\\\/fr\\\/producto\\\/angle-parement-bande-rubielos\\\/\"]}]},{\"@type\":\"ImageObject\",\"inLanguage\":\"fr-FR\",\"@id\":\"https:\\\/\\\/www.brucjardi.com\\\/fr\\\/producto\\\/angle-parement-bande-rubielos\\\/#primaryimage\",\"url\":\"https:\\\/\\\/www.brucjardi.com\\\/wp-content\\\/uploads\\\/2024\\\/01\\\/esquina-tiras-rubielos-600x600-1.jpg\",\"contentUrl\":\"https:\\\/\\\/www.brucjardi.com\\\/wp-content\\\/uploads\\\/2024\\\/01\\\/esquina-tiras-rubielos-600x600-1.jpg\",\"width\":600,\"height\":600,\"caption\":\"Angle parement bande rubielos\"},{\"@type\":\"BreadcrumbList\",\"@id\":\"https:\\\/\\\/www.brucjardi.com\\\/fr\\\/producto\\\/angle-parement-bande-rubielos\\\/#breadcrumb\",\"itemListElement\":[{\"@type\":\"ListItem\",\"position\":1,\"name\":\"Produits\",\"item\":\"https:\\\/\\\/www.brucjardi.com\\\/fr\\\/shop\\\/\"},{\"@type\":\"ListItem\",\"position\":2,\"name\":\"Angle parement bande rubielos\"}]},{\"@type\":\"WebSite\",\"@id\":\"https:\\\/\\\/www.brucjardi.com\\\/fr\\\/#website\",\"url\":\"https:\\\/\\\/www.brucjardi.com\\\/fr\\\/\",\"name\":\"Bruc Jard\u00ed\",\"description\":\"\",\"publisher\":{\"@id\":\"https:\\\/\\\/www.brucjardi.com\\\/fr\\\/#organization\"},\"alternateName\":\"BJ\",\"potentialAction\":[{\"@type\":\"SearchAction\",\"target\":{\"@type\":\"EntryPoint\",\"urlTemplate\":\"https:\\\/\\\/www.brucjardi.com\\\/fr\\\/?s={search_term_string}\"},\"query-input\":{\"@type\":\"PropertyValueSpecification\",\"valueRequired\":true,\"valueName\":\"search_term_string\"}}],\"inLanguage\":\"fr-FR\"},{\"@type\":\"Organization\",\"@id\":\"https:\\\/\\\/www.brucjardi.com\\\/fr\\\/#organization\",\"name\":\"Bruc Jard\u00ed\",\"url\":\"https:\\\/\\\/www.brucjardi.com\\\/fr\\\/\",\"logo\":{\"@type\":\"ImageObject\",\"inLanguage\":\"fr-FR\",\"@id\":\"https:\\\/\\\/www.brucjardi.com\\\/fr\\\/#\\\/schema\\\/logo\\\/image\\\/\",\"url\":\"https:\\\/\\\/www.brucjardi.com\\\/wp-content\\\/uploads\\\/2023\\\/09\\\/logo-BJ.png\",\"contentUrl\":\"https:\\\/\\\/www.brucjardi.com\\\/wp-content\\\/uploads\\\/2023\\\/09\\\/logo-BJ.png\",\"width\":1713,\"height\":1548,\"caption\":\"Bruc Jard\u00ed\"},\"image\":{\"@id\":\"https:\\\/\\\/www.brucjardi.com\\\/fr\\\/#\\\/schema\\\/logo\\\/image\\\/\"},\"sameAs\":[\"https:\\\/\\\/www.facebook.com\\\/p\\\/Bruc-Jard-100064062129504\\\/?paipv=0&eav=AfYBgNTLyCD_XE-2sHqF-2NhCAlhfUu6pU6jIP4Cig42OkIfyGuVIdQjWqlOtRoWBJs&_rdr\",\"https:\\\/\\\/www.instagram.com\\\/brucjardi_oficial\\\/?hl=es\"]}]}<\/script>\n<!-- \/ Yoast SEO plugin. -->","yoast_head_json":{"title":"Angle parement bande rubielos - Bruc Jard\u00ed","description":"L'angle parement bande rubielos de Bruc Jard\u00ed est une pierre calcaire originaire d'Europe. Elle pr\u00e9sente une surface rugueuse et une finition naturelle.","robots":{"index":"index","follow":"follow","max-snippet":"max-snippet:-1","max-image-preview":"max-image-preview:large","max-video-preview":"max-video-preview:-1"},"canonical":"https:\/\/www.brucjardi.com\/fr\/producto\/angle-parement-bande-rubielos\/","og_locale":"fr_FR","og_type":"article","og_title":"Angle parement bande rubielos - Bruc Jard\u00ed","og_description":"L'angle parement bande rubielos de Bruc Jard\u00ed est une pierre calcaire originaire d'Europe. Elle pr\u00e9sente une surface rugueuse et une finition naturelle.","og_url":"https:\/\/www.brucjardi.com\/fr\/producto\/angle-parement-bande-rubielos\/","og_site_name":"Bruc Jard\u00ed","article_publisher":"https:\/\/www.facebook.com\/p\/Bruc-Jard-100064062129504\/?paipv=0&eav=AfYBgNTLyCD_XE-2sHqF-2NhCAlhfUu6pU6jIP4Cig42OkIfyGuVIdQjWqlOtRoWBJs&_rdr","article_modified_time":"2024-12-23T10:36:16+00:00","og_image":[{"width":600,"height":600,"url":"https:\/\/www.brucjardi.com\/wp-content\/uploads\/2024\/01\/esquina-tiras-rubielos-600x600-1.jpg","type":"image\/jpeg"}],"twitter_card":"summary_large_image","twitter_misc":{"Dur\u00e9e de lecture estim\u00e9e":"2 minutes"},"schema":{"@context":"https:\/\/schema.org","@graph":[{"@type":"WebPage","@id":"https:\/\/www.brucjardi.com\/fr\/producto\/angle-parement-bande-rubielos\/","url":"https:\/\/www.brucjardi.com\/fr\/producto\/angle-parement-bande-rubielos\/","name":"Angle parement bande rubielos - Bruc Jard\u00ed","isPartOf":{"@id":"https:\/\/www.brucjardi.com\/fr\/#website"},"primaryImageOfPage":{"@id":"https:\/\/www.brucjardi.com\/fr\/producto\/angle-parement-bande-rubielos\/#primaryimage"},"image":{"@id":"https:\/\/www.brucjardi.com\/fr\/producto\/angle-parement-bande-rubielos\/#primaryimage"},"thumbnailUrl":"https:\/\/www.brucjardi.com\/wp-content\/uploads\/2024\/01\/esquina-tiras-rubielos-600x600-1.jpg","datePublished":"2024-01-24T07:15:55+00:00","dateModified":"2024-12-23T10:36:16+00:00","description":"L'angle parement bande rubielos de Bruc Jard\u00ed est une pierre calcaire originaire d'Europe. Elle pr\u00e9sente une surface rugueuse et une finition naturelle.","breadcrumb":{"@id":"https:\/\/www.brucjardi.com\/fr\/producto\/angle-parement-bande-rubielos\/#breadcrumb"},"inLanguage":"fr-FR","potentialAction":[{"@type":"ReadAction","target":["https:\/\/www.brucjardi.com\/fr\/producto\/angle-parement-bande-rubielos\/"]}]},{"@type":"ImageObject","inLanguage":"fr-FR","@id":"https:\/\/www.brucjardi.com\/fr\/producto\/angle-parement-bande-rubielos\/#primaryimage","url":"https:\/\/www.brucjardi.com\/wp-content\/uploads\/2024\/01\/esquina-tiras-rubielos-600x600-1.jpg","contentUrl":"https:\/\/www.brucjardi.com\/wp-content\/uploads\/2024\/01\/esquina-tiras-rubielos-600x600-1.jpg","width":600,"height":600,"caption":"Angle parement bande rubielos"},{"@type":"BreadcrumbList","@id":"https:\/\/www.brucjardi.com\/fr\/producto\/angle-parement-bande-rubielos\/#breadcrumb","itemListElement":[{"@type":"ListItem","position":1,"name":"Produits","item":"https:\/\/www.brucjardi.com\/fr\/shop\/"},{"@type":"ListItem","position":2,"name":"Angle parement bande rubielos"}]},{"@type":"WebSite","@id":"https:\/\/www.brucjardi.com\/fr\/#website","url":"https:\/\/www.brucjardi.com\/fr\/","name":"Bruc Jard\u00ed","description":"","publisher":{"@id":"https:\/\/www.brucjardi.com\/fr\/#organization"},"alternateName":"BJ","potentialAction":[{"@type":"SearchAction","target":{"@type":"EntryPoint","urlTemplate":"https:\/\/www.brucjardi.com\/fr\/?s={search_term_string}"},"query-input":{"@type":"PropertyValueSpecification","valueRequired":true,"valueName":"search_term_string"}}],"inLanguage":"fr-FR"},{"@type":"Organization","@id":"https:\/\/www.brucjardi.com\/fr\/#organization","name":"Bruc Jard\u00ed","url":"https:\/\/www.brucjardi.com\/fr\/","logo":{"@type":"ImageObject","inLanguage":"fr-FR","@id":"https:\/\/www.brucjardi.com\/fr\/#\/schema\/logo\/image\/","url":"https:\/\/www.brucjardi.com\/wp-content\/uploads\/2023\/09\/logo-BJ.png","contentUrl":"https:\/\/www.brucjardi.com\/wp-content\/uploads\/2023\/09\/logo-BJ.png","width":1713,"height":1548,"caption":"Bruc Jard\u00ed"},"image":{"@id":"https:\/\/www.brucjardi.com\/fr\/#\/schema\/logo\/image\/"},"sameAs":["https:\/\/www.facebook.com\/p\/Bruc-Jard-100064062129504\/?paipv=0&eav=AfYBgNTLyCD_XE-2sHqF-2NhCAlhfUu6pU6jIP4Cig42OkIfyGuVIdQjWqlOtRoWBJs&_rdr","https:\/\/www.instagram.com\/brucjardi_oficial\/?hl=es"]}]}},"_links":{"self":[{"href":"https:\/\/www.brucjardi.com\/fr\/wp-json\/wp\/v2\/product\/9928","targetHints":{"allow":["GET"]}}],"collection":[{"href":"https:\/\/www.brucjardi.com\/fr\/wp-json\/wp\/v2\/product"}],"about":[{"href":"https:\/\/www.brucjardi.com\/fr\/wp-json\/wp\/v2\/types\/product"}],"wp:featuredmedia":[{"embeddable":true,"href":"https:\/\/www.brucjardi.com\/fr\/wp-json\/wp\/v2\/media\/8764"}],"wp:attachment":[{"href":"https:\/\/www.brucjardi.com\/fr\/wp-json\/wp\/v2\/media?parent=9928"}],"wp:term":[{"taxonomy":"product_brand","embeddable":true,"href":"https:\/\/www.brucjardi.com\/fr\/wp-json\/wp\/v2\/product_brand?post=9928"},{"taxonomy":"product_cat","embeddable":true,"href":"https:\/\/www.brucjardi.com\/fr\/wp-json\/wp\/v2\/product_cat?post=9928"},{"taxonomy":"product_tag","embeddable":true,"href":"https:\/\/www.brucjardi.com\/fr\/wp-json\/wp\/v2\/product_tag?post=9928"}],"curies":[{"name":"wp","href":"https:\/\/api.w.org\/{rel}","templated":true}]}}